{"id":1461,"date":"2026-01-27T08:42:04","date_gmt":"2026-01-27T08:42:04","guid":{"rendered":"https:\/\/luckycaponecasino.com\/login-and-registration\/"},"modified":"2026-01-27T12:24:10","modified_gmt":"2026-01-27T12:24:10","slug":"logowanie-i-rejestracja","status":"publish","type":"page","link":"https:\/\/luckycaponecasino.com\/pl\/logowanie-i-rejestracja\/","title":{"rendered":"Logowanie i rejestracja"},"content":{"rendered":"<h1>Proces logowania i rejestracji w Luckycapone<\/h1>\n<p>Proces Luckycapone login mo\u017cna szybko zako\u0144czy\u0107 zar\u00f3wno na komputerze stacjonarnym, jak i na urz\u0105dzeniach mobilnych. Gracze z Polski musz\u0105 si\u0119 zarejestrowa\u0107 i zalogowa\u0107, zanim b\u0119d\u0105 mogli korzysta\u0107 z kasyna. Zarejestrowani u\u017cytkownicy mog\u0105 zarz\u0105dza\u0107 swoimi profilami, gra\u0107 w gry i korzysta\u0107 ze wszystkich funkcji platformy.<\/p>\n<p><div class=\"banner-wrap\" aria-label=\"Banner\"><img src=\"https:\/\/luckycaponecasino.com\/wp-content\/uploads\/2026\/01\/Luckycapone-banner.webp\" class=\"w-100 d-none d-lg-block img-pc main-banner-img\" alt=\"Luckycapone banner\" fetchpriority=\"high\" decoding=\"async\"><img src=\"https:\/\/luckycaponecasino.com\/wp-content\/uploads\/2026\/01\/Mobile-banner.webp\" class=\"w-100 d-none d-md-block d-lg-none main-banner-img\" alt=\"Mobile banner\" fetchpriority=\"high\" decoding=\"async\"><img src=\"https:\/\/luckycaponecasino.com\/wp-content\/uploads\/2026\/01\/Mobile-banner.webp\" class=\"w-100 d-md-none\" alt=\"Mobile banner\" fetchpriority=\"high\" decoding=\"async\"><div class=\"banner-description\">\n<div class=\"banner-title\">Bonusy powitalne<\/div>\n<p class=\"banner-header-title\">1500 \u20ac<\/p>\n<div class=\"banner-header-AdditionalText\">+ 250 Darmowe spiny<\/div>\n<button data-item=\"homepage_banner_link\" class=\"goto m-button m-gradient-border m-button--primary m-button--large banner-button btn-orange\">\n            <div class=\"m-button-content\">\n                <span>Zarejestruj si\u0119 teraz<\/span>\n                <span><\/span>\n            <\/div>\n        <\/button>\n<\/div>\n<div class=\"WelcomePack\">\n<p><img loading=\"lazy\" decoding=\"async\" class=\"alignnone size-full wp-image-1335\" src=\"https:\/\/luckycaponecasino.com\/wp-content\/uploads\/2026\/01\/welcome-crown.png\" alt=\"welcome crown\" width=\"25\" height=\"26\" \/><\/p>\n<div class=\"WelcomePack-Info\">Cotygodniowy zwrot got\u00f3wki do 25%<\/div>\n<p><img loading=\"lazy\" decoding=\"async\" class=\"alignnone size-full wp-image-1335\" src=\"https:\/\/luckycaponecasino.com\/wp-content\/uploads\/2026\/01\/welcome-crown.png\" alt=\"welcome crown\" width=\"25\" height=\"26\" \/><\/p>\n<\/div>\n<\/div><div class=\"scrollable-content-wrap my-5\"><div class=\"scrollable-content-inner\"><h2>Dlaczego weryfikacja ma znaczenie dla bezpiecze\u0144stwa graczy<\/h2>\n<p>Proces weryfikacji w Lucky Capone jest kluczowym elementem zapewnienia bezpiecze\u0144stwa graczom. Weryfikujemy imi\u0119 i nazwisko, adres oraz informacje dotycz\u0105ce p\u0142atno\u015bci ka\u017cdego gracza, aby zapobiec oszustwom i nieautoryzowanemu dost\u0119powi. Proces ten potwierdza r\u00f3wnie\u017c zgodno\u015b\u0107 z wymogami licencyjnymi. Tylko zweryfikowane konta maj\u0105 dost\u0119p do wszystkich funkcji finansowych. Po weryfikacji konta gracze mog\u0105 wyp\u0142aca\u0107 swoje wygrane i korzysta\u0107 z funduszy bonusowych.<\/p>\n<p>Aby zako\u0144czy\u0107 weryfikacj\u0119, gracze musz\u0105 po prostu przes\u0142a\u0107 dokumenty. Nale\u017cy przes\u0142a\u0107 wyra\u017ane kopie dokument\u00f3w potwierdzaj\u0105cych to\u017csamo\u015b\u0107 lub adres. Dokumenty s\u0105 zazwyczaj sprawdzane przez nasz zesp\u00f3\u0142 w ci\u0105gu 48 godzin. Weryfikacja pomaga nam zapewni\u0107 bezpiecze\u0144stwo wszystkim graczom Luckycapone.<\/p>\n<h2>Zarejestruj si\u0119 w Luckycapone<\/h2>\n<p>Rejestracja w Luckycapone zapewnia pe\u0142ny dost\u0119p do kasyna. Po rejestracji u\u017cytkownicy mog\u0105 gra\u0107, otrzymywa\u0107 bonusy, bra\u0107 udzia\u0142 w turniejach i zarz\u0105dza\u0107 swoimi kontami. Chronimy wszystkich zarejestrowanych u\u017cytkownik\u00f3w, zabezpieczaj\u0105c ich dzia\u0142ania zwi\u0105zane z gr\u0105, wp\u0142aty i wyp\u0142aty. Po rejestracji u\u017cytkownicy Luckycapone mog\u0105 bra\u0107 udzia\u0142 w turniejach i otrzymywa\u0107 przywileje VIP.<\/p>\n<h3>Jak skonfigurowa\u0107 sw\u00f3j profil<\/h3>\n<ol>\n<li>Kliknij przycisk \u201eZarejestruj si\u0119\u201d na stronie g\u0142\u00f3wnej kasyna Luckycapone.<\/li>\n<li>Wprowad\u017a sw\u00f3j adres e-mail i utw\u00f3rz has\u0142o.<\/li>\n<li>Zaakceptuj Polityk\u0119 prywatno\u015bci i warunki u\u017cytkowania.<\/li>\n<li>Potwierd\u017a rejestracj\u0119 poprzez e-mail aktywacyjny.<\/li>\n<li>Zaloguj si\u0119 na swoje konto.<\/li>\n<\/ol>\n<h3>Typowe problemy podczas konfiguracji konta i sposoby ich unikni\u0119cia<\/h3>\n<p>Niekt\u00f3rzy u\u017cytkownicy mog\u0105 mie\u0107 problemy z rejestracj\u0105 lub procesem logowania do Luckycapone. Gracze mog\u0105 napotka\u0107 takie problemy, jak nieprawid\u0142owe adresy e-mail, s\u0142abe has\u0142a, op\u00f3\u017anienia w dostarczaniu wiadomo\u015bci e-mail z linkiem aktywacyjnym i inne. Aby unikn\u0105\u0107 problem\u00f3w, sprawd\u017a swoje dane. Je\u015bli napotkasz jakiekolwiek trudno\u015bci, nasz zesp\u00f3\u0142 pomocy technicznej dost\u0119pny 24 godziny na dob\u0119, 7 dni w tygodniu, jest gotowy do pomocy.<\/p>\n<h2>Zaloguj si\u0119 na konto Lucky Capone<\/h2>\n<p>Proces logowania do Lucky Capone zapewnia pe\u0142ny dost\u0119p do wszystkich funkcji kasyna i spersonalizowanych narz\u0119dzi. System logowania zosta\u0142 zaprojektowany tak, aby by\u0142 prosty i w pe\u0142ni funkcjonalny na komputerach stacjonarnych, urz\u0105dzeniach mobilnych oraz w aplikacji. Po zalogowaniu si\u0119 do Luckycapone gracze mog\u0105 korzysta\u0107 z kasyna, na przyk\u0142ad gra\u0107 w gry, zarz\u0105dza\u0107 ustawieniami konta, zako\u0144czy\u0107 proces weryfikacji i \u015bledzi\u0107 swoj\u0105 aktywno\u015b\u0107 w grach.<\/p>\n<p>Jak zalogowa\u0107 si\u0119 na swoje konto Lucky Capone:<\/p>\n<ol>\n<li>Kliknij przycisk logowania.<\/li>\n<li>Wprowad\u017a adres e-mail powi\u0105zany z Twoim kontem.<\/li>\n<li>Wprowad\u017a swoje has\u0142o.<\/li>\n<li>Wybierz opcj\u0119 \u201eZaloguj si\u0119\u201d.<\/li>\n<\/ol>\n<h2>Zarz\u0105dzanie preferencjami profilu i danymi osobowymi<\/h2>\n<p>Zarz\u0105dzanie ustawieniami profilu i danymi osobowymi w Lucky Capone jest \u0142atwe do kontrolowania z poziomu konta osobistego. Po rejestracji gracze mog\u0105 aktualizowa\u0107 swoje dane osobowe i wiele wi\u0119cej. Kasyno Luckycapone obs\u0142uguje nowoczesne metody bezpiecze\u0144stwa, takie jak procedury weryfikacyjne i szyfrowane przetwarzanie danych. Gracze mog\u0105 r\u00f3wnie\u017c aktywowa\u0107 narz\u0119dzia odpowiedzialnej gry: limity wp\u0142at, limity czasowe lub samowykluczenie.<\/p>\n<p>Z poziomu konta mo\u017cna zarz\u0105dza\u0107 transakcjami i bonusami, a tak\u017ce bra\u0107 udzia\u0142 w turniejach. W sekcji profilu mo\u017cna uzyska\u0107 dost\u0119p do historii gier i \u015bledzi\u0107 swoje wyniki. Je\u015bli potrzebujesz pomocy, nasze wieloj\u0119zyczne wsparcie techniczne jest dost\u0119pne za po\u015brednictwem czatu na \u017cywo lub poczty elektronicznej.<\/p>\n<h3>Rozwi\u0105zywanie problem\u00f3w z logowaniem i dost\u0119pem<\/h3>\n<p>Problemy z logowaniem do serwisu Luckycapone lub b\u0142\u0119dy dost\u0119pu mo\u017cna szybko rozwi\u0105za\u0107 za pomoc\u0105 wbudowanych narz\u0119dzi odzyskiwania. Je\u015bli zapomnia\u0142e\u015b has\u0142a lub nie mo\u017cesz uzyska\u0107 dost\u0119pu do swojego konta, skorzystaj z opcji resetowania has\u0142a. Opcja resetowania has\u0142a przywraca dost\u0119p w zaledwie kilku krokach.<\/p>\n<ol>\n<li>Otw\u00f3rz stron\u0119 logowania Luckycapone.<\/li>\n<li>Kliknij \u201eNie pami\u0119tasz has\u0142a?\u201d.<\/li>\n<li>Wprowad\u017a adres e-mail powi\u0105zany z Twoim kontem.<\/li>\n<li>Kliknij link z wiadomo\u015bci e-mail dotycz\u0105cej resetowania has\u0142a i utw\u00f3rz nowe has\u0142o.<\/li>\n<li>Zaloguj si\u0119 przy u\u017cyciu nowego has\u0142a.<\/li>\n<\/ol>\n<h2>FAQ<\/h2>\n<h3>Jak d\u0142ugo trwa weryfikacja to\u017csamo\u015bci po przes\u0142aniu dokument\u00f3w?<\/h3>\n<p>Weryfikacja to\u017csamo\u015bci w Luckycapone trwa zazwyczaj do 48 godzin. Cz\u0119sto trwa kr\u00f3cej, je\u015bli dokumenty s\u0105 dobrej jako\u015bci. Nasz zesp\u00f3\u0142 dok\u0142adnie sprawdza informacje, aby zwi\u0119kszy\u0107 bezpiecze\u0144stwo. Gracze otrzymuj\u0105 powiadomienie po zako\u0144czeniu weryfikacji.<\/p>\n<h3>Czy po utworzeniu profilu mo\u017cna zmieni\u0107 dane osobowe?<\/h3>\n<p>Tak, dane osobowe mo\u017cna aktualizowa\u0107 po utworzeniu profilu. Gracze mog\u0105 edytowa\u0107 swoje dane kontaktowe i ustawienia konta w sekcji profilu. Je\u015bli zmiany dotycz\u0105 danych poufnych, takich jak imi\u0119 i nazwisko, mo\u017ce by\u0107 wymagana dodatkowa weryfikacja. W takich przypadkach mo\u017cna skontaktowa\u0107 si\u0119 z zespo\u0142em pomocy technicznej Lucky Capone.<\/p>\n<h3>Czy istniej\u0105 dodatkowe opcje odzyskiwania has\u0142a opr\u00f3cz wiadomo\u015bci e-mail?<\/h3>\n<p>E-mail jest podstawowym sposobem odzyskiwania has\u0142a w kasynie Luckycapone. Zapewnia to bezpieczn\u0105 procedur\u0119 odzyskiwania. Je\u015bli gracz nie ma dost\u0119pu do swojej poczty e-mail, nasz zesp\u00f3\u0142 pomocy technicznej mo\u017ce pom\u00f3c w weryfikacji jego to\u017csamo\u015bci i przywr\u00f3ceniu dost\u0119pu.<\/p>\n<\/div><\/div><\/p>\n","protected":false},"excerpt":{"rendered":"<p>Proces logowania i rejestracji w Luckycapone Proces Luckycapone login mo\u017cna szybko zako\u0144czy\u0107 zar\u00f3wno na komputerze stacjonarnym, jak i na urz\u0105dzeniach mobilnych. Gracze z Polski musz\u0105 si\u0119 zarejestrowa\u0107 i zalogowa\u0107, zanim b\u0119d\u0105 mogli korzysta\u0107 z kasyna. Zarejestrowani u\u017cytkownicy mog\u0105 zarz\u0105dza\u0107 swoimi profilami, gra\u0107 w gry i korzysta\u0107 ze wszystkich funkcji platformy.<\/p>\n","protected":false},"author":1,"featured_media":0,"parent":0,"menu_order":0,"comment_status":"closed","ping_status":"closed","template":"template-builder.php","meta":{"_acf_changed":false,"inline_featured_image":false,"footnotes":""},"class_list":["post-1461","page","type-page","status-publish","hentry"],"acf":[],"yoast_head":"<!-- This site is optimized with the Yoast SEO plugin v27.3 - https:\/\/yoast.com\/product\/yoast-seo-wordpress\/ -->\n<title>Luckycapone Login i rejestracja<\/title>\n<meta name=\"description\" content=\"Lucky Capone login zapewnia graczom bezpieczny dost\u0119p do osobistego panelu, gdzie mog\u0105 zarz\u0105dza\u0107 bonusami, depozytami i danymi konta. Wszystkie ustawienia profilu, kroki weryfikacji i opcje p\u0142atno\u015bci s\u0105 dost\u0119pne w jednym miejscu.\" \/>\n<meta name=\"robots\" content=\"index, follow, max-snippet:-1, max-image-preview:large, max-video-preview:-1\" \/>\n<link rel=\"canonical\" href=\"https:\/\/luckycaponecasino.com\/pl\/logowanie-i-rejestracja\/\" \/>\n<meta property=\"og:locale\" content=\"pl_PL\" \/>\n<meta property=\"og:type\" content=\"article\" \/>\n<meta property=\"og:title\" content=\"Luckycapone Login i rejestracja\" \/>\n<meta property=\"og:description\" content=\"Lucky Capone login zapewnia graczom bezpieczny dost\u0119p do osobistego panelu, gdzie mog\u0105 zarz\u0105dza\u0107 bonusami, depozytami i danymi konta. Wszystkie ustawienia profilu, kroki weryfikacji i opcje p\u0142atno\u015bci s\u0105 dost\u0119pne w jednym miejscu.\" \/>\n<meta property=\"og:url\" content=\"https:\/\/luckycaponecasino.com\/pl\/logowanie-i-rejestracja\/\" \/>\n<meta property=\"og:site_name\" content=\"luckycapone\" \/>\n<meta property=\"article:modified_time\" content=\"2026-01-27T12:24:10+00:00\" \/>\n<meta name=\"twitter:card\" content=\"summary_large_image\" \/>\n<meta name=\"twitter:label1\" content=\"Est. reading time\" \/>\n\t<meta name=\"twitter:data1\" content=\"1 minuta\" \/>\n<script type=\"application\/ld+json\" class=\"yoast-schema-graph\">{\"@context\":\"https:\\\/\\\/schema.org\",\"@graph\":[{\"@type\":\"WebPage\",\"@id\":\"https:\\\/\\\/luckycaponecasino.com\\\/pl\\\/logowanie-i-rejestracja\\\/\",\"url\":\"https:\\\/\\\/luckycaponecasino.com\\\/pl\\\/logowanie-i-rejestracja\\\/\",\"name\":\"Luckycapone Login i rejestracja\",\"isPartOf\":{\"@id\":\"https:\\\/\\\/luckycaponecasino.com\\\/pl\\\/#website\"},\"datePublished\":\"2026-01-27T08:42:04+00:00\",\"dateModified\":\"2026-01-27T12:24:10+00:00\",\"description\":\"Lucky Capone login zapewnia graczom bezpieczny dost\u0119p do osobistego panelu, gdzie mog\u0105 zarz\u0105dza\u0107 bonusami, depozytami i danymi konta. Wszystkie ustawienia profilu, kroki weryfikacji i opcje p\u0142atno\u015bci s\u0105 dost\u0119pne w jednym miejscu.\",\"breadcrumb\":{\"@id\":\"https:\\\/\\\/luckycaponecasino.com\\\/pl\\\/logowanie-i-rejestracja\\\/#breadcrumb\"},\"inLanguage\":\"pl-PL\",\"potentialAction\":[{\"@type\":\"ReadAction\",\"target\":[\"https:\\\/\\\/luckycaponecasino.com\\\/pl\\\/logowanie-i-rejestracja\\\/\"]}]},{\"@type\":\"BreadcrumbList\",\"@id\":\"https:\\\/\\\/luckycaponecasino.com\\\/pl\\\/logowanie-i-rejestracja\\\/#breadcrumb\",\"itemListElement\":[{\"@type\":\"ListItem\",\"position\":1,\"name\":\"Luckycapone\",\"item\":\"https:\\\/\\\/luckycaponecasino.com\\\/pl\\\/\"},{\"@type\":\"ListItem\",\"position\":2,\"name\":\"Logowanie i rejestracja\"}]},{\"@type\":\"WebSite\",\"@id\":\"https:\\\/\\\/luckycaponecasino.com\\\/pl\\\/#website\",\"url\":\"https:\\\/\\\/luckycaponecasino.com\\\/pl\\\/\",\"name\":\"Luckycapone\",\"description\":\"\",\"publisher\":{\"@id\":\"https:\\\/\\\/luckycaponecasino.com\\\/pl\\\/#organization\"},\"potentialAction\":[{\"@type\":\"SearchAction\",\"target\":{\"@type\":\"EntryPoint\",\"urlTemplate\":\"https:\\\/\\\/luckycaponecasino.com\\\/pl\\\/?s={search_term_string}\"},\"query-input\":{\"@type\":\"PropertyValueSpecification\",\"valueRequired\":true,\"valueName\":\"search_term_string\"}}],\"inLanguage\":\"pl-PL\"},{\"@type\":\"Organization\",\"@id\":\"https:\\\/\\\/luckycaponecasino.com\\\/pl\\\/#organization\",\"name\":\"Luckycapone\",\"url\":\"https:\\\/\\\/luckycaponecasino.com\\\/pl\\\/\",\"logo\":{\"@type\":\"ImageObject\",\"inLanguage\":\"pl-PL\",\"@id\":\"https:\\\/\\\/luckycaponecasino.com\\\/pl\\\/#\\\/schema\\\/logo\\\/image\\\/\",\"url\":\"https:\\\/\\\/luckycaponecasino.com\\\/wp-content\\\/uploads\\\/2026\\\/01\\\/logo-luckycapone.png\",\"contentUrl\":\"https:\\\/\\\/luckycaponecasino.com\\\/wp-content\\\/uploads\\\/2026\\\/01\\\/logo-luckycapone.png\",\"width\":70,\"height\":24,\"caption\":\"Luckycapone\"},\"image\":{\"@id\":\"https:\\\/\\\/luckycaponecasino.com\\\/pl\\\/#\\\/schema\\\/logo\\\/image\\\/\"}}]}<\/script>\n<!-- \/ Yoast SEO plugin. -->","yoast_head_json":{"title":"Luckycapone Login i rejestracja","description":"Lucky Capone login zapewnia graczom bezpieczny dost\u0119p do osobistego panelu, gdzie mog\u0105 zarz\u0105dza\u0107 bonusami, depozytami i danymi konta. Wszystkie ustawienia profilu, kroki weryfikacji i opcje p\u0142atno\u015bci s\u0105 dost\u0119pne w jednym miejscu.","robots":{"index":"index","follow":"follow","max-snippet":"max-snippet:-1","max-image-preview":"max-image-preview:large","max-video-preview":"max-video-preview:-1"},"canonical":"https:\/\/luckycaponecasino.com\/pl\/logowanie-i-rejestracja\/","og_locale":"pl_PL","og_type":"article","og_title":"Luckycapone Login i rejestracja","og_description":"Lucky Capone login zapewnia graczom bezpieczny dost\u0119p do osobistego panelu, gdzie mog\u0105 zarz\u0105dza\u0107 bonusami, depozytami i danymi konta. Wszystkie ustawienia profilu, kroki weryfikacji i opcje p\u0142atno\u015bci s\u0105 dost\u0119pne w jednym miejscu.","og_url":"https:\/\/luckycaponecasino.com\/pl\/logowanie-i-rejestracja\/","og_site_name":"luckycapone","article_modified_time":"2026-01-27T12:24:10+00:00","twitter_card":"summary_large_image","twitter_misc":{"Est. reading time":"1 minuta"},"schema":{"@context":"https:\/\/schema.org","@graph":[{"@type":"WebPage","@id":"https:\/\/luckycaponecasino.com\/pl\/logowanie-i-rejestracja\/","url":"https:\/\/luckycaponecasino.com\/pl\/logowanie-i-rejestracja\/","name":"Luckycapone Login i rejestracja","isPartOf":{"@id":"https:\/\/luckycaponecasino.com\/pl\/#website"},"datePublished":"2026-01-27T08:42:04+00:00","dateModified":"2026-01-27T12:24:10+00:00","description":"Lucky Capone login zapewnia graczom bezpieczny dost\u0119p do osobistego panelu, gdzie mog\u0105 zarz\u0105dza\u0107 bonusami, depozytami i danymi konta. Wszystkie ustawienia profilu, kroki weryfikacji i opcje p\u0142atno\u015bci s\u0105 dost\u0119pne w jednym miejscu.","breadcrumb":{"@id":"https:\/\/luckycaponecasino.com\/pl\/logowanie-i-rejestracja\/#breadcrumb"},"inLanguage":"pl-PL","potentialAction":[{"@type":"ReadAction","target":["https:\/\/luckycaponecasino.com\/pl\/logowanie-i-rejestracja\/"]}]},{"@type":"BreadcrumbList","@id":"https:\/\/luckycaponecasino.com\/pl\/logowanie-i-rejestracja\/#breadcrumb","itemListElement":[{"@type":"ListItem","position":1,"name":"Luckycapone","item":"https:\/\/luckycaponecasino.com\/pl\/"},{"@type":"ListItem","position":2,"name":"Logowanie i rejestracja"}]},{"@type":"WebSite","@id":"https:\/\/luckycaponecasino.com\/pl\/#website","url":"https:\/\/luckycaponecasino.com\/pl\/","name":"Luckycapone","description":"","publisher":{"@id":"https:\/\/luckycaponecasino.com\/pl\/#organization"},"potentialAction":[{"@type":"SearchAction","target":{"@type":"EntryPoint","urlTemplate":"https:\/\/luckycaponecasino.com\/pl\/?s={search_term_string}"},"query-input":{"@type":"PropertyValueSpecification","valueRequired":true,"valueName":"search_term_string"}}],"inLanguage":"pl-PL"},{"@type":"Organization","@id":"https:\/\/luckycaponecasino.com\/pl\/#organization","name":"Luckycapone","url":"https:\/\/luckycaponecasino.com\/pl\/","logo":{"@type":"ImageObject","inLanguage":"pl-PL","@id":"https:\/\/luckycaponecasino.com\/pl\/#\/schema\/logo\/image\/","url":"https:\/\/luckycaponecasino.com\/wp-content\/uploads\/2026\/01\/logo-luckycapone.png","contentUrl":"https:\/\/luckycaponecasino.com\/wp-content\/uploads\/2026\/01\/logo-luckycapone.png","width":70,"height":24,"caption":"Luckycapone"},"image":{"@id":"https:\/\/luckycaponecasino.com\/pl\/#\/schema\/logo\/image\/"}}]}},"_links":{"self":[{"href":"https:\/\/luckycaponecasino.com\/pl\/wp-json\/wp\/v2\/pages\/1461","targetHints":{"allow":["GET"]}}],"collection":[{"href":"https:\/\/luckycaponecasino.com\/pl\/wp-json\/wp\/v2\/pages"}],"about":[{"href":"https:\/\/luckycaponecasino.com\/pl\/wp-json\/wp\/v2\/types\/page"}],"author":[{"embeddable":true,"href":"https:\/\/luckycaponecasino.com\/pl\/wp-json\/wp\/v2\/users\/1"}],"replies":[{"embeddable":true,"href":"https:\/\/luckycaponecasino.com\/pl\/wp-json\/wp\/v2\/comments?post=1461"}],"version-history":[{"count":2,"href":"https:\/\/luckycaponecasino.com\/pl\/wp-json\/wp\/v2\/pages\/1461\/revisions"}],"predecessor-version":[{"id":1769,"href":"https:\/\/luckycaponecasino.com\/pl\/wp-json\/wp\/v2\/pages\/1461\/revisions\/1769"}],"wp:attachment":[{"href":"https:\/\/luckycaponecasino.com\/pl\/wp-json\/wp\/v2\/media?parent=1461"}],"curies":[{"name":"wp","href":"https:\/\/api.w.org\/{rel}","templated":true}]}}