{"id":1422,"date":"2026-01-27T08:40:06","date_gmt":"2026-01-27T08:40:06","guid":{"rendered":"https:\/\/luckycaponecasino.com\/app\/"},"modified":"2026-01-27T12:22:53","modified_gmt":"2026-01-27T12:22:53","slug":"aplikacja","status":"publish","type":"page","link":"https:\/\/luckycaponecasino.com\/pl\/aplikacja\/","title":{"rendered":"Aplikacja"},"content":{"rendered":"<h1>Aplikacja mobilna Luckycapone<\/h1>\n<p>Luckycapone app posiada wszystkie funkcje kasyna w formacie mobilnym. Oprogramowanie Luckycapone zapewnia pe\u0142ny dost\u0119p do niesamowitych gier i hojnych bonus\u00f3w dost\u0119pnych w wersjach na komputery PC i przegl\u0105darki internetowe. Zosta\u0142o zaprojektowane z my\u015bl\u0105 o najwy\u017cszej wydajno\u015bci. Polscy gracze mog\u0105 korzysta\u0107 ze wszystkich narz\u0119dzi kasyna za po\u015brednictwem aplikacji Luckycapone bez \u017cadnych ogranicze\u0144.<\/p>\n<p><div class=\"banner-wrap\" aria-label=\"Banner\"><img src=\"https:\/\/luckycaponecasino.com\/wp-content\/uploads\/2026\/01\/Luckycapone-banner.webp\" class=\"w-100 d-none d-lg-block img-pc main-banner-img\" alt=\"Luckycapone banner\" fetchpriority=\"high\" decoding=\"async\"><img src=\"https:\/\/luckycaponecasino.com\/wp-content\/uploads\/2026\/01\/Mobile-banner.webp\" class=\"w-100 d-none d-md-block d-lg-none main-banner-img\" alt=\"Mobile banner\" fetchpriority=\"high\" decoding=\"async\"><img src=\"https:\/\/luckycaponecasino.com\/wp-content\/uploads\/2026\/01\/Mobile-banner.webp\" class=\"w-100 d-md-none\" alt=\"Mobile banner\" fetchpriority=\"high\" decoding=\"async\"><div class=\"banner-description\">\n<div class=\"banner-title\">Bonusy powitalne<\/div>\n<p class=\"banner-header-title\">1500 \u20ac<\/p>\n<div class=\"banner-header-AdditionalText\">+ 250 Darmowe spiny<\/div>\n<button data-item=\"homepage_banner_link\" class=\"goto m-button m-gradient-border m-button--primary m-button--large banner-button btn-orange\">\n            <div class=\"m-button-content\">\n                <span>Zarejestruj si\u0119 teraz<\/span>\n                <span><\/span>\n            <\/div>\n        <\/button>\n<\/div>\n<div class=\"WelcomePack\">\n<p><img loading=\"lazy\" decoding=\"async\" class=\"alignnone size-full wp-image-1335\" src=\"https:\/\/luckycaponecasino.com\/wp-content\/uploads\/2026\/01\/welcome-crown.png\" alt=\"welcome crown\" width=\"25\" height=\"26\" \/><\/p>\n<div class=\"WelcomePack-Info\">Cotygodniowy zwrot got\u00f3wki do 25%<\/div>\n<p><img loading=\"lazy\" decoding=\"async\" class=\"alignnone size-full wp-image-1335\" src=\"https:\/\/luckycaponecasino.com\/wp-content\/uploads\/2026\/01\/welcome-crown.png\" alt=\"welcome crown\" width=\"25\" height=\"26\" \/><\/p>\n<\/div>\n<\/div><div class=\"scrollable-content-wrap my-5\"><div class=\"scrollable-content-inner\"><h2>Pobierz Luckycapone na komputer<\/h2>\n<p>Aplikacja Luckycapone na komputery stacjonarne zapewnia graczom szybki dost\u0119p do kasyna bez konieczno\u015bci instalacji. Aplikacja na komputery stacjonarne jest kompatybilna zar\u00f3wno z systemem Windows, jak i Mac i dzia\u0142a jak aplikacja internetowa. Nasz\u0105 aplikacj\u0119 internetow\u0105 mo\u017cna doda\u0107 jako skr\u00f3t na pulpicie. Po utworzeniu skr\u00f3t ten otwiera Luckycapone jako oddzieln\u0105 aplikacj\u0119 za pomoc\u0105 jednego klikni\u0119cia.<\/p>\n<p>Wersja na komputery stacjonarne jest w pe\u0142ni zoptymalizowana pod k\u0105tem du\u017cych ekran\u00f3w i dzia\u0142a z wysokiej jako\u015bci grafik\u0105 i strumieniowaniem. Gracze maj\u0105 pe\u0142ny dost\u0119p do kasyna: mog\u0105 gra\u0107 w gry i zarz\u0105dza\u0107 swoimi kontami, ciesz\u0105c si\u0119 tym samym do\u015bwiadczeniem z gry. Luckycapone na komputery stacjonarne oferuje te same funkcje, co wersja przegl\u0105darkowa i mobilna, ale z wygod\u0105 komputera stacjonarnego.<\/p>\n<p><img loading=\"lazy\" decoding=\"async\" src=\"https:\/\/luckycaponecasino.com\/wp-content\/uploads\/2026\/01\/Luckycapone-Desktop.webp\" alt=\"Luckycapone Desktop\" width=\"1248\" height=\"536\" \/><\/p>\n<\/div><\/div><div style=\"clear: both\"><\/div><div class=\"d-flex justify-content-center\"><button data-item=\"decouvrez_link\" data-group=\"website_links\" class=\"goto fw-bold rounded-pill btn btn-orange\" aria-label=\"Pobierz aplikacj\u0119 Luckycapone\" >Pobierz aplikacj\u0119 Luckycapone<\/button><\/div><div class=\"scrollable-content-wrap my-5\"><div class=\"scrollable-content-inner\"><h2>Aplikacja Lucky Capone na urz\u0105dzenia z systemem Android<\/h2>\n<p>Aplikacja Lucky\u0441apone na urz\u0105dzenia z systemem Android zapewnia szybki dost\u0119p do kasyna. Aplikacja zosta\u0142a zaprojektowana jako nowoczesna aplikacja PWA Luckycapone. Na telefonach i tabletach z systemem Android nie trzeba pobiera\u0107 zwyk\u0142ego pliku APK Luckycapone, aby aplikacja dzia\u0142a\u0142a. Instalacja jest natychmiastowa i nie zajmuje dodatkowego miejsca w pami\u0119ci urz\u0105dzenia.<\/p>\n<p>Oprogramowanie dla systemu Android posiada wszystkie funkcje wersji na komputery stacjonarne i przegl\u0105darki, takie jak gry, p\u0142atno\u015bci i promocje. G\u0142\u00f3wn\u0105 zalet\u0105 naszej aplikacji PWA jest to, \u017ce u\u017cytkownicy mog\u0105 otrzymywa\u0107 powiadomienia o wszystkich aktualizacjach. Na przyk\u0142ad, wy\u015blemy Ci powiadomienie, gdy otrzymasz status VIP, gdy zmieni si\u0119 Twoja pozycja w turnieju lub gdy pojawi\u0105 si\u0119 aktualizacje Twoich ulubionych gier. Aplikacja Lucky Capone na Androida dzia\u0142a p\u0142ynnie i szybko si\u0119 \u0142aduje na ka\u017cdym urz\u0105dzeniu.<\/p>\n<h3>Jak zainstalowa\u0107 aplikacj\u0119<\/h3>\n<ol>\n<li>Przewi\u0144 do przycisku aplikacji na stronie Lucky Capone i wybierz opcj\u0119 \u201eZainstaluj\u201d.<\/li>\n<li>Potwierd\u017a instalacj\u0119.<\/li>\n<li>Uzyskaj do niej dost\u0119p z ekranu g\u0142\u00f3wnego.<\/li>\n<\/ol>\n<p>Je\u015bli masz jakiekolwiek problemy lub pytania dotycz\u0105ce procesu instalacji lub innych kwestii, skontaktuj si\u0119 z naszym zespo\u0142em pomocy technicznej za po\u015brednictwem czatu na \u017cywo lub poczty elektronicznej.<\/p>\n<p><img loading=\"lazy\" decoding=\"async\" src=\"https:\/\/luckycaponecasino.com\/wp-content\/uploads\/2026\/01\/Luckycapone-Android.webp\" alt=\"Luckycapone Android\" width=\"1248\" height=\"536\" \/><\/p>\n<\/div><\/div><div style=\"clear: both\"><\/div><div class=\"d-flex justify-content-center\"><button data-item=\"decouvrez_link\" data-group=\"website_links\" class=\"goto fw-bold rounded-pill btn btn-orange\" aria-label=\"Pobierz Luckycapone\" >Pobierz Luckycapone<\/button><\/div><\/p>\n<h2>Zalety aplikacji Luckycapone<\/h2>\n<p>Aplikacja Luckycapone zapewnia dost\u0119p do kasyna z maksymaln\u0105 elastyczno\u015bci\u0105. Posiada te same podstawowe funkcje co wersja na komputery PC, ale oferuje wygod\u0119 gry mobilnej. Oprogramowanie zosta\u0142o zaprojektowane z my\u015bl\u0105 o przeno\u015bno\u015bci i obs\u0142udze za pomoc\u0105 ekranu dotykowego, aby umo\u017cliwi\u0107 gr\u0119 w dowolnym miejscu. Wersja na komputery PC ma wi\u0119kszy ekran, natomiast aplikacja Luckycapone wyr\u00f3\u017cnia si\u0119 szybkim dost\u0119pem. Obie wersje obs\u0142uguj\u0105 pe\u0142ne zarz\u0105dzanie kontem i wszystkie inne funkcje, takie jak proces weryfikacji.<\/p>\n<table>\n<tbody>\n<tr>\n<td>Aspekt<\/td>\n<td>Aplikacja Luckycapone<\/td>\n<td>Wersja na komputery PC<\/td>\n<\/tr>\n<tr>\n<td>Mobilno\u015b\u0107<\/td>\n<td>Dost\u0119p do mobilnego kasyna z dowolnego miejsca<\/td>\n<td>Przypisane do lokalizacji na komputerze stacjonarnym<\/td>\n<\/tr>\n<tr>\n<td>Sterowanie<\/td>\n<td>Nawigacja dotykowa<\/td>\n<td>Wprowadzanie danych za pomoc\u0105 myszy i klawiatury<\/td>\n<\/tr>\n<tr>\n<td>Szybko\u015b\u0107 dost\u0119pu<\/td>\n<td>Otwieranie natychmiastowe z ekranu g\u0142\u00f3wnego<\/td>\n<td>Wymaga przegl\u0105darki lub skr\u00f3tu<\/td>\n<\/tr>\n<tr>\n<td>Wy\u015bwietlanie na ekranie<\/td>\n<td>Zoptymalizowany pod k\u0105tem mniejszych wy\u015bwietlaczy<\/td>\n<td>Wi\u0119kszy widok dla szczeg\u00f3\u0142owych obraz\u00f3w<\/td>\n<\/tr>\n<tr>\n<td>Aktualizacje<\/td>\n<td>Powiadomienia i alerty w aplikacji<\/td>\n<td>Wymagana r\u0119czna kontrola<\/td>\n<\/tr>\n<tr>\n<td>Dost\u0119p do platformy<\/td>\n<td>Wszystkie funkcje dost\u0119pne<\/td>\n<td>Wszystkie funkcje dost\u0119pne<\/td>\n<\/tr>\n<\/tbody>\n<\/table>\n<p><div class=\"scrollable-content-wrap my-5\"><div class=\"scrollable-content-inner\"><h2>Aplikacja mobilna na iPhone&#8217;y i iPady<\/h2>\n<p>Oprogramowanie Luckycapone dla iPhone&#8217;\u00f3w i iPad\u00f3w dzia\u0142a ze wszystkimi funkcjami kasyna na urz\u0105dzeniach z systemem iOS. Aplikacja uruchamia si\u0119 za po\u015brednictwem przegl\u0105darki Safari i dzia\u0142a jako progresywna aplikacja internetowa. Nie ma potrzeby pobierania niczego z App Store ani instalowania du\u017cych plik\u00f3w. Taka konfiguracja zapewnia szybsze \u0142adowanie i stabilne dzia\u0142anie wszystkich gier. Po dodaniu do ekranu g\u0142\u00f3wnego aplikacja Luckycapone jest dost\u0119pna za jednym dotkni\u0119ciem. Oprogramowanie oferuje powiadomienia o promocjach, turniejach i wa\u017cnych aktualizacjach konta. Gracze mog\u0105 gra\u0107 w automaty online, gry sto\u0142owe i gry kasynowe na \u017cywo w ramach aplikacji.<\/p>\n<h3>Jak skonfigurowa\u0107 aplikacj\u0119 na iOS<\/h3>\n<ol>\n<li>Otw\u00f3rz stron\u0119 internetow\u0105 Luckycapone w przegl\u0105darce Safari.<\/li>\n<li>Kliknij ikon\u0119 udost\u0119pniania.<\/li>\n<li>Wybierz \u201eDodaj do ekranu g\u0142\u00f3wnego\u201d.<\/li>\n<li>Potwierd\u017a i dotknij ikony na ekranie g\u0142\u00f3wnym.<\/li>\n<\/ol>\n<p><img loading=\"lazy\" decoding=\"async\" src=\"https:\/\/luckycaponecasino.com\/wp-content\/uploads\/2026\/01\/Luckycapone-iOS.webp\" alt=\"Luckycapone iOS\" width=\"1248\" height=\"536\" \/><\/p>\n<\/div><\/div><div style=\"clear: both\"><\/div><div class=\"d-flex justify-content-center\"><button data-item=\"decouvrez_link\" data-group=\"website_links\" class=\"goto fw-bold rounded-pill btn btn-orange\" aria-label=\"Pobierz aplikacj\u0119 Luckycapone\" >Pobierz aplikacj\u0119 Luckycapone<\/button><\/div><div class=\"scrollable-content-wrap my-5\"><div class=\"scrollable-content-inner\"><h2>Cz\u0119sto zadawane pytania<\/h2>\n<h3>Czy wersja aplikacji Luckycapone na Androida obs\u0142uguje starsze wersje systemu operacyjnego?<\/h3>\n<p>Tak, wersja aplikacji Luckycapone na Androida obs\u0142uguje szeroki zakres wersji systemu operacyjnego Android. Oprogramowanie zosta\u0142o zaprojektowane jako progresywna aplikacja internetowa (PWA). Aplikacje PWA dzia\u0142aj\u0105 na wi\u0119kszo\u015bci nowoczesnych urz\u0105dze\u0144 z systemem Android bez \u015bcis\u0142ych wymaga\u0144 sprz\u0119towych. Dzi\u0119ki zaktualizowanej przegl\u0105darce mobilnej i stabilnemu po\u0142\u0105czeniu internetowemu gracze mog\u0105 bez problem\u00f3w korzysta\u0107 z kasyna.<\/p>\n<h3>Ile miejsca potrzeba, \u017ceby zainstalowa\u0107 aplikacj\u0119 na urz\u0105dzeniach mobilnych?<\/h3>\n<p>W por\u00f3wnaniu ze zwyk\u0142ym oprogramowaniem aplikacja Luckycapone nie zajmuje du\u017co miejsca. Nie obs\u0142uguje du\u017cych plik\u00f3w ani danych, poniewa\u017c jest to aplikacja PWA, a nie pe\u0142ny pakiet oprogramowania. Aplikacja zapisuje tylko potrzebne elementy interfejsu i skr\u00f3ty, wi\u0119c nie zajmuje du\u017co miejsca na urz\u0105dzeniu.<\/p>\n<h3>Czy aplikacja Lucky Capone zawiera tryby offline lub wymaga sta\u0142ego po\u0142\u0105czenia z Internetem?<\/h3>\n<p>Aplikacja Luckycapone wymaga sta\u0142ego po\u0142\u0105czenia z Internetem, aby dzia\u0142a\u0107 poprawnie. Wszystkie automaty online, gry sto\u0142owe i gry z krupierem na \u017cywo, a tak\u017ce transakcje, turnieje i inne funkcje opieraj\u0105 si\u0119 na danych w czasie rzeczywistym i bezpiecznym po\u0142\u0105czeniu z serwerem. Tryby offline nie s\u0105 dost\u0119pne, poniewa\u017c ca\u0142y proces gry odbywa si\u0119 online.<\/p>\n<\/div><\/div><\/p>\n","protected":false},"excerpt":{"rendered":"<p>Aplikacja mobilna Luckycapone Luckycapone app posiada wszystkie funkcje kasyna w formacie mobilnym. Oprogramowanie Luckycapone zapewnia pe\u0142ny dost\u0119p do niesamowitych gier i hojnych bonus\u00f3w dost\u0119pnych w wersjach na komputery PC i przegl\u0105darki internetowe. Zosta\u0142o zaprojektowane z my\u015bl\u0105 o najwy\u017cszej wydajno\u015bci. Polscy gracze mog\u0105 korzysta\u0107 ze wszystkich narz\u0119dzi kasyna za po\u015brednictwem aplikacji Luckycapone bez \u017cadnych ogranicze\u0144. Zalety [&hellip;]<\/p>\n","protected":false},"author":1,"featured_media":0,"parent":0,"menu_order":0,"comment_status":"closed","ping_status":"closed","template":"template-builder.php","meta":{"_acf_changed":false,"inline_featured_image":false,"footnotes":""},"class_list":["post-1422","page","type-page","status-publish","hentry"],"acf":[],"yoast_head":"<!-- This site is optimized with the Yoast SEO plugin v27.3 - https:\/\/yoast.com\/product\/yoast-seo-wordpress\/ -->\n<title>Luckycapone App na iOS i Androida<\/title>\n<meta name=\"description\" content=\"Lucky Capone App zapewnia pe\u0142ne wra\u017cenia z gry na iOS, Androidzie, Windowsie i macOS, z synchronizacj\u0105 kont na wszystkich urz\u0105dzeniach. Tysi\u0105ce slot\u00f3w, jackpot\u00f3w i sto\u0142\u00f3w z krupierem na \u017cywo s\u0105 teraz dost\u0119pne w dowolnym miejscu.\" \/>\n<meta name=\"robots\" content=\"index, follow, max-snippet:-1, max-image-preview:large, max-video-preview:-1\" \/>\n<link rel=\"canonical\" href=\"https:\/\/luckycaponecasino.com\/pl\/aplikacja\/\" \/>\n<meta property=\"og:locale\" content=\"pl_PL\" \/>\n<meta property=\"og:type\" content=\"article\" \/>\n<meta property=\"og:title\" content=\"Luckycapone App na iOS i Androida\" \/>\n<meta property=\"og:description\" content=\"Lucky Capone App zapewnia pe\u0142ne wra\u017cenia z gry na iOS, Androidzie, Windowsie i macOS, z synchronizacj\u0105 kont na wszystkich urz\u0105dzeniach. Tysi\u0105ce slot\u00f3w, jackpot\u00f3w i sto\u0142\u00f3w z krupierem na \u017cywo s\u0105 teraz dost\u0119pne w dowolnym miejscu.\" \/>\n<meta property=\"og:url\" content=\"https:\/\/luckycaponecasino.com\/pl\/aplikacja\/\" \/>\n<meta property=\"og:site_name\" content=\"luckycapone\" \/>\n<meta property=\"article:modified_time\" content=\"2026-01-27T12:22:53+00:00\" \/>\n<meta name=\"twitter:card\" content=\"summary_large_image\" \/>\n<meta name=\"twitter:label1\" content=\"Est. reading time\" \/>\n\t<meta name=\"twitter:data1\" content=\"1 minuta\" \/>\n<script type=\"application\/ld+json\" class=\"yoast-schema-graph\">{\"@context\":\"https:\\\/\\\/schema.org\",\"@graph\":[{\"@type\":\"WebPage\",\"@id\":\"https:\\\/\\\/luckycaponecasino.com\\\/pl\\\/aplikacja\\\/\",\"url\":\"https:\\\/\\\/luckycaponecasino.com\\\/pl\\\/aplikacja\\\/\",\"name\":\"Luckycapone App na iOS i Androida\",\"isPartOf\":{\"@id\":\"https:\\\/\\\/luckycaponecasino.com\\\/pl\\\/#website\"},\"datePublished\":\"2026-01-27T08:40:06+00:00\",\"dateModified\":\"2026-01-27T12:22:53+00:00\",\"description\":\"Lucky Capone App zapewnia pe\u0142ne wra\u017cenia z gry na iOS, Androidzie, Windowsie i macOS, z synchronizacj\u0105 kont na wszystkich urz\u0105dzeniach. Tysi\u0105ce slot\u00f3w, jackpot\u00f3w i sto\u0142\u00f3w z krupierem na \u017cywo s\u0105 teraz dost\u0119pne w dowolnym miejscu.\",\"breadcrumb\":{\"@id\":\"https:\\\/\\\/luckycaponecasino.com\\\/pl\\\/aplikacja\\\/#breadcrumb\"},\"inLanguage\":\"pl-PL\",\"potentialAction\":[{\"@type\":\"ReadAction\",\"target\":[\"https:\\\/\\\/luckycaponecasino.com\\\/pl\\\/aplikacja\\\/\"]}]},{\"@type\":\"BreadcrumbList\",\"@id\":\"https:\\\/\\\/luckycaponecasino.com\\\/pl\\\/aplikacja\\\/#breadcrumb\",\"itemListElement\":[{\"@type\":\"ListItem\",\"position\":1,\"name\":\"Luckycapone\",\"item\":\"https:\\\/\\\/luckycaponecasino.com\\\/pl\\\/\"},{\"@type\":\"ListItem\",\"position\":2,\"name\":\"Aplikacja\"}]},{\"@type\":\"WebSite\",\"@id\":\"https:\\\/\\\/luckycaponecasino.com\\\/pl\\\/#website\",\"url\":\"https:\\\/\\\/luckycaponecasino.com\\\/pl\\\/\",\"name\":\"Luckycapone\",\"description\":\"\",\"publisher\":{\"@id\":\"https:\\\/\\\/luckycaponecasino.com\\\/pl\\\/#organization\"},\"potentialAction\":[{\"@type\":\"SearchAction\",\"target\":{\"@type\":\"EntryPoint\",\"urlTemplate\":\"https:\\\/\\\/luckycaponecasino.com\\\/pl\\\/?s={search_term_string}\"},\"query-input\":{\"@type\":\"PropertyValueSpecification\",\"valueRequired\":true,\"valueName\":\"search_term_string\"}}],\"inLanguage\":\"pl-PL\"},{\"@type\":\"Organization\",\"@id\":\"https:\\\/\\\/luckycaponecasino.com\\\/pl\\\/#organization\",\"name\":\"Luckycapone\",\"url\":\"https:\\\/\\\/luckycaponecasino.com\\\/pl\\\/\",\"logo\":{\"@type\":\"ImageObject\",\"inLanguage\":\"pl-PL\",\"@id\":\"https:\\\/\\\/luckycaponecasino.com\\\/pl\\\/#\\\/schema\\\/logo\\\/image\\\/\",\"url\":\"https:\\\/\\\/luckycaponecasino.com\\\/wp-content\\\/uploads\\\/2026\\\/01\\\/logo-luckycapone.png\",\"contentUrl\":\"https:\\\/\\\/luckycaponecasino.com\\\/wp-content\\\/uploads\\\/2026\\\/01\\\/logo-luckycapone.png\",\"width\":70,\"height\":24,\"caption\":\"Luckycapone\"},\"image\":{\"@id\":\"https:\\\/\\\/luckycaponecasino.com\\\/pl\\\/#\\\/schema\\\/logo\\\/image\\\/\"}}]}<\/script>\n<!-- \/ Yoast SEO plugin. -->","yoast_head_json":{"title":"Luckycapone App na iOS i Androida","description":"Lucky Capone App zapewnia pe\u0142ne wra\u017cenia z gry na iOS, Androidzie, Windowsie i macOS, z synchronizacj\u0105 kont na wszystkich urz\u0105dzeniach. Tysi\u0105ce slot\u00f3w, jackpot\u00f3w i sto\u0142\u00f3w z krupierem na \u017cywo s\u0105 teraz dost\u0119pne w dowolnym miejscu.","robots":{"index":"index","follow":"follow","max-snippet":"max-snippet:-1","max-image-preview":"max-image-preview:large","max-video-preview":"max-video-preview:-1"},"canonical":"https:\/\/luckycaponecasino.com\/pl\/aplikacja\/","og_locale":"pl_PL","og_type":"article","og_title":"Luckycapone App na iOS i Androida","og_description":"Lucky Capone App zapewnia pe\u0142ne wra\u017cenia z gry na iOS, Androidzie, Windowsie i macOS, z synchronizacj\u0105 kont na wszystkich urz\u0105dzeniach. Tysi\u0105ce slot\u00f3w, jackpot\u00f3w i sto\u0142\u00f3w z krupierem na \u017cywo s\u0105 teraz dost\u0119pne w dowolnym miejscu.","og_url":"https:\/\/luckycaponecasino.com\/pl\/aplikacja\/","og_site_name":"luckycapone","article_modified_time":"2026-01-27T12:22:53+00:00","twitter_card":"summary_large_image","twitter_misc":{"Est. reading time":"1 minuta"},"schema":{"@context":"https:\/\/schema.org","@graph":[{"@type":"WebPage","@id":"https:\/\/luckycaponecasino.com\/pl\/aplikacja\/","url":"https:\/\/luckycaponecasino.com\/pl\/aplikacja\/","name":"Luckycapone App na iOS i Androida","isPartOf":{"@id":"https:\/\/luckycaponecasino.com\/pl\/#website"},"datePublished":"2026-01-27T08:40:06+00:00","dateModified":"2026-01-27T12:22:53+00:00","description":"Lucky Capone App zapewnia pe\u0142ne wra\u017cenia z gry na iOS, Androidzie, Windowsie i macOS, z synchronizacj\u0105 kont na wszystkich urz\u0105dzeniach. Tysi\u0105ce slot\u00f3w, jackpot\u00f3w i sto\u0142\u00f3w z krupierem na \u017cywo s\u0105 teraz dost\u0119pne w dowolnym miejscu.","breadcrumb":{"@id":"https:\/\/luckycaponecasino.com\/pl\/aplikacja\/#breadcrumb"},"inLanguage":"pl-PL","potentialAction":[{"@type":"ReadAction","target":["https:\/\/luckycaponecasino.com\/pl\/aplikacja\/"]}]},{"@type":"BreadcrumbList","@id":"https:\/\/luckycaponecasino.com\/pl\/aplikacja\/#breadcrumb","itemListElement":[{"@type":"ListItem","position":1,"name":"Luckycapone","item":"https:\/\/luckycaponecasino.com\/pl\/"},{"@type":"ListItem","position":2,"name":"Aplikacja"}]},{"@type":"WebSite","@id":"https:\/\/luckycaponecasino.com\/pl\/#website","url":"https:\/\/luckycaponecasino.com\/pl\/","name":"Luckycapone","description":"","publisher":{"@id":"https:\/\/luckycaponecasino.com\/pl\/#organization"},"potentialAction":[{"@type":"SearchAction","target":{"@type":"EntryPoint","urlTemplate":"https:\/\/luckycaponecasino.com\/pl\/?s={search_term_string}"},"query-input":{"@type":"PropertyValueSpecification","valueRequired":true,"valueName":"search_term_string"}}],"inLanguage":"pl-PL"},{"@type":"Organization","@id":"https:\/\/luckycaponecasino.com\/pl\/#organization","name":"Luckycapone","url":"https:\/\/luckycaponecasino.com\/pl\/","logo":{"@type":"ImageObject","inLanguage":"pl-PL","@id":"https:\/\/luckycaponecasino.com\/pl\/#\/schema\/logo\/image\/","url":"https:\/\/luckycaponecasino.com\/wp-content\/uploads\/2026\/01\/logo-luckycapone.png","contentUrl":"https:\/\/luckycaponecasino.com\/wp-content\/uploads\/2026\/01\/logo-luckycapone.png","width":70,"height":24,"caption":"Luckycapone"},"image":{"@id":"https:\/\/luckycaponecasino.com\/pl\/#\/schema\/logo\/image\/"}}]}},"_links":{"self":[{"href":"https:\/\/luckycaponecasino.com\/pl\/wp-json\/wp\/v2\/pages\/1422","targetHints":{"allow":["GET"]}}],"collection":[{"href":"https:\/\/luckycaponecasino.com\/pl\/wp-json\/wp\/v2\/pages"}],"about":[{"href":"https:\/\/luckycaponecasino.com\/pl\/wp-json\/wp\/v2\/types\/page"}],"author":[{"embeddable":true,"href":"https:\/\/luckycaponecasino.com\/pl\/wp-json\/wp\/v2\/users\/1"}],"replies":[{"embeddable":true,"href":"https:\/\/luckycaponecasino.com\/pl\/wp-json\/wp\/v2\/comments?post=1422"}],"version-history":[{"count":2,"href":"https:\/\/luckycaponecasino.com\/pl\/wp-json\/wp\/v2\/pages\/1422\/revisions"}],"predecessor-version":[{"id":1767,"href":"https:\/\/luckycaponecasino.com\/pl\/wp-json\/wp\/v2\/pages\/1422\/revisions\/1767"}],"wp:attachment":[{"href":"https:\/\/luckycaponecasino.com\/pl\/wp-json\/wp\/v2\/media?parent=1422"}],"curies":[{"name":"wp","href":"https:\/\/api.w.org\/{rel}","templated":true}]}}