{"id":1460,"date":"2026-01-27T08:42:04","date_gmt":"2026-01-27T08:42:04","guid":{"rendered":"https:\/\/luckycaponecasino.com\/login-and-registration\/"},"modified":"2026-01-27T11:54:04","modified_gmt":"2026-01-27T11:54:04","slug":"accesso-e-registrazione","status":"publish","type":"page","link":"https:\/\/luckycaponecasino.com\/it\/accesso-e-registrazione\/","title":{"rendered":"Accesso e registrazione"},"content":{"rendered":"<h1>Processo di registrazione e accesso a Luckycapone<\/h1>\n<p>Puoi completare rapidamente la procedura di Luckycapone login sia su dispositivi desktop che mobili. I giocatori italiani devono registrarsi e completare la procedura di accesso prima di poter usufruire del casin\u00f2. Gli utenti che si sono registrati possono gestire i propri profili, giocare e utilizzare tutte le funzionalit\u00e0 della piattaforma.<\/p>\n<p><div class=\"banner-wrap\" aria-label=\"Banner\"><img src=\"https:\/\/luckycaponecasino.com\/wp-content\/uploads\/2026\/01\/Luckycapone-banner.webp\" class=\"w-100 d-none d-lg-block img-pc main-banner-img\" alt=\"Luckycapone banner\" fetchpriority=\"high\" decoding=\"async\"><img src=\"https:\/\/luckycaponecasino.com\/wp-content\/uploads\/2026\/01\/Mobile-banner.webp\" class=\"w-100 d-none d-md-block d-lg-none main-banner-img\" alt=\"Mobile banner\" fetchpriority=\"high\" decoding=\"async\"><img src=\"https:\/\/luckycaponecasino.com\/wp-content\/uploads\/2026\/01\/Mobile-banner.webp\" class=\"w-100 d-md-none\" alt=\"Mobile banner\" fetchpriority=\"high\" decoding=\"async\"><div class=\"banner-description\">\n<div class=\"banner-title\">Bonus di benvenuto<\/div>\n<p class=\"banner-header-title\">1500 \u20ac<\/p>\n<div class=\"banner-header-AdditionalText\">+ 250 Giri gratuiti<\/div>\n<button data-item=\"homepage_banner_link\" class=\"goto m-button m-gradient-border m-button--primary m-button--large banner-button btn-orange\">\n            <div class=\"m-button-content\">\n                <span>Iscriviti ora<\/span>\n                <span><\/span>\n            <\/div>\n        <\/button>\n<\/div>\n<div class=\"WelcomePack\">\n<p><img loading=\"lazy\" decoding=\"async\" class=\"alignnone size-full wp-image-1335\" src=\"https:\/\/luckycaponecasino.com\/wp-content\/uploads\/2026\/01\/welcome-crown.png\" alt=\"welcome crown\" width=\"25\" height=\"26\" \/><\/p>\n<div class=\"WelcomePack-Info\">Cashback settimanale fino al 25%<\/div>\n<p><img loading=\"lazy\" decoding=\"async\" class=\"alignnone size-full wp-image-1335\" src=\"https:\/\/luckycaponecasino.com\/wp-content\/uploads\/2026\/01\/welcome-crown.png\" alt=\"welcome crown\" width=\"25\" height=\"26\" \/><\/p>\n<\/div>\n<\/div><div class=\"scrollable-content-wrap my-5\"><div class=\"scrollable-content-inner\"><h2>Perch\u00e9 la verifica \u00e8 importante per la sicurezza dei giocatori<\/h2>\n<p>Il processo di verifica su Lucky Capone \u00e8 fondamentale per garantire la sicurezza dei giocatori. Verifichiamo il nome, l&#8217;indirizzo e le informazioni di pagamento di ogni giocatore per prevenire frodi e accessi non autorizzati. Questo processo conferma anche la conformit\u00e0 ai requisiti di licenza. Solo gli account verificati hanno accesso a tutte le funzioni finanziarie. Dopo la verifica dell&#8217;account, i giocatori possono prelevare le loro vincite e utilizzare i fondi bonus.<\/p>\n<p>Per completare la verifica, i giocatori devono semplicemente caricare i documenti. \u00c8 necessario caricare copie leggibili dei documenti che provano la propria identit\u00e0 o confermano il proprio indirizzo. I documenti vengono solitamente controllati dal nostro team entro 48 ore. La verifica ci aiuta a garantire un&#8217;esperienza sicura a tutti i giocatori di Luckycapone.<\/p>\n<h2>Registrati su Luckycapone<\/h2>\n<p>La registrazione su Luckycapone ti d\u00e0 pieno accesso al casin\u00f2. Dopo la registrazione, gli utenti possono giocare, ricevere bonus, partecipare a tornei e gestire i propri account. Proteggiamo tutti gli utenti registrati salvaguardando le loro attivit\u00e0 di gioco, i depositi e i prelievi. Dopo la registrazione, gli utenti di Luckycapone possono partecipare ai tornei e ricevere privilegi VIP.<\/p>\n<h3>Come impostare il tuo profilo<\/h3>\n<ol>\n<li>Clicca sul pulsante Registrati nella homepage di Luckycapone Casino.<\/li>\n<li>Inserisci il tuo indirizzo e-mail e crea una password.<\/li>\n<li>Accetta l&#8217;Informativa sulla privacy e i termini di utilizzo.<\/li>\n<li>Conferma la tua registrazione tramite l&#8217;e-mail di attivazione.<\/li>\n<li>Accedi al tuo account.<\/li>\n<\/ol>\n<h3>Problemi comuni durante la configurazione dell&#8217;account e come evitarli<\/h3>\n<p>Alcuni utenti potrebbero riscontrare problemi con la registrazione o con il processo di accesso a Luckycapone. I giocatori possono avere problemi quali indirizzi e-mail errati, password deboli, e-mail di attivazione ritardate e altro ancora. Per evitare problemi, controlla i tuoi dati. In caso di difficolt\u00e0, il nostro team di assistenza \u00e8 disponibile 24 ore su 24, 7 giorni su 7, per aiutarti.<\/p>\n<h2>Accedi all&#8217;account Lucky Capone<\/h2>\n<p>Il processo di accesso a Lucky Capone ti d\u00e0 pieno accesso a tutte le funzionalit\u00e0 del casin\u00f2 e agli strumenti personalizzati. Il sistema di accesso \u00e8 progettato per essere semplice e completamente funzionale su computer desktop, dispositivi mobili e nell&#8217;app. Dopo aver effettuato l&#8217;accesso a Luckycapone, i giocatori possono utilizzare il casin\u00f2, ad esempio, per giocare, gestire le impostazioni dell&#8217;account, completare il processo di verifica e tenere traccia della loro attivit\u00e0 di gioco.<\/p>\n<p>Come accedere al tuo account Lucky Capone:<\/p>\n<ol>\n<li>Clicca sul pulsante di accesso.<\/li>\n<li>Inserisci l&#8217;indirizzo e-mail collegato al tuo account.<\/li>\n<li>Inserisci la tua password.<\/li>\n<li>Seleziona Accedi.<\/li>\n<\/ol>\n<h2>Gestione delle preferenze del profilo e dei dati personali<\/h2>\n<p>La gestione delle impostazioni del profilo e dei dati personali su Lucky Capone \u00e8 facile da controllare dal tuo account personale. Dopo la registrazione, i giocatori possono aggiornare i propri dati personali e molto altro ancora. Luckycapone Casino supporta moderni metodi di sicurezza, come procedure di verifica e elaborazione dei dati crittografata. I giocatori possono anche attivare strumenti di gioco responsabile: limiti di deposito, limiti di tempo o autoesclusione.<\/p>\n<p>Dal tuo account puoi gestire transazioni e bonus, nonch\u00e9 partecipare a tornei. Nella sezione profilo puoi accedere alla cronologia delle tue partite e tenere traccia dei tuoi risultati. Se hai bisogno di aiuto, il nostro servizio di assistenza multilingue \u00e8 disponibile tramite live chat o e-mail.<\/p>\n<h3>Risoluzione dei problemi di accesso e degli errori di login<\/h3>\n<p>I problemi relativi al login su Luckycapone o gli errori di accesso possono essere risolti rapidamente utilizzando gli strumenti di recupero integrati. Se hai dimenticato la password o non riesci ad accedere al tuo account, utilizza l&#8217;opzione di reimpostazione della password. L&#8217;opzione di reimpostazione della password ripristina l&#8217;accesso in pochi semplici passaggi.<\/p>\n<ol>\n<li>Apri la pagina di accesso a Luckycapone.<\/li>\n<li>Clicca su &#8220;Hai dimenticato la password?&#8221;.<\/li>\n<li>Inserisci l&#8217;indirizzo e-mail collegato al tuo account.<\/li>\n<li>Segui il link contenuto nell&#8217;e-mail di reimpostazione della password e crea una nuova password.<\/li>\n<li>Accedi con la tua nuova password.<\/li>\n<\/ol>\n<h2>Domande frequenti<\/h2>\n<h3>Quanto tempo richiede solitamente la verifica dell&#8217;identit\u00e0 una volta inviati i documenti?<\/h3>\n<p>La verifica dell&#8217;identit\u00e0 su Luckycapone viene solitamente completata entro 48 ore. Spesso viene completata pi\u00f9 rapidamente se i documenti sono di alta qualit\u00e0. Il nostro team controlla attentamente le informazioni per migliorare la sicurezza. I giocatori ricevono una notifica quando la verifica \u00e8 completata.<\/p>\n<h3>\u00c8 possibile modificare le informazioni personali dopo aver creato il profilo?<\/h3>\n<p>S\u00ec, le informazioni personali possono essere aggiornate dopo la creazione di un profilo. I giocatori possono modificare i propri dati di contatto e le impostazioni dell&#8217;account nella sezione del proprio profilo. Se le modifiche riguardano dati riservati, come il nome, potrebbe essere necessaria un&#8217;ulteriore verifica. \u00c8 possibile contattare il team di assistenza di Lucky Capone per ricevere assistenza su questi problemi.<\/p>\n<h3>Esistono opzioni di recupero aggiuntive oltre all&#8217;e-mail per il ripristino della password?<\/h3>\n<p>L&#8217;e-mail \u00e8 il metodo principale per il recupero della password su Luckycapone Casino. Ci\u00f2 consente una procedura di recupero sicura. Se un giocatore non \u00e8 in grado di accedere alla propria e-mail, il nostro team di assistenza pu\u00f2 aiutarlo a verificare la sua identit\u00e0 e ripristinare l&#8217;accesso.<\/p>\n<\/div><\/div><\/p>\n","protected":false},"excerpt":{"rendered":"<p>Processo di registrazione e accesso a Luckycapone Puoi completare rapidamente la procedura di Luckycapone login sia su dispositivi desktop che mobili. I giocatori italiani devono registrarsi e completare la procedura di accesso prima di poter usufruire del casin\u00f2. Gli utenti che si sono registrati possono gestire i propri profili, giocare e utilizzare tutte le funzionalit\u00e0 [&hellip;]<\/p>\n","protected":false},"author":1,"featured_media":0,"parent":0,"menu_order":0,"comment_status":"closed","ping_status":"closed","template":"template-builder.php","meta":{"_acf_changed":false,"inline_featured_image":false,"footnotes":""},"class_list":["post-1460","page","type-page","status-publish","hentry"],"acf":[],"yoast_head":"<!-- This site is optimized with the Yoast SEO plugin v27.3 - https:\/\/yoast.com\/product\/yoast-seo-wordpress\/ -->\n<title>Luckycapone Login e registrazione<\/title>\n<meta name=\"description\" content=\"Lucky Capone login offre ai giocatori un accesso sicuro alla propria dashboard personale per gestire bonus, depositi e dettagli del conto. Tutte le impostazioni del profilo, i passaggi di verifica e le opzioni di pagamento sono disponibili in un unico posto.\" \/>\n<meta name=\"robots\" content=\"index, follow, max-snippet:-1, max-image-preview:large, max-video-preview:-1\" \/>\n<link rel=\"canonical\" href=\"https:\/\/luckycaponecasino.com\/it\/accesso-e-registrazione\/\" \/>\n<meta property=\"og:locale\" content=\"it_IT\" \/>\n<meta property=\"og:type\" content=\"article\" \/>\n<meta property=\"og:title\" content=\"Luckycapone Login e registrazione\" \/>\n<meta property=\"og:description\" content=\"Lucky Capone login offre ai giocatori un accesso sicuro alla propria dashboard personale per gestire bonus, depositi e dettagli del conto. Tutte le impostazioni del profilo, i passaggi di verifica e le opzioni di pagamento sono disponibili in un unico posto.\" \/>\n<meta property=\"og:url\" content=\"https:\/\/luckycaponecasino.com\/it\/accesso-e-registrazione\/\" \/>\n<meta property=\"og:site_name\" content=\"luckycapone\" \/>\n<meta property=\"article:modified_time\" content=\"2026-01-27T11:54:04+00:00\" \/>\n<meta name=\"twitter:card\" content=\"summary_large_image\" \/>\n<meta name=\"twitter:label1\" content=\"Est. reading time\" \/>\n\t<meta name=\"twitter:data1\" content=\"1 minuto\" \/>\n<script type=\"application\/ld+json\" class=\"yoast-schema-graph\">{\"@context\":\"https:\\\/\\\/schema.org\",\"@graph\":[{\"@type\":\"WebPage\",\"@id\":\"https:\\\/\\\/luckycaponecasino.com\\\/it\\\/accesso-e-registrazione\\\/\",\"url\":\"https:\\\/\\\/luckycaponecasino.com\\\/it\\\/accesso-e-registrazione\\\/\",\"name\":\"Luckycapone Login e registrazione\",\"isPartOf\":{\"@id\":\"https:\\\/\\\/luckycaponecasino.com\\\/it\\\/#website\"},\"datePublished\":\"2026-01-27T08:42:04+00:00\",\"dateModified\":\"2026-01-27T11:54:04+00:00\",\"description\":\"Lucky Capone login offre ai giocatori un accesso sicuro alla propria dashboard personale per gestire bonus, depositi e dettagli del conto. Tutte le impostazioni del profilo, i passaggi di verifica e le opzioni di pagamento sono disponibili in un unico posto.\",\"breadcrumb\":{\"@id\":\"https:\\\/\\\/luckycaponecasino.com\\\/it\\\/accesso-e-registrazione\\\/#breadcrumb\"},\"inLanguage\":\"it-IT\",\"potentialAction\":[{\"@type\":\"ReadAction\",\"target\":[\"https:\\\/\\\/luckycaponecasino.com\\\/it\\\/accesso-e-registrazione\\\/\"]}]},{\"@type\":\"BreadcrumbList\",\"@id\":\"https:\\\/\\\/luckycaponecasino.com\\\/it\\\/accesso-e-registrazione\\\/#breadcrumb\",\"itemListElement\":[{\"@type\":\"ListItem\",\"position\":1,\"name\":\"Luckycapone\",\"item\":\"https:\\\/\\\/luckycaponecasino.com\\\/it\\\/\"},{\"@type\":\"ListItem\",\"position\":2,\"name\":\"Accesso e registrazione\"}]},{\"@type\":\"WebSite\",\"@id\":\"https:\\\/\\\/luckycaponecasino.com\\\/it\\\/#website\",\"url\":\"https:\\\/\\\/luckycaponecasino.com\\\/it\\\/\",\"name\":\"Luckycapone\",\"description\":\"\",\"publisher\":{\"@id\":\"https:\\\/\\\/luckycaponecasino.com\\\/it\\\/#organization\"},\"potentialAction\":[{\"@type\":\"SearchAction\",\"target\":{\"@type\":\"EntryPoint\",\"urlTemplate\":\"https:\\\/\\\/luckycaponecasino.com\\\/it\\\/?s={search_term_string}\"},\"query-input\":{\"@type\":\"PropertyValueSpecification\",\"valueRequired\":true,\"valueName\":\"search_term_string\"}}],\"inLanguage\":\"it-IT\"},{\"@type\":\"Organization\",\"@id\":\"https:\\\/\\\/luckycaponecasino.com\\\/it\\\/#organization\",\"name\":\"Luckycapone\",\"url\":\"https:\\\/\\\/luckycaponecasino.com\\\/it\\\/\",\"logo\":{\"@type\":\"ImageObject\",\"inLanguage\":\"it-IT\",\"@id\":\"https:\\\/\\\/luckycaponecasino.com\\\/it\\\/#\\\/schema\\\/logo\\\/image\\\/\",\"url\":\"https:\\\/\\\/luckycaponecasino.com\\\/wp-content\\\/uploads\\\/2026\\\/01\\\/logo-luckycapone.png\",\"contentUrl\":\"https:\\\/\\\/luckycaponecasino.com\\\/wp-content\\\/uploads\\\/2026\\\/01\\\/logo-luckycapone.png\",\"width\":70,\"height\":24,\"caption\":\"Luckycapone\"},\"image\":{\"@id\":\"https:\\\/\\\/luckycaponecasino.com\\\/it\\\/#\\\/schema\\\/logo\\\/image\\\/\"}}]}<\/script>\n<!-- \/ Yoast SEO plugin. -->","yoast_head_json":{"title":"Luckycapone Login e registrazione","description":"Lucky Capone login offre ai giocatori un accesso sicuro alla propria dashboard personale per gestire bonus, depositi e dettagli del conto. Tutte le impostazioni del profilo, i passaggi di verifica e le opzioni di pagamento sono disponibili in un unico posto.","robots":{"index":"index","follow":"follow","max-snippet":"max-snippet:-1","max-image-preview":"max-image-preview:large","max-video-preview":"max-video-preview:-1"},"canonical":"https:\/\/luckycaponecasino.com\/it\/accesso-e-registrazione\/","og_locale":"it_IT","og_type":"article","og_title":"Luckycapone Login e registrazione","og_description":"Lucky Capone login offre ai giocatori un accesso sicuro alla propria dashboard personale per gestire bonus, depositi e dettagli del conto. Tutte le impostazioni del profilo, i passaggi di verifica e le opzioni di pagamento sono disponibili in un unico posto.","og_url":"https:\/\/luckycaponecasino.com\/it\/accesso-e-registrazione\/","og_site_name":"luckycapone","article_modified_time":"2026-01-27T11:54:04+00:00","twitter_card":"summary_large_image","twitter_misc":{"Est. reading time":"1 minuto"},"schema":{"@context":"https:\/\/schema.org","@graph":[{"@type":"WebPage","@id":"https:\/\/luckycaponecasino.com\/it\/accesso-e-registrazione\/","url":"https:\/\/luckycaponecasino.com\/it\/accesso-e-registrazione\/","name":"Luckycapone Login e registrazione","isPartOf":{"@id":"https:\/\/luckycaponecasino.com\/it\/#website"},"datePublished":"2026-01-27T08:42:04+00:00","dateModified":"2026-01-27T11:54:04+00:00","description":"Lucky Capone login offre ai giocatori un accesso sicuro alla propria dashboard personale per gestire bonus, depositi e dettagli del conto. Tutte le impostazioni del profilo, i passaggi di verifica e le opzioni di pagamento sono disponibili in un unico posto.","breadcrumb":{"@id":"https:\/\/luckycaponecasino.com\/it\/accesso-e-registrazione\/#breadcrumb"},"inLanguage":"it-IT","potentialAction":[{"@type":"ReadAction","target":["https:\/\/luckycaponecasino.com\/it\/accesso-e-registrazione\/"]}]},{"@type":"BreadcrumbList","@id":"https:\/\/luckycaponecasino.com\/it\/accesso-e-registrazione\/#breadcrumb","itemListElement":[{"@type":"ListItem","position":1,"name":"Luckycapone","item":"https:\/\/luckycaponecasino.com\/it\/"},{"@type":"ListItem","position":2,"name":"Accesso e registrazione"}]},{"@type":"WebSite","@id":"https:\/\/luckycaponecasino.com\/it\/#website","url":"https:\/\/luckycaponecasino.com\/it\/","name":"Luckycapone","description":"","publisher":{"@id":"https:\/\/luckycaponecasino.com\/it\/#organization"},"potentialAction":[{"@type":"SearchAction","target":{"@type":"EntryPoint","urlTemplate":"https:\/\/luckycaponecasino.com\/it\/?s={search_term_string}"},"query-input":{"@type":"PropertyValueSpecification","valueRequired":true,"valueName":"search_term_string"}}],"inLanguage":"it-IT"},{"@type":"Organization","@id":"https:\/\/luckycaponecasino.com\/it\/#organization","name":"Luckycapone","url":"https:\/\/luckycaponecasino.com\/it\/","logo":{"@type":"ImageObject","inLanguage":"it-IT","@id":"https:\/\/luckycaponecasino.com\/it\/#\/schema\/logo\/image\/","url":"https:\/\/luckycaponecasino.com\/wp-content\/uploads\/2026\/01\/logo-luckycapone.png","contentUrl":"https:\/\/luckycaponecasino.com\/wp-content\/uploads\/2026\/01\/logo-luckycapone.png","width":70,"height":24,"caption":"Luckycapone"},"image":{"@id":"https:\/\/luckycaponecasino.com\/it\/#\/schema\/logo\/image\/"}}]}},"_links":{"self":[{"href":"https:\/\/luckycaponecasino.com\/it\/wp-json\/wp\/v2\/pages\/1460","targetHints":{"allow":["GET"]}}],"collection":[{"href":"https:\/\/luckycaponecasino.com\/it\/wp-json\/wp\/v2\/pages"}],"about":[{"href":"https:\/\/luckycaponecasino.com\/it\/wp-json\/wp\/v2\/types\/page"}],"author":[{"embeddable":true,"href":"https:\/\/luckycaponecasino.com\/it\/wp-json\/wp\/v2\/users\/1"}],"replies":[{"embeddable":true,"href":"https:\/\/luckycaponecasino.com\/it\/wp-json\/wp\/v2\/comments?post=1460"}],"version-history":[{"count":1,"href":"https:\/\/luckycaponecasino.com\/it\/wp-json\/wp\/v2\/pages\/1460\/revisions"}],"predecessor-version":[{"id":1713,"href":"https:\/\/luckycaponecasino.com\/it\/wp-json\/wp\/v2\/pages\/1460\/revisions\/1713"}],"wp:attachment":[{"href":"https:\/\/luckycaponecasino.com\/it\/wp-json\/wp\/v2\/media?parent=1460"}],"curies":[{"name":"wp","href":"https:\/\/api.w.org\/{rel}","templated":true}]}}