{"id":1420,"date":"2026-01-27T08:40:06","date_gmt":"2026-01-27T08:40:06","guid":{"rendered":"https:\/\/luckycaponecasino.com\/app\/"},"modified":"2026-01-27T11:52:56","modified_gmt":"2026-01-27T11:52:56","slug":"applicazione","status":"publish","type":"page","link":"https:\/\/luckycaponecasino.com\/it\/applicazione\/","title":{"rendered":"Applicazione"},"content":{"rendered":"<h1>App mobile Luckycapone<\/h1>\n<p>Luckycapone app offre tutte le funzionalit\u00e0 di un casin\u00f2 in formato mobile. Il software Luckycapone ti d\u00e0 pieno accesso a giochi incredibili e generosi bonus disponibili nelle versioni per PC e browser web. \u00c8 progettato per garantire prestazioni superiori. I giocatori italiani possono utilizzare tutti gli strumenti del casin\u00f2 tramite l&#8217;app Luckycapone senza alcuna restrizione.<\/p>\n<p><div class=\"banner-wrap\" aria-label=\"Banner\"><img src=\"https:\/\/luckycaponecasino.com\/wp-content\/uploads\/2026\/01\/Luckycapone-banner.webp\" class=\"w-100 d-none d-lg-block img-pc main-banner-img\" alt=\"Luckycapone banner\" fetchpriority=\"high\" decoding=\"async\"><img src=\"https:\/\/luckycaponecasino.com\/wp-content\/uploads\/2026\/01\/Mobile-banner.webp\" class=\"w-100 d-none d-md-block d-lg-none main-banner-img\" alt=\"Mobile banner\" fetchpriority=\"high\" decoding=\"async\"><img src=\"https:\/\/luckycaponecasino.com\/wp-content\/uploads\/2026\/01\/Mobile-banner.webp\" class=\"w-100 d-md-none\" alt=\"Mobile banner\" fetchpriority=\"high\" decoding=\"async\"><div class=\"banner-description\">\n<div class=\"banner-title\">Bonus di benvenuto<\/div>\n<p class=\"banner-header-title\">1500 \u20ac<\/p>\n<div class=\"banner-header-AdditionalText\">+ 250 Giri gratuiti<\/div>\n<button data-item=\"homepage_banner_link\" class=\"goto m-button m-gradient-border m-button--primary m-button--large banner-button btn-orange\">\n            <div class=\"m-button-content\">\n                <span>Iscriviti ora<\/span>\n                <span><\/span>\n            <\/div>\n        <\/button>\n<\/div>\n<div class=\"WelcomePack\">\n<p><img loading=\"lazy\" decoding=\"async\" class=\"alignnone size-full wp-image-1335\" src=\"https:\/\/luckycaponecasino.com\/wp-content\/uploads\/2026\/01\/welcome-crown.png\" alt=\"welcome crown\" width=\"25\" height=\"26\" \/><\/p>\n<div class=\"WelcomePack-Info\">Cashback settimanale fino al 25%<\/div>\n<p><img loading=\"lazy\" decoding=\"async\" class=\"alignnone size-full wp-image-1335\" src=\"https:\/\/luckycaponecasino.com\/wp-content\/uploads\/2026\/01\/welcome-crown.png\" alt=\"welcome crown\" width=\"25\" height=\"26\" \/><\/p>\n<\/div>\n<\/div><div class=\"scrollable-content-wrap my-5\"><div class=\"scrollable-content-inner\"><h2>Scarica Luckycapone per desktop<\/h2>\n<p>L&#8217;app Luckycapone per desktop offre ai giocatori un accesso rapido al casin\u00f2 senza necessit\u00e0 di installazione. L&#8217;app desktop \u00e8 compatibile sia con Windows che con Mac e funziona come un&#8217;app web. La nostra applicazione web pu\u00f2 essere aggiunta come collegamento sul desktop. Una volta creato, questo collegamento apre Luckycapone come applicazione separata con un solo clic.<\/p>\n<p>La versione desktop \u00e8 completamente ottimizzata per schermi di grandi dimensioni e funziona con grafica e streaming di alta qualit\u00e0. I giocatori hanno pieno accesso al casin\u00f2: possono giocare e gestire i propri account con la stessa esperienza di gioco. Luckycapone per computer desktop offre le stesse funzionalit\u00e0 delle versioni browser e mobile, ma con la comodit\u00e0 di un computer desktop.<\/p>\n<p><img loading=\"lazy\" decoding=\"async\" src=\"https:\/\/luckycaponecasino.com\/wp-content\/uploads\/2026\/01\/Luckycapone-Desktop.webp\" alt=\"Luckycapone Desktop\" width=\"1248\" height=\"536\" \/><\/p>\n<\/div><\/div><div style=\"clear: both\"><\/div><div class=\"d-flex justify-content-center\"><button data-item=\"decouvrez_link\" data-group=\"website_links\" class=\"goto fw-bold rounded-pill btn btn-orange\" aria-label=\"Scarica l&#039;app Luckycapone\" >Scarica l&#039;app Luckycapone<\/button><\/div><div class=\"scrollable-content-wrap my-5\"><div class=\"scrollable-content-inner\"><h2>App Lucky Capone per dispositivi Android<\/h2>\n<p>L&#8217;app Lucky\u0441apone per dispositivi Android fornisce un accesso rapido al casin\u00f2. L&#8217;app \u00e8 progettata come una moderna PWA Luckycapone. Su telefoni e tablet Android, non \u00e8 necessario scaricare il solito APK Luckycapone per farlo funzionare. L&#8217;installazione \u00e8 istantanea e non occupa spazio aggiuntivo nella memoria del dispositivo.<\/p>\n<p>Il software Android ha tutte le funzionalit\u00e0 delle versioni desktop e browser, come giochi, pagamenti e promozioni. Il vantaggio principale della nostra PWA \u00e8 che gli utenti possono ricevere notifiche su tutti gli aggiornamenti. Ad esempio, ti invieremo una notifica quando riceverai lo status VIP, quando la tua posizione nel torneo cambier\u00e0 o quando ci saranno aggiornamenti ai tuoi giochi preferiti. L&#8217;app Lucky Capone per Android funziona senza intoppi e si carica rapidamente su qualsiasi dispositivo.<\/p>\n<h3>Come installare l&#8217;app<\/h3>\n<ol>\n<li>Scorri fino al pulsante dell&#8217;app sul sito web di Lucky Capone e seleziona Installa.<\/li>\n<li>Conferma l&#8217;installazione.<\/li>\n<li>Accedi dall&#8217;home screen.<\/li>\n<\/ol>\n<p>In caso di problemi o domande sul processo di installazione o altro, contatta il nostro team di assistenza tramite live chat o e-mail.<\/p>\n<p><img loading=\"lazy\" decoding=\"async\" src=\"https:\/\/luckycaponecasino.com\/wp-content\/uploads\/2026\/01\/Luckycapone-Android.webp\" alt=\"Luckycapone Android\" width=\"1248\" height=\"536\" \/><\/p>\n<\/div><\/div><div style=\"clear: both\"><\/div><div class=\"d-flex justify-content-center\"><button data-item=\"decouvrez_link\" data-group=\"website_links\" class=\"goto fw-bold rounded-pill btn btn-orange\" aria-label=\"Scarica Luckycapone\" >Scarica Luckycapone<\/button><\/div><\/p>\n<h2>Vantaggi dell&#8217;app Luckycapone<\/h2>\n<p>L&#8217;app Luckycapone offre accesso al casin\u00f2 con la massima flessibilit\u00e0. Ha le stesse caratteristiche di base della versione per PC, ma con la comodit\u00e0 del gioco mobile. Il software \u00e8 progettato per la portabilit\u00e0 e il controllo touchscreen per giocare in movimento. La versione per PC beneficia di uno schermo pi\u00f9 grande, mentre l&#8217;app Luckycapone si distingue per il suo accesso rapido. Entrambe le versioni supportano la gestione completa dell&#8217;account e tutte le altre funzionalit\u00e0, come il processo di verifica.<\/p>\n<table>\n<tbody>\n<tr>\n<td>Aspetto<\/td>\n<td>App Luckycapone<\/td>\n<td>Versione PC<\/td>\n<\/tr>\n<tr>\n<td>Mobilit\u00e0<\/td>\n<td>Accedi al casin\u00f2 mobile ovunque ti trovi<\/td>\n<td>Fissato a una posizione desktop<\/td>\n<\/tr>\n<tr>\n<td>Controlli<\/td>\n<td>Navigazione touch<\/td>\n<td>Input tramite mouse e tastiera<\/td>\n<\/tr>\n<tr>\n<td>Velocit\u00e0 di accesso<\/td>\n<td>Si apre istantaneamente dalla schermata iniziale<\/td>\n<td>Richiede un browser o un collegamento<\/td>\n<\/tr>\n<tr>\n<td>Esperienza visiva<\/td>\n<td>Ottimizzata per schermi pi\u00f9 piccoli<\/td>\n<td>Visualizzazione pi\u00f9 ampia per immagini dettagliate<\/td>\n<\/tr>\n<tr>\n<td>Aggiornamenti<\/td>\n<td>Avvisi e notifiche in-app<\/td>\n<td>Controllo manuale richiesto<\/td>\n<\/tr>\n<tr>\n<td>Accesso alla piattaforma<\/td>\n<td>Tutte le funzionalit\u00e0 disponibili<\/td>\n<td>Tutte le funzionalit\u00e0 disponibili<\/td>\n<\/tr>\n<\/tbody>\n<\/table>\n<p><div class=\"scrollable-content-wrap my-5\"><div class=\"scrollable-content-inner\"><h2>Applicazione mobile per iPhone e iPad<\/h2>\n<p>Il software Luckycapone per iPhone e iPad funziona con tutte le funzionalit\u00e0 del casin\u00f2 sui dispositivi iOS. L&#8217;app si avvia tramite il browser Safari e funziona come un&#8217;applicazione web progressiva. Non \u00e8 necessario scaricare nulla dall&#8217;App Store n\u00e9 installare file di grandi dimensioni. Questa configurazione supporta un caricamento pi\u00f9 veloce e un funzionamento stabile di tutti i giochi. Una volta aggiunta alla schermata iniziale, l&#8217;app Luckycapone \u00e8 disponibile con un solo tocco. Il software offre notifiche su promozioni, tornei e importanti aggiornamenti dell&#8217;account. I giocatori possono giocare alle slot online, ai giochi da tavolo e ai giochi da casin\u00f2 dal vivo all&#8217;interno dell&#8217;app.<\/p>\n<h3>Come configurare l&#8217;app iOS<\/h3>\n<ol>\n<li>Apri il sito web Luckycapone in Safari.<\/li>\n<li>Tocca l&#8217;icona Condividi.<\/li>\n<li>Seleziona &#8220;Aggiungi alla schermata Home&#8221;.<\/li>\n<li>Conferma e tocca l&#8217;icona sulla schermata iniziale.<\/li>\n<\/ol>\n<p><img loading=\"lazy\" decoding=\"async\" src=\"https:\/\/luckycaponecasino.com\/wp-content\/uploads\/2026\/01\/Luckycapone-iOS.webp\" alt=\"Luckycapone iOS\" width=\"1248\" height=\"536\" \/><\/p>\n<\/div><\/div><div style=\"clear: both\"><\/div><div class=\"d-flex justify-content-center\"><button data-item=\"decouvrez_link\" data-group=\"website_links\" class=\"goto fw-bold rounded-pill btn btn-orange\" aria-label=\"Scarica l&#039;app Luckycapone\" >Scarica l&#039;app Luckycapone<\/button><\/div><div class=\"scrollable-content-wrap my-5\"><div class=\"scrollable-content-inner\"><h2>Domande frequenti<\/h2>\n<h3>La versione Android dell&#8217;app Luckycapone supporta le versioni precedenti del sistema operativo?<\/h3>\n<p>S\u00ec, la versione Android dell&#8217;app Luckycapone supporta un&#8217;ampia gamma di versioni del sistema operativo Android. Il software \u00e8 progettato come un&#8217;applicazione web progressiva (PWA). Le PWA funzionano sulla maggior parte dei dispositivi Android moderni senza requisiti software rigorosi. Con un browser mobile aggiornato e una connessione Internet stabile, i giocatori possono divertirsi al casin\u00f2 senza alcun problema.<\/p>\n<h3>Quanto spazio di archiviazione \u00e8 necessario per installare l&#8217;app sui dispositivi mobili?<\/h3>\n<p>Rispetto al software tradizionale, l&#8217;app Luckycapone non occupa molto spazio. Non gestisce file o dati di grandi dimensioni perch\u00e9 \u00e8 una PWA piuttosto che un pacchetto software completo. L&#8217;app salva solo gli elementi dell&#8217;interfaccia e i collegamenti necessari, quindi non occupa molto spazio sul dispositivo.<\/p>\n<h3>L&#8217;app Lucky Capone include modalit\u00e0 offline o richiede una connessione Internet costante?<\/h3>\n<p>L&#8217;app Luckycapone richiede una connessione Internet costante per funzionare correttamente. Tutte le slot online, i giochi da tavolo e i giochi con croupier dal vivo, cos\u00ec come le transazioni, i tornei e altre funzionalit\u00e0, si basano su dati in tempo reale e su una connessione sicura al server. Le modalit\u00e0 offline non sono disponibili, poich\u00e9 l&#8217;intero processo di gioco si svolge online.<\/p>\n<\/div><\/div><\/p>\n","protected":false},"excerpt":{"rendered":"<p>App mobile Luckycapone Luckycapone app offre tutte le funzionalit\u00e0 di un casin\u00f2 in formato mobile. Il software Luckycapone ti d\u00e0 pieno accesso a giochi incredibili e generosi bonus disponibili nelle versioni per PC e browser web. \u00c8 progettato per garantire prestazioni superiori. I giocatori italiani possono utilizzare tutti gli strumenti del casin\u00f2 tramite l&#8217;app Luckycapone [&hellip;]<\/p>\n","protected":false},"author":1,"featured_media":0,"parent":0,"menu_order":0,"comment_status":"closed","ping_status":"closed","template":"template-builder.php","meta":{"_acf_changed":false,"inline_featured_image":false,"footnotes":""},"class_list":["post-1420","page","type-page","status-publish","hentry"],"acf":[],"yoast_head":"<!-- This site is optimized with the Yoast SEO plugin v27.3 - https:\/\/yoast.com\/product\/yoast-seo-wordpress\/ -->\n<title>Luckycapone App per iOS e Android<\/title>\n<meta name=\"description\" content=\"Lucky Capone App offre un&#039;esperienza di gioco completa su iOS, Android, Windows e macOS, con sincronizzazione dell&#039;account su tutti i dispositivi. Migliaia di slot, jackpot e tavoli con croupier dal vivo sono ora disponibili ovunque.\" \/>\n<meta name=\"robots\" content=\"index, follow, max-snippet:-1, max-image-preview:large, max-video-preview:-1\" \/>\n<link rel=\"canonical\" href=\"https:\/\/luckycaponecasino.com\/it\/applicazione\/\" \/>\n<meta property=\"og:locale\" content=\"it_IT\" \/>\n<meta property=\"og:type\" content=\"article\" \/>\n<meta property=\"og:title\" content=\"Luckycapone App per iOS e Android\" \/>\n<meta property=\"og:description\" content=\"Lucky Capone App offre un&#039;esperienza di gioco completa su iOS, Android, Windows e macOS, con sincronizzazione dell&#039;account su tutti i dispositivi. Migliaia di slot, jackpot e tavoli con croupier dal vivo sono ora disponibili ovunque.\" \/>\n<meta property=\"og:url\" content=\"https:\/\/luckycaponecasino.com\/it\/applicazione\/\" \/>\n<meta property=\"og:site_name\" content=\"luckycapone\" \/>\n<meta property=\"article:modified_time\" content=\"2026-01-27T11:52:56+00:00\" \/>\n<meta name=\"twitter:card\" content=\"summary_large_image\" \/>\n<meta name=\"twitter:label1\" content=\"Est. reading time\" \/>\n\t<meta name=\"twitter:data1\" content=\"1 minuto\" \/>\n<script type=\"application\/ld+json\" class=\"yoast-schema-graph\">{\"@context\":\"https:\\\/\\\/schema.org\",\"@graph\":[{\"@type\":\"WebPage\",\"@id\":\"https:\\\/\\\/luckycaponecasino.com\\\/it\\\/applicazione\\\/\",\"url\":\"https:\\\/\\\/luckycaponecasino.com\\\/it\\\/applicazione\\\/\",\"name\":\"Luckycapone App per iOS e Android\",\"isPartOf\":{\"@id\":\"https:\\\/\\\/luckycaponecasino.com\\\/it\\\/#website\"},\"datePublished\":\"2026-01-27T08:40:06+00:00\",\"dateModified\":\"2026-01-27T11:52:56+00:00\",\"description\":\"Lucky Capone App offre un'esperienza di gioco completa su iOS, Android, Windows e macOS, con sincronizzazione dell'account su tutti i dispositivi. Migliaia di slot, jackpot e tavoli con croupier dal vivo sono ora disponibili ovunque.\",\"breadcrumb\":{\"@id\":\"https:\\\/\\\/luckycaponecasino.com\\\/it\\\/applicazione\\\/#breadcrumb\"},\"inLanguage\":\"it-IT\",\"potentialAction\":[{\"@type\":\"ReadAction\",\"target\":[\"https:\\\/\\\/luckycaponecasino.com\\\/it\\\/applicazione\\\/\"]}]},{\"@type\":\"BreadcrumbList\",\"@id\":\"https:\\\/\\\/luckycaponecasino.com\\\/it\\\/applicazione\\\/#breadcrumb\",\"itemListElement\":[{\"@type\":\"ListItem\",\"position\":1,\"name\":\"Luckycapone\",\"item\":\"https:\\\/\\\/luckycaponecasino.com\\\/it\\\/\"},{\"@type\":\"ListItem\",\"position\":2,\"name\":\"Applicazione\"}]},{\"@type\":\"WebSite\",\"@id\":\"https:\\\/\\\/luckycaponecasino.com\\\/it\\\/#website\",\"url\":\"https:\\\/\\\/luckycaponecasino.com\\\/it\\\/\",\"name\":\"Luckycapone\",\"description\":\"\",\"publisher\":{\"@id\":\"https:\\\/\\\/luckycaponecasino.com\\\/it\\\/#organization\"},\"potentialAction\":[{\"@type\":\"SearchAction\",\"target\":{\"@type\":\"EntryPoint\",\"urlTemplate\":\"https:\\\/\\\/luckycaponecasino.com\\\/it\\\/?s={search_term_string}\"},\"query-input\":{\"@type\":\"PropertyValueSpecification\",\"valueRequired\":true,\"valueName\":\"search_term_string\"}}],\"inLanguage\":\"it-IT\"},{\"@type\":\"Organization\",\"@id\":\"https:\\\/\\\/luckycaponecasino.com\\\/it\\\/#organization\",\"name\":\"Luckycapone\",\"url\":\"https:\\\/\\\/luckycaponecasino.com\\\/it\\\/\",\"logo\":{\"@type\":\"ImageObject\",\"inLanguage\":\"it-IT\",\"@id\":\"https:\\\/\\\/luckycaponecasino.com\\\/it\\\/#\\\/schema\\\/logo\\\/image\\\/\",\"url\":\"https:\\\/\\\/luckycaponecasino.com\\\/wp-content\\\/uploads\\\/2026\\\/01\\\/logo-luckycapone.png\",\"contentUrl\":\"https:\\\/\\\/luckycaponecasino.com\\\/wp-content\\\/uploads\\\/2026\\\/01\\\/logo-luckycapone.png\",\"width\":70,\"height\":24,\"caption\":\"Luckycapone\"},\"image\":{\"@id\":\"https:\\\/\\\/luckycaponecasino.com\\\/it\\\/#\\\/schema\\\/logo\\\/image\\\/\"}}]}<\/script>\n<!-- \/ Yoast SEO plugin. -->","yoast_head_json":{"title":"Luckycapone App per iOS e Android","description":"Lucky Capone App offre un'esperienza di gioco completa su iOS, Android, Windows e macOS, con sincronizzazione dell'account su tutti i dispositivi. Migliaia di slot, jackpot e tavoli con croupier dal vivo sono ora disponibili ovunque.","robots":{"index":"index","follow":"follow","max-snippet":"max-snippet:-1","max-image-preview":"max-image-preview:large","max-video-preview":"max-video-preview:-1"},"canonical":"https:\/\/luckycaponecasino.com\/it\/applicazione\/","og_locale":"it_IT","og_type":"article","og_title":"Luckycapone App per iOS e Android","og_description":"Lucky Capone App offre un'esperienza di gioco completa su iOS, Android, Windows e macOS, con sincronizzazione dell'account su tutti i dispositivi. Migliaia di slot, jackpot e tavoli con croupier dal vivo sono ora disponibili ovunque.","og_url":"https:\/\/luckycaponecasino.com\/it\/applicazione\/","og_site_name":"luckycapone","article_modified_time":"2026-01-27T11:52:56+00:00","twitter_card":"summary_large_image","twitter_misc":{"Est. reading time":"1 minuto"},"schema":{"@context":"https:\/\/schema.org","@graph":[{"@type":"WebPage","@id":"https:\/\/luckycaponecasino.com\/it\/applicazione\/","url":"https:\/\/luckycaponecasino.com\/it\/applicazione\/","name":"Luckycapone App per iOS e Android","isPartOf":{"@id":"https:\/\/luckycaponecasino.com\/it\/#website"},"datePublished":"2026-01-27T08:40:06+00:00","dateModified":"2026-01-27T11:52:56+00:00","description":"Lucky Capone App offre un'esperienza di gioco completa su iOS, Android, Windows e macOS, con sincronizzazione dell'account su tutti i dispositivi. Migliaia di slot, jackpot e tavoli con croupier dal vivo sono ora disponibili ovunque.","breadcrumb":{"@id":"https:\/\/luckycaponecasino.com\/it\/applicazione\/#breadcrumb"},"inLanguage":"it-IT","potentialAction":[{"@type":"ReadAction","target":["https:\/\/luckycaponecasino.com\/it\/applicazione\/"]}]},{"@type":"BreadcrumbList","@id":"https:\/\/luckycaponecasino.com\/it\/applicazione\/#breadcrumb","itemListElement":[{"@type":"ListItem","position":1,"name":"Luckycapone","item":"https:\/\/luckycaponecasino.com\/it\/"},{"@type":"ListItem","position":2,"name":"Applicazione"}]},{"@type":"WebSite","@id":"https:\/\/luckycaponecasino.com\/it\/#website","url":"https:\/\/luckycaponecasino.com\/it\/","name":"Luckycapone","description":"","publisher":{"@id":"https:\/\/luckycaponecasino.com\/it\/#organization"},"potentialAction":[{"@type":"SearchAction","target":{"@type":"EntryPoint","urlTemplate":"https:\/\/luckycaponecasino.com\/it\/?s={search_term_string}"},"query-input":{"@type":"PropertyValueSpecification","valueRequired":true,"valueName":"search_term_string"}}],"inLanguage":"it-IT"},{"@type":"Organization","@id":"https:\/\/luckycaponecasino.com\/it\/#organization","name":"Luckycapone","url":"https:\/\/luckycaponecasino.com\/it\/","logo":{"@type":"ImageObject","inLanguage":"it-IT","@id":"https:\/\/luckycaponecasino.com\/it\/#\/schema\/logo\/image\/","url":"https:\/\/luckycaponecasino.com\/wp-content\/uploads\/2026\/01\/logo-luckycapone.png","contentUrl":"https:\/\/luckycaponecasino.com\/wp-content\/uploads\/2026\/01\/logo-luckycapone.png","width":70,"height":24,"caption":"Luckycapone"},"image":{"@id":"https:\/\/luckycaponecasino.com\/it\/#\/schema\/logo\/image\/"}}]}},"_links":{"self":[{"href":"https:\/\/luckycaponecasino.com\/it\/wp-json\/wp\/v2\/pages\/1420","targetHints":{"allow":["GET"]}}],"collection":[{"href":"https:\/\/luckycaponecasino.com\/it\/wp-json\/wp\/v2\/pages"}],"about":[{"href":"https:\/\/luckycaponecasino.com\/it\/wp-json\/wp\/v2\/types\/page"}],"author":[{"embeddable":true,"href":"https:\/\/luckycaponecasino.com\/it\/wp-json\/wp\/v2\/users\/1"}],"replies":[{"embeddable":true,"href":"https:\/\/luckycaponecasino.com\/it\/wp-json\/wp\/v2\/comments?post=1420"}],"version-history":[{"count":2,"href":"https:\/\/luckycaponecasino.com\/it\/wp-json\/wp\/v2\/pages\/1420\/revisions"}],"predecessor-version":[{"id":1712,"href":"https:\/\/luckycaponecasino.com\/it\/wp-json\/wp\/v2\/pages\/1420\/revisions\/1712"}],"wp:attachment":[{"href":"https:\/\/luckycaponecasino.com\/it\/wp-json\/wp\/v2\/media?parent=1420"}],"curies":[{"name":"wp","href":"https:\/\/api.w.org\/{rel}","templated":true}]}}