{"id":1457,"date":"2026-01-27T08:42:04","date_gmt":"2026-01-27T08:42:04","guid":{"rendered":"https:\/\/luckycaponecasino.com\/login-and-registration\/"},"modified":"2026-01-27T10:06:03","modified_gmt":"2026-01-27T10:06:03","slug":"connexion-et-inscription","status":"publish","type":"page","link":"https:\/\/luckycaponecasino.com\/fr\/connexion-et-inscription\/","title":{"rendered":"Connexion et inscription"},"content":{"rendered":"<h1>Processus de connexion et d&rsquo;inscription \u00e0 Luckycapone<\/h1>\n<p>Vous pouvez rapidement effectuer la proc\u00e9dure de Luckycapone login depuis un ordinateur de bureau ou un appareil mobile. Les joueurs doivent s&rsquo;inscrire et suivre la proc\u00e9dure de connexion avant de pouvoir profiter du casino. Les utilisateurs qui se sont inscrits peuvent g\u00e9rer leur profil, jouer \u00e0 des jeux et utiliser toutes les fonctionnalit\u00e9s de la plateforme.<\/p>\n<p><div class=\"banner-wrap\" aria-label=\"Banner\"><img src=\"https:\/\/luckycaponecasino.com\/wp-content\/uploads\/2026\/01\/Luckycapone-banner.webp\" class=\"w-100 d-none d-lg-block img-pc main-banner-img\" alt=\"Luckycapone banner\" fetchpriority=\"high\" decoding=\"async\"><img src=\"https:\/\/luckycaponecasino.com\/wp-content\/uploads\/2026\/01\/Mobile-banner.webp\" class=\"w-100 d-none d-md-block d-lg-none main-banner-img\" alt=\"Mobile banner\" fetchpriority=\"high\" decoding=\"async\"><img src=\"https:\/\/luckycaponecasino.com\/wp-content\/uploads\/2026\/01\/Mobile-banner.webp\" class=\"w-100 d-md-none\" alt=\"Mobile banner\" fetchpriority=\"high\" decoding=\"async\"><div class=\"banner-description\">\n<div class=\"banner-title\">Bonus de bienvenue<\/div>\n<p class=\"banner-header-title\">1500 \u20ac<\/p>\n<div class=\"banner-header-AdditionalText\">+ 250 Tours gratuits<\/div>\n<button data-item=\"homepage_banner_link\" class=\"goto m-button m-gradient-border m-button--primary m-button--large banner-button btn-orange\">\n            <div class=\"m-button-content\">\n                <span>Inscrivez-vous d\u00e8s maintenant<\/span>\n                <span><\/span>\n            <\/div>\n        <\/button>\n<\/div>\n<div class=\"WelcomePack\">\n<p><img loading=\"lazy\" decoding=\"async\" class=\"alignnone size-full wp-image-1335\" src=\"https:\/\/luckycaponecasino.com\/wp-content\/uploads\/2026\/01\/welcome-crown.png\" alt=\"welcome crown\" width=\"25\" height=\"26\" \/><\/p>\n<div class=\"WelcomePack-Info\">Cashback hebdomadaire jusqu&rsquo;\u00e0 25 %<\/div>\n<p><img loading=\"lazy\" decoding=\"async\" class=\"alignnone size-full wp-image-1335\" src=\"https:\/\/luckycaponecasino.com\/wp-content\/uploads\/2026\/01\/welcome-crown.png\" alt=\"welcome crown\" width=\"25\" height=\"26\" \/><\/p>\n<\/div>\n<\/div><div class=\"scrollable-content-wrap my-5\"><div class=\"scrollable-content-inner\"><h2>Pourquoi la v\u00e9rification est-elle importante pour la s\u00e9curit\u00e9 des joueurs ?<\/h2>\n<p>Le processus de v\u00e9rification chez Lucky Capone est un \u00e9l\u00e9ment cl\u00e9 pour assurer la s\u00e9curit\u00e9 des joueurs. Nous v\u00e9rifions le nom, l&rsquo;adresse et les informations de paiement de chaque joueur afin de pr\u00e9venir la fraude et les acc\u00e8s non autoris\u00e9s. Ce processus permet \u00e9galement de confirmer la conformit\u00e9 aux exigences en mati\u00e8re de licence. Seuls les comptes v\u00e9rifi\u00e9s ont acc\u00e8s \u00e0 toutes les fonctions financi\u00e8res. Apr\u00e8s la v\u00e9rification de leur compte, les joueurs peuvent retirer leurs gains et utiliser leurs fonds bonus.<\/p>\n<p>Pour terminer la v\u00e9rification, les joueurs doivent simplement t\u00e9l\u00e9charger des documents. Vous devez t\u00e9l\u00e9charger des copies lisibles des documents prouvant votre identit\u00e9 ou confirmant votre adresse. Vos documents sont g\u00e9n\u00e9ralement v\u00e9rifi\u00e9s par notre \u00e9quipe dans les 48 heures. La v\u00e9rification nous aide \u00e0 garantir une exp\u00e9rience s\u00e9curis\u00e9e \u00e0 tous les joueurs de Luckycapone.<\/p>\n<h2>Inscrivez-vous sur Luckycapone<\/h2>\n<p>L&rsquo;inscription sur Luckycapone vous donne un acc\u00e8s complet au casino. Apr\u00e8s leur inscription, les utilisateurs peuvent jouer, recevoir des bonus, participer \u00e0 des tournois et g\u00e9rer leurs comptes. Nous prot\u00e9geons tous les utilisateurs inscrits en s\u00e9curisant leurs activit\u00e9s de jeu, leurs d\u00e9p\u00f4ts et leurs retraits. Apr\u00e8s leur inscription, les utilisateurs de Luckycapone peuvent participer \u00e0 des tournois et b\u00e9n\u00e9ficier de privil\u00e8ges VIP.<\/p>\n<h3>Comment configurer votre profil<\/h3>\n<ol>\n<li>Cliquez sur le bouton \u00ab S&rsquo;inscrire \u00bb sur la page d&rsquo;accueil du casino Luckycapone.<\/li>\n<li>Saisissez votre adresse e-mail et cr\u00e9ez un mot de passe.<\/li>\n<li>Acceptez la politique de confidentialit\u00e9 et les conditions d&rsquo;utilisation.<\/li>\n<li>Confirmez votre inscription via l&rsquo;e-mail d&rsquo;activation.<\/li>\n<li>Connectez-vous \u00e0 votre compte.<\/li>\n<\/ol>\n<h3>Probl\u00e8mes courants lors de la cr\u00e9ation d&rsquo;un compte et comment les \u00e9viter<\/h3>\n<p>Certains utilisateurs peuvent rencontrer des probl\u00e8mes lors de l&rsquo;inscription ou de la connexion \u00e0 Luckycapone. Les joueurs peuvent rencontrer des probl\u00e8mes tels que des adresses e-mail incorrectes, des mots de passe trop faibles, des e-mails d&rsquo;activation retard\u00e9s, etc. Pour \u00e9viter tout probl\u00e8me, veuillez v\u00e9rifier vos informations. Si vous rencontrez des difficult\u00e9s, notre \u00e9quipe d&rsquo;assistance disponible 24h\/24 et 7j\/7 est l\u00e0 pour vous aider.<\/p>\n<h2>Connectez-vous \u00e0 votre compte Lucky Capone<\/h2>\n<p>Le processus de connexion \u00e0 Lucky Capone vous donne un acc\u00e8s complet \u00e0 toutes les fonctionnalit\u00e9s du casino et \u00e0 des outils personnalis\u00e9s. Le syst\u00e8me de connexion est con\u00e7u pour \u00eatre simple et enti\u00e8rement fonctionnel sur les ordinateurs de bureau, les appareils mobiles et dans l&rsquo;application. Apr\u00e8s s&rsquo;\u00eatre connect\u00e9s \u00e0 Luckycapone, les joueurs peuvent utiliser le casino, par exemple pour jouer \u00e0 des jeux, g\u00e9rer les param\u00e8tres de leur compte, effectuer le processus de v\u00e9rification et suivre leur activit\u00e9 de jeu.<\/p>\n<p>Comment vous connecter \u00e0 votre compte Lucky Capone :<\/p>\n<ol>\n<li>Cliquez sur le bouton de connexion.<\/li>\n<li>Saisissez l&rsquo;adresse e-mail associ\u00e9e \u00e0 votre compte.<\/li>\n<li>Saisissez votre mot de passe.<\/li>\n<li>S\u00e9lectionnez \u00ab Connexion \u00bb.<\/li>\n<\/ol>\n<h2>Gestion des pr\u00e9f\u00e9rences de profil et des donn\u00e9es personnelles<\/h2>\n<p>La gestion des param\u00e8tres de votre profil et de vos donn\u00e9es personnelles sur Lucky Capone est facile \u00e0 contr\u00f4ler depuis votre compte personnel. Apr\u00e8s leur inscription, les joueurs peuvent mettre \u00e0 jour leurs donn\u00e9es personnelles et bien plus encore. Luckycapone Casino prend en charge des m\u00e9thodes de s\u00e9curit\u00e9 modernes, telles que les proc\u00e9dures de v\u00e9rification et le traitement crypt\u00e9 des donn\u00e9es. Les joueurs peuvent \u00e9galement activer des outils de jeu responsable : limites de d\u00e9p\u00f4t, limites de temps ou auto-exclusion.<\/p>\n<p>Depuis votre compte, vous pouvez g\u00e9rer vos transactions et vos bonus, ainsi que participer \u00e0 des tournois. Dans la section profil, vous pouvez acc\u00e9der \u00e0 votre historique de jeu et suivre vos r\u00e9sultats. Si vous avez besoin d&rsquo;aide, notre service d&rsquo;assistance multilingue est disponible par chat en direct ou par e-mail.<\/p>\n<h3>D\u00e9pannage des erreurs de connexion et des probl\u00e8mes d&rsquo;acc\u00e8s<\/h3>\n<p>Les probl\u00e8mes li\u00e9s \u00e0 la connexion \u00e0 Luckycapone ou les erreurs d&rsquo;acc\u00e8s peuvent \u00eatre rapidement r\u00e9solus \u00e0 l&rsquo;aide des outils de r\u00e9cup\u00e9ration int\u00e9gr\u00e9s. Si vous avez oubli\u00e9 votre mot de passe ou si vous ne parvenez pas \u00e0 acc\u00e9der \u00e0 votre compte, utilisez l&rsquo;option de r\u00e9initialisation du mot de passe. L&rsquo;option de r\u00e9initialisation du mot de passe r\u00e9tablit l&rsquo;acc\u00e8s en quelques \u00e9tapes seulement.<\/p>\n<ol>\n<li>Ouvrez la page de connexion Luckycapone.<\/li>\n<li>Cliquez sur \u00ab Mot de passe oubli\u00e9 ? \u00bb.<\/li>\n<li>Saisissez l&rsquo;adresse e-mail associ\u00e9e \u00e0 votre compte.<\/li>\n<li>Suivez le lien figurant dans l&rsquo;e-mail de r\u00e9initialisation du mot de passe et cr\u00e9ez un nouveau mot de passe.<\/li>\n<li>Connectez-vous avec votre nouveau mot de passe.<\/li>\n<\/ol>\n<h2>FAQ<\/h2>\n<h3>Combien de temps prend g\u00e9n\u00e9ralement la v\u00e9rification d&rsquo;identit\u00e9 une fois les documents soumis ?<\/h3>\n<p>La v\u00e9rification d&rsquo;identit\u00e9 chez Luckycapone est g\u00e9n\u00e9ralement effectu\u00e9e dans les 48 heures. Elle est souvent plus rapide si les documents sont de bonne qualit\u00e9. Notre \u00e9quipe v\u00e9rifie soigneusement les informations afin de renforcer la s\u00e9curit\u00e9. Les joueurs re\u00e7oivent une notification lorsque la v\u00e9rification est termin\u00e9e.<\/p>\n<h3>Est-il possible de modifier ses informations personnelles apr\u00e8s avoir cr\u00e9\u00e9 son profil ?<\/h3>\n<p>Oui, les informations personnelles peuvent \u00eatre mises \u00e0 jour apr\u00e8s la cr\u00e9ation d&rsquo;un profil. Les joueurs peuvent modifier leurs coordonn\u00e9es et les param\u00e8tres de leur compte dans la section \u00ab Profil \u00bb. Si les modifications concernent des donn\u00e9es confidentielles, telles que le nom, une v\u00e9rification suppl\u00e9mentaire peut \u00eatre n\u00e9cessaire. Vous pouvez contacter l&rsquo;\u00e9quipe d&rsquo;assistance de Lucky Capone pour obtenir de l&rsquo;aide \u00e0 ce sujet.<\/p>\n<h3>Existe-t-il d&rsquo;autres options de r\u00e9cup\u00e9ration que l&rsquo;e-mail pour r\u00e9initialiser le mot de passe ?<\/h3>\n<p>L&rsquo;e-mail est le principal moyen de r\u00e9cup\u00e9ration du mot de passe sur Luckycapone Casino. Cela permet une proc\u00e9dure de r\u00e9cup\u00e9ration s\u00e9curis\u00e9e. Si un joueur ne parvient pas \u00e0 acc\u00e9der \u00e0 son e-mail, notre \u00e9quipe d&rsquo;assistance peut l&rsquo;aider \u00e0 v\u00e9rifier son identit\u00e9 et \u00e0 restaurer son acc\u00e8s.<\/p>\n<\/div><\/div><\/p>\n","protected":false},"excerpt":{"rendered":"<p>Processus de connexion et d&rsquo;inscription \u00e0 Luckycapone Vous pouvez rapidement effectuer la proc\u00e9dure de Luckycapone login depuis un ordinateur de bureau ou un appareil mobile. Les joueurs doivent s&rsquo;inscrire et suivre la proc\u00e9dure de connexion avant de pouvoir profiter du casino. Les utilisateurs qui se sont inscrits peuvent g\u00e9rer leur profil, jouer \u00e0 des jeux [&hellip;]<\/p>\n","protected":false},"author":1,"featured_media":0,"parent":0,"menu_order":0,"comment_status":"closed","ping_status":"closed","template":"template-builder.php","meta":{"_acf_changed":false,"inline_featured_image":false,"footnotes":""},"class_list":["post-1457","page","type-page","status-publish","hentry"],"acf":[],"yoast_head":"<!-- This site is optimized with the Yoast SEO plugin v27.3 - https:\/\/yoast.com\/product\/yoast-seo-wordpress\/ -->\n<title>Luckycapone Login et inscription<\/title>\n<meta name=\"description\" content=\"Lucky Capone login permet aux joueurs d&#039;acc\u00e9der en toute s\u00e9curit\u00e9 \u00e0 leur tableau de bord personnel pour g\u00e9rer leurs bonus, leurs d\u00e9p\u00f4ts et les d\u00e9tails de leur compte. Tous les param\u00e8tres de profil, les \u00e9tapes de v\u00e9rification et les options de paiement sont regroup\u00e9s au m\u00eame endroit.\" \/>\n<meta name=\"robots\" content=\"index, follow, max-snippet:-1, max-image-preview:large, max-video-preview:-1\" \/>\n<link rel=\"canonical\" href=\"https:\/\/luckycaponecasino.com\/fr\/connexion-et-inscription\/\" \/>\n<meta property=\"og:locale\" content=\"fr_FR\" \/>\n<meta property=\"og:type\" content=\"article\" \/>\n<meta property=\"og:title\" content=\"Luckycapone Login et inscription\" \/>\n<meta property=\"og:description\" content=\"Lucky Capone login permet aux joueurs d&#039;acc\u00e9der en toute s\u00e9curit\u00e9 \u00e0 leur tableau de bord personnel pour g\u00e9rer leurs bonus, leurs d\u00e9p\u00f4ts et les d\u00e9tails de leur compte. Tous les param\u00e8tres de profil, les \u00e9tapes de v\u00e9rification et les options de paiement sont regroup\u00e9s au m\u00eame endroit.\" \/>\n<meta property=\"og:url\" content=\"https:\/\/luckycaponecasino.com\/fr\/connexion-et-inscription\/\" \/>\n<meta property=\"og:site_name\" content=\"luckycapone\" \/>\n<meta property=\"article:modified_time\" content=\"2026-01-27T10:06:03+00:00\" \/>\n<meta name=\"twitter:card\" content=\"summary_large_image\" \/>\n<meta name=\"twitter:label1\" content=\"Dur\u00e9e de lecture estim\u00e9e\" \/>\n\t<meta name=\"twitter:data1\" content=\"1 minute\" \/>\n<script type=\"application\/ld+json\" class=\"yoast-schema-graph\">{\"@context\":\"https:\\\/\\\/schema.org\",\"@graph\":[{\"@type\":\"WebPage\",\"@id\":\"https:\\\/\\\/luckycaponecasino.com\\\/fr\\\/connexion-et-inscription\\\/\",\"url\":\"https:\\\/\\\/luckycaponecasino.com\\\/fr\\\/connexion-et-inscription\\\/\",\"name\":\"Luckycapone Login et inscription\",\"isPartOf\":{\"@id\":\"https:\\\/\\\/luckycaponecasino.com\\\/fr\\\/#website\"},\"datePublished\":\"2026-01-27T08:42:04+00:00\",\"dateModified\":\"2026-01-27T10:06:03+00:00\",\"description\":\"Lucky Capone login permet aux joueurs d'acc\u00e9der en toute s\u00e9curit\u00e9 \u00e0 leur tableau de bord personnel pour g\u00e9rer leurs bonus, leurs d\u00e9p\u00f4ts et les d\u00e9tails de leur compte. Tous les param\u00e8tres de profil, les \u00e9tapes de v\u00e9rification et les options de paiement sont regroup\u00e9s au m\u00eame endroit.\",\"breadcrumb\":{\"@id\":\"https:\\\/\\\/luckycaponecasino.com\\\/fr\\\/connexion-et-inscription\\\/#breadcrumb\"},\"inLanguage\":\"fr-FR\",\"potentialAction\":[{\"@type\":\"ReadAction\",\"target\":[\"https:\\\/\\\/luckycaponecasino.com\\\/fr\\\/connexion-et-inscription\\\/\"]}]},{\"@type\":\"BreadcrumbList\",\"@id\":\"https:\\\/\\\/luckycaponecasino.com\\\/fr\\\/connexion-et-inscription\\\/#breadcrumb\",\"itemListElement\":[{\"@type\":\"ListItem\",\"position\":1,\"name\":\"Luckycapone\",\"item\":\"https:\\\/\\\/luckycaponecasino.com\\\/fr\\\/\"},{\"@type\":\"ListItem\",\"position\":2,\"name\":\"Connexion et inscription\"}]},{\"@type\":\"WebSite\",\"@id\":\"https:\\\/\\\/luckycaponecasino.com\\\/fr\\\/#website\",\"url\":\"https:\\\/\\\/luckycaponecasino.com\\\/fr\\\/\",\"name\":\"Luckycapone\",\"description\":\"\",\"publisher\":{\"@id\":\"https:\\\/\\\/luckycaponecasino.com\\\/fr\\\/#organization\"},\"potentialAction\":[{\"@type\":\"SearchAction\",\"target\":{\"@type\":\"EntryPoint\",\"urlTemplate\":\"https:\\\/\\\/luckycaponecasino.com\\\/fr\\\/?s={search_term_string}\"},\"query-input\":{\"@type\":\"PropertyValueSpecification\",\"valueRequired\":true,\"valueName\":\"search_term_string\"}}],\"inLanguage\":\"fr-FR\"},{\"@type\":\"Organization\",\"@id\":\"https:\\\/\\\/luckycaponecasino.com\\\/fr\\\/#organization\",\"name\":\"Luckycapone\",\"url\":\"https:\\\/\\\/luckycaponecasino.com\\\/fr\\\/\",\"logo\":{\"@type\":\"ImageObject\",\"inLanguage\":\"fr-FR\",\"@id\":\"https:\\\/\\\/luckycaponecasino.com\\\/fr\\\/#\\\/schema\\\/logo\\\/image\\\/\",\"url\":\"https:\\\/\\\/luckycaponecasino.com\\\/wp-content\\\/uploads\\\/2026\\\/01\\\/logo-luckycapone.png\",\"contentUrl\":\"https:\\\/\\\/luckycaponecasino.com\\\/wp-content\\\/uploads\\\/2026\\\/01\\\/logo-luckycapone.png\",\"width\":70,\"height\":24,\"caption\":\"Luckycapone\"},\"image\":{\"@id\":\"https:\\\/\\\/luckycaponecasino.com\\\/fr\\\/#\\\/schema\\\/logo\\\/image\\\/\"}}]}<\/script>\n<!-- \/ Yoast SEO plugin. -->","yoast_head_json":{"title":"Luckycapone Login et inscription","description":"Lucky Capone login permet aux joueurs d'acc\u00e9der en toute s\u00e9curit\u00e9 \u00e0 leur tableau de bord personnel pour g\u00e9rer leurs bonus, leurs d\u00e9p\u00f4ts et les d\u00e9tails de leur compte. Tous les param\u00e8tres de profil, les \u00e9tapes de v\u00e9rification et les options de paiement sont regroup\u00e9s au m\u00eame endroit.","robots":{"index":"index","follow":"follow","max-snippet":"max-snippet:-1","max-image-preview":"max-image-preview:large","max-video-preview":"max-video-preview:-1"},"canonical":"https:\/\/luckycaponecasino.com\/fr\/connexion-et-inscription\/","og_locale":"fr_FR","og_type":"article","og_title":"Luckycapone Login et inscription","og_description":"Lucky Capone login permet aux joueurs d'acc\u00e9der en toute s\u00e9curit\u00e9 \u00e0 leur tableau de bord personnel pour g\u00e9rer leurs bonus, leurs d\u00e9p\u00f4ts et les d\u00e9tails de leur compte. Tous les param\u00e8tres de profil, les \u00e9tapes de v\u00e9rification et les options de paiement sont regroup\u00e9s au m\u00eame endroit.","og_url":"https:\/\/luckycaponecasino.com\/fr\/connexion-et-inscription\/","og_site_name":"luckycapone","article_modified_time":"2026-01-27T10:06:03+00:00","twitter_card":"summary_large_image","twitter_misc":{"Dur\u00e9e de lecture estim\u00e9e":"1 minute"},"schema":{"@context":"https:\/\/schema.org","@graph":[{"@type":"WebPage","@id":"https:\/\/luckycaponecasino.com\/fr\/connexion-et-inscription\/","url":"https:\/\/luckycaponecasino.com\/fr\/connexion-et-inscription\/","name":"Luckycapone Login et inscription","isPartOf":{"@id":"https:\/\/luckycaponecasino.com\/fr\/#website"},"datePublished":"2026-01-27T08:42:04+00:00","dateModified":"2026-01-27T10:06:03+00:00","description":"Lucky Capone login permet aux joueurs d'acc\u00e9der en toute s\u00e9curit\u00e9 \u00e0 leur tableau de bord personnel pour g\u00e9rer leurs bonus, leurs d\u00e9p\u00f4ts et les d\u00e9tails de leur compte. Tous les param\u00e8tres de profil, les \u00e9tapes de v\u00e9rification et les options de paiement sont regroup\u00e9s au m\u00eame endroit.","breadcrumb":{"@id":"https:\/\/luckycaponecasino.com\/fr\/connexion-et-inscription\/#breadcrumb"},"inLanguage":"fr-FR","potentialAction":[{"@type":"ReadAction","target":["https:\/\/luckycaponecasino.com\/fr\/connexion-et-inscription\/"]}]},{"@type":"BreadcrumbList","@id":"https:\/\/luckycaponecasino.com\/fr\/connexion-et-inscription\/#breadcrumb","itemListElement":[{"@type":"ListItem","position":1,"name":"Luckycapone","item":"https:\/\/luckycaponecasino.com\/fr\/"},{"@type":"ListItem","position":2,"name":"Connexion et inscription"}]},{"@type":"WebSite","@id":"https:\/\/luckycaponecasino.com\/fr\/#website","url":"https:\/\/luckycaponecasino.com\/fr\/","name":"Luckycapone","description":"","publisher":{"@id":"https:\/\/luckycaponecasino.com\/fr\/#organization"},"potentialAction":[{"@type":"SearchAction","target":{"@type":"EntryPoint","urlTemplate":"https:\/\/luckycaponecasino.com\/fr\/?s={search_term_string}"},"query-input":{"@type":"PropertyValueSpecification","valueRequired":true,"valueName":"search_term_string"}}],"inLanguage":"fr-FR"},{"@type":"Organization","@id":"https:\/\/luckycaponecasino.com\/fr\/#organization","name":"Luckycapone","url":"https:\/\/luckycaponecasino.com\/fr\/","logo":{"@type":"ImageObject","inLanguage":"fr-FR","@id":"https:\/\/luckycaponecasino.com\/fr\/#\/schema\/logo\/image\/","url":"https:\/\/luckycaponecasino.com\/wp-content\/uploads\/2026\/01\/logo-luckycapone.png","contentUrl":"https:\/\/luckycaponecasino.com\/wp-content\/uploads\/2026\/01\/logo-luckycapone.png","width":70,"height":24,"caption":"Luckycapone"},"image":{"@id":"https:\/\/luckycaponecasino.com\/fr\/#\/schema\/logo\/image\/"}}]}},"_links":{"self":[{"href":"https:\/\/luckycaponecasino.com\/fr\/wp-json\/wp\/v2\/pages\/1457","targetHints":{"allow":["GET"]}}],"collection":[{"href":"https:\/\/luckycaponecasino.com\/fr\/wp-json\/wp\/v2\/pages"}],"about":[{"href":"https:\/\/luckycaponecasino.com\/fr\/wp-json\/wp\/v2\/types\/page"}],"author":[{"embeddable":true,"href":"https:\/\/luckycaponecasino.com\/fr\/wp-json\/wp\/v2\/users\/1"}],"replies":[{"embeddable":true,"href":"https:\/\/luckycaponecasino.com\/fr\/wp-json\/wp\/v2\/comments?post=1457"}],"version-history":[{"count":1,"href":"https:\/\/luckycaponecasino.com\/fr\/wp-json\/wp\/v2\/pages\/1457\/revisions"}],"predecessor-version":[{"id":1560,"href":"https:\/\/luckycaponecasino.com\/fr\/wp-json\/wp\/v2\/pages\/1457\/revisions\/1560"}],"wp:attachment":[{"href":"https:\/\/luckycaponecasino.com\/fr\/wp-json\/wp\/v2\/media?parent=1457"}],"curies":[{"name":"wp","href":"https:\/\/api.w.org\/{rel}","templated":true}]}}