{"id":1415,"date":"2026-01-27T08:40:06","date_gmt":"2026-01-27T08:40:06","guid":{"rendered":"https:\/\/luckycaponecasino.com\/app\/"},"modified":"2026-01-27T10:04:59","modified_gmt":"2026-01-27T10:04:59","slug":"app","status":"publish","type":"page","link":"https:\/\/luckycaponecasino.com\/fr\/app\/","title":{"rendered":"App"},"content":{"rendered":"<h1>Application mobile Luckycapone<\/h1>\n<p>Luckycapone app offre toutes les fonctionnalit\u00e9s d&rsquo;un casino dans un format mobile. Le logiciel Luckycapone vous donne un acc\u00e8s complet \u00e0 des jeux incroyables et \u00e0 des bonus g\u00e9n\u00e9reux disponibles dans les versions PC et navigateur web. Il est con\u00e7u pour offrir des performances sup\u00e9rieures. Les joueurs peuvent utiliser tous les outils du casino via l&rsquo;application Luckycapone sans aucune restriction.<\/p>\n<p><div class=\"banner-wrap\" aria-label=\"Banner\"><img src=\"https:\/\/luckycaponecasino.com\/wp-content\/uploads\/2026\/01\/Luckycapone-banner.webp\" class=\"w-100 d-none d-lg-block img-pc main-banner-img\" alt=\"Luckycapone banner\" fetchpriority=\"high\" decoding=\"async\"><img src=\"https:\/\/luckycaponecasino.com\/wp-content\/uploads\/2026\/01\/Mobile-banner.webp\" class=\"w-100 d-none d-md-block d-lg-none main-banner-img\" alt=\"Mobile banner\" fetchpriority=\"high\" decoding=\"async\"><img src=\"https:\/\/luckycaponecasino.com\/wp-content\/uploads\/2026\/01\/Mobile-banner.webp\" class=\"w-100 d-md-none\" alt=\"Mobile banner\" fetchpriority=\"high\" decoding=\"async\"><div class=\"banner-description\">\n<div class=\"banner-title\">Bonus de bienvenue<\/div>\n<p class=\"banner-header-title\">1500 \u20ac<\/p>\n<div class=\"banner-header-AdditionalText\">+ 250 Tours gratuits<\/div>\n<button data-item=\"homepage_banner_link\" class=\"goto m-button m-gradient-border m-button--primary m-button--large banner-button btn-orange\">\n            <div class=\"m-button-content\">\n                <span>Inscrivez-vous d\u00e8s maintenant<\/span>\n                <span><\/span>\n            <\/div>\n        <\/button>\n<\/div>\n<div class=\"WelcomePack\">\n<p><img loading=\"lazy\" decoding=\"async\" class=\"alignnone size-full wp-image-1335\" src=\"https:\/\/luckycaponecasino.com\/wp-content\/uploads\/2026\/01\/welcome-crown.png\" alt=\"welcome crown\" width=\"25\" height=\"26\" \/><\/p>\n<div class=\"WelcomePack-Info\">Cashback hebdomadaire jusqu&rsquo;\u00e0 25 %<\/div>\n<p><img loading=\"lazy\" decoding=\"async\" class=\"alignnone size-full wp-image-1335\" src=\"https:\/\/luckycaponecasino.com\/wp-content\/uploads\/2026\/01\/welcome-crown.png\" alt=\"welcome crown\" width=\"25\" height=\"26\" \/><\/p>\n<\/div>\n<\/div><div class=\"scrollable-content-wrap my-5\"><div class=\"scrollable-content-inner\"><h2>T\u00e9l\u00e9charger Luckycapone pour ordinateur<\/h2>\n<p>L&rsquo;application Luckycapone pour ordinateur de bureau permet aux joueurs d&rsquo;acc\u00e9der rapidement au casino sans installation. L&rsquo;application de bureau est compatible avec Windows et Mac et fonctionne comme une application web. Notre application web peut \u00eatre ajout\u00e9e comme raccourci sur votre bureau. Une fois cr\u00e9\u00e9, ce raccourci ouvre Luckycapone comme une application distincte en un seul clic.<\/p>\n<p>La version pour ordinateur de bureau est enti\u00e8rement optimis\u00e9e pour les grands \u00e9crans et fonctionne avec des graphismes et un streaming de haute qualit\u00e9. Les joueurs ont un acc\u00e8s complet au casino : ils peuvent jouer \u00e0 des jeux et g\u00e9rer leurs comptes avec la m\u00eame exp\u00e9rience de jeu. Luckycapone pour ordinateurs de bureau offre les m\u00eames fonctionnalit\u00e9s que les versions navigateur et mobile, mais avec la commodit\u00e9 d&rsquo;un ordinateur de bureau.<\/p>\n<p><img loading=\"lazy\" decoding=\"async\" src=\"https:\/\/luckycaponecasino.com\/wp-content\/uploads\/2026\/01\/Luckycapone-Desktop.webp\" alt=\"Luckycapone Desktop\" width=\"1248\" height=\"536\" \/><\/p>\n<\/div><\/div><div style=\"clear: both\"><\/div><div class=\"d-flex justify-content-center\"><button data-item=\"decouvrez_link\" data-group=\"website_links\" class=\"goto fw-bold rounded-pill btn btn-orange\" aria-label=\"T\u00e9l\u00e9chargez l&#039;application Luckycapone\" >T\u00e9l\u00e9chargez l&#039;application Luckycapone<\/button><\/div><div class=\"scrollable-content-wrap my-5\"><div class=\"scrollable-content-inner\"><h2>Application Lucky Capone pour appareils Android<\/h2>\n<p>L&rsquo;application Lucky\u0441apone pour appareils Android permet d&rsquo;acc\u00e9der rapidement au casino. L&rsquo;application est con\u00e7ue comme une PWA Luckycapone moderne. Sur les t\u00e9l\u00e9phones et tablettes Android, vous n&rsquo;avez pas besoin de t\u00e9l\u00e9charger l&rsquo;APK Luckycapone habituel pour la faire fonctionner. L&rsquo;installation est instantan\u00e9e et ne prend pas de place suppl\u00e9mentaire dans la m\u00e9moire de l&rsquo;appareil.<\/p>\n<p>Le logiciel Android dispose de toutes les fonctionnalit\u00e9s des versions bureau et navigateur, telles que les jeux, les paiements et les promotions. Le principal avantage de notre PWA est que les utilisateurs peuvent recevoir des notifications concernant toutes les mises \u00e0 jour. Par exemple, nous vous enverrons une notification lorsque vous obtiendrez le statut VIP, lorsque votre position dans le tournoi changera ou lorsqu&rsquo;il y aura des mises \u00e0 jour de vos jeux pr\u00e9f\u00e9r\u00e9s. L&rsquo;application Lucky Capone pour Android fonctionne parfaitement et se charge rapidement sur n&rsquo;importe quel appareil.<\/p>\n<h3>Comment installer l&rsquo;application<\/h3>\n<ol>\n<li>Faites d\u00e9filer jusqu&rsquo;au bouton de l&rsquo;application sur le site web Lucky Capone et s\u00e9lectionnez \u00ab Installer \u00bb.<\/li>\n<li>Confirmez l&rsquo;installation.<\/li>\n<li>Acc\u00e9dez-y depuis votre \u00e9cran d&rsquo;accueil.<\/li>\n<\/ol>\n<p>Si vous rencontrez des probl\u00e8mes ou avez des questions concernant le processus d&rsquo;installation ou autre, contactez notre \u00e9quipe d&rsquo;assistance via le chat en direct ou par e-mail.<\/p>\n<p><img loading=\"lazy\" decoding=\"async\" src=\"https:\/\/luckycaponecasino.com\/wp-content\/uploads\/2026\/01\/Luckycapone-Android.webp\" alt=\"Luckycapone Android\" width=\"1248\" height=\"536\" \/><\/p>\n<\/div><\/div><div style=\"clear: both\"><\/div><div class=\"d-flex justify-content-center\"><button data-item=\"decouvrez_link\" data-group=\"website_links\" class=\"goto fw-bold rounded-pill btn btn-orange\" aria-label=\"T\u00e9l\u00e9charger Luckycapone\" >T\u00e9l\u00e9charger Luckycapone<\/button><\/div><\/p>\n<h2>Avantages de l&rsquo;application Luckycapone<\/h2>\n<p>L&rsquo;application Luckycapone offre un acc\u00e8s au casino avec une flexibilit\u00e9 maximale. Elle dispose des m\u00eames fonctionnalit\u00e9s de base que la version PC, mais avec la commodit\u00e9 du jeu mobile. Le logiciel est con\u00e7u pour \u00eatre portable et contr\u00f4lable via un \u00e9cran tactile afin de pouvoir jouer en d\u00e9placement. La version PC b\u00e9n\u00e9ficie d&rsquo;un \u00e9cran plus grand, tandis que l&rsquo;application Luckycapone se distingue par son acc\u00e8s rapide. Les deux versions prennent en charge la gestion compl\u00e8te du compte et toutes les autres fonctionnalit\u00e9s, telles que le processus de v\u00e9rification.<\/p>\n<table>\n<tbody>\n<tr>\n<td>Aspect<\/td>\n<td>Application Luckycapone<\/td>\n<td>Version PC<\/td>\n<\/tr>\n<tr>\n<td>Mobilit\u00e9<\/td>\n<td>Acc\u00e9dez au casino mobile o\u00f9 que vous soyez<\/td>\n<td>Fix\u00e9 \u00e0 un emplacement de bureau<\/td>\n<\/tr>\n<tr>\n<td>Commandes<\/td>\n<td>Navigation tactile<\/td>\n<td>Saisie \u00e0 l&rsquo;aide de la souris et du clavier<\/td>\n<\/tr>\n<tr>\n<td>Vitesse d&rsquo;acc\u00e8s<\/td>\n<td>S&rsquo;ouvre instantan\u00e9ment depuis l&rsquo;\u00e9cran d&rsquo;accueil<\/td>\n<td>N\u00e9cessite un navigateur ou un raccourci<\/td>\n<\/tr>\n<tr>\n<td>Exp\u00e9rience visuelle<\/td>\n<td>Optimis\u00e9 pour les petits \u00e9crans<\/td>\n<td>Affichage plus grand pour des visuels d\u00e9taill\u00e9s<\/td>\n<\/tr>\n<tr>\n<td>Mises \u00e0 jour<\/td>\n<td>Alertes et notifications dans l&rsquo;application<\/td>\n<td>V\u00e9rification manuelle requise<\/td>\n<\/tr>\n<tr>\n<td>Acc\u00e8s \u00e0 la plateforme<\/td>\n<td>Toutes les fonctionnalit\u00e9s disponibles<\/td>\n<td>Toutes les fonctionnalit\u00e9s disponibles<\/td>\n<\/tr>\n<\/tbody>\n<\/table>\n<p><div class=\"scrollable-content-wrap my-5\"><div class=\"scrollable-content-inner\"><h2>Application mobile pour iPhone et iPad<\/h2>\n<p>Le logiciel Luckycapone pour iPhone et iPad fonctionne avec toutes les fonctionnalit\u00e9s du casino sur les appareils iOS. L&rsquo;application se lance via le navigateur Safari et fonctionne comme une application web progressive. Il n&rsquo;est pas n\u00e9cessaire de t\u00e9l\u00e9charger quoi que ce soit depuis l&rsquo;App Store ni d&rsquo;installer des fichiers volumineux. Cette configuration permet un chargement plus rapide et un fonctionnement stable de tous les jeux. Une fois ajout\u00e9e \u00e0 l&rsquo;\u00e9cran d&rsquo;accueil, l&rsquo;application Luckycapone est accessible d&rsquo;un simple clic. Le logiciel propose des notifications sur les promotions, les tournois et les mises \u00e0 jour importantes du compte. Les joueurs peuvent jouer aux machines \u00e0 sous en ligne, aux jeux de table et aux jeux de casino en direct dans l&rsquo;application.<\/p>\n<h3>Comment configurer l&rsquo;application iOS<\/h3>\n<ol>\n<li>Ouvrez le site web Luckycapone dans Safari.<\/li>\n<li>Appuyez sur l&rsquo;ic\u00f4ne Partager.<\/li>\n<li>S\u00e9lectionnez \u00ab Ajouter \u00e0 l&rsquo;\u00e9cran d&rsquo;accueil \u00bb.<\/li>\n<li>Confirmez et appuyez sur votre ic\u00f4ne sur l&rsquo;\u00e9cran d&rsquo;accueil.<\/li>\n<\/ol>\n<p><img loading=\"lazy\" decoding=\"async\" src=\"https:\/\/luckycaponecasino.com\/wp-content\/uploads\/2026\/01\/Luckycapone-iOS.webp\" alt=\"Luckycapone iOS\" width=\"1248\" height=\"536\" \/><\/p>\n<\/div><\/div><div style=\"clear: both\"><\/div><div class=\"d-flex justify-content-center\"><button data-item=\"decouvrez_link\" data-group=\"website_links\" class=\"goto fw-bold rounded-pill btn btn-orange\" aria-label=\"T\u00e9l\u00e9chargez l&#039;application Luckycapone\" >T\u00e9l\u00e9chargez l&#039;application Luckycapone<\/button><\/div><div class=\"scrollable-content-wrap my-5\"><div class=\"scrollable-content-inner\"><h2>FAQ<\/h2>\n<h3>La version Android de l&rsquo;application Luckycapone prend-elle en charge les anciennes versions du syst\u00e8me d&rsquo;exploitation ?<\/h3>\n<p>Oui, la version Android de l&rsquo;application Luckycapone prend en charge un large \u00e9ventail de versions du syst\u00e8me d&rsquo;exploitation Android. Le logiciel est con\u00e7u comme une application web progressive (PWA). Les PWA fonctionnent sur la plupart des appareils Android modernes sans exigences logicielles strictes. Avec un navigateur mobile mis \u00e0 jour et une connexion Internet stable, les joueurs peuvent profiter du casino sans aucun probl\u00e8me.<\/p>\n<h3>Combien d&rsquo;espace de stockage est n\u00e9cessaire pour installer l&rsquo;application sur les appareils mobiles ?<\/h3>\n<p>Compar\u00e9e \u00e0 un logiciel classique, l&rsquo;application Luckycapone ne prend pas beaucoup de place. Elle ne g\u00e8re pas de fichiers ou de donn\u00e9es volumineux, car il s&rsquo;agit d&rsquo;une PWA et non d&rsquo;un logiciel complet. L&rsquo;application n&rsquo;enregistre que les \u00e9l\u00e9ments d&rsquo;interface et les raccourcis dont elle a besoin, elle ne prend donc pas beaucoup de place sur votre appareil.<\/p>\n<h3>L&rsquo;application Lucky Capone comprend-elle des modes hors ligne ou n\u00e9cessite-t-elle une connexion Internet permanente ?<\/h3>\n<p>L&rsquo;application Luckycapone n\u00e9cessite une connexion Internet constante pour fonctionner correctement. Toutes les machines \u00e0 sous en ligne, les jeux de table et les jeux avec croupier en direct, ainsi que les transactions, les tournois et autres fonctionnalit\u00e9s, sont bas\u00e9s sur des donn\u00e9es en temps r\u00e9el et une connexion s\u00e9curis\u00e9e au serveur. Les modes hors ligne ne sont pas disponibles, car l&rsquo;ensemble du processus de jeu se d\u00e9roule en ligne.<\/p>\n<\/div><\/div><\/p>\n","protected":false},"excerpt":{"rendered":"<p>Application mobile Luckycapone Luckycapone app offre toutes les fonctionnalit\u00e9s d&rsquo;un casino dans un format mobile. Le logiciel Luckycapone vous donne un acc\u00e8s complet \u00e0 des jeux incroyables et \u00e0 des bonus g\u00e9n\u00e9reux disponibles dans les versions PC et navigateur web. Il est con\u00e7u pour offrir des performances sup\u00e9rieures. Les joueurs peuvent utiliser tous les outils [&hellip;]<\/p>\n","protected":false},"author":1,"featured_media":0,"parent":0,"menu_order":0,"comment_status":"closed","ping_status":"closed","template":"template-builder.php","meta":{"_acf_changed":false,"inline_featured_image":false,"footnotes":""},"class_list":["post-1415","page","type-page","status-publish","hentry"],"acf":[],"yoast_head":"<!-- This site is optimized with the Yoast SEO plugin v27.3 - https:\/\/yoast.com\/product\/yoast-seo-wordpress\/ -->\n<title>Luckycapone App pour iOS et Android<\/title>\n<meta name=\"description\" content=\"Lucky Capone App offre une exp\u00e9rience de jeu compl\u00e8te sur iOS, Android, Windows et macOS, avec synchronisation des comptes sur tous vos appareils. Des milliers de machines \u00e0 sous, de jackpots et de tables de croupiers en direct sont d\u00e9sormais accessibles o\u00f9 que vous soyez.\" \/>\n<meta name=\"robots\" content=\"index, follow, max-snippet:-1, max-image-preview:large, max-video-preview:-1\" \/>\n<link rel=\"canonical\" href=\"https:\/\/luckycaponecasino.com\/fr\/app\/\" \/>\n<meta property=\"og:locale\" content=\"fr_FR\" \/>\n<meta property=\"og:type\" content=\"article\" \/>\n<meta property=\"og:title\" content=\"Luckycapone App pour iOS et Android\" \/>\n<meta property=\"og:description\" content=\"Lucky Capone App offre une exp\u00e9rience de jeu compl\u00e8te sur iOS, Android, Windows et macOS, avec synchronisation des comptes sur tous vos appareils. Des milliers de machines \u00e0 sous, de jackpots et de tables de croupiers en direct sont d\u00e9sormais accessibles o\u00f9 que vous soyez.\" \/>\n<meta property=\"og:url\" content=\"https:\/\/luckycaponecasino.com\/fr\/app\/\" \/>\n<meta property=\"og:site_name\" content=\"luckycapone\" \/>\n<meta property=\"article:modified_time\" content=\"2026-01-27T10:04:59+00:00\" \/>\n<meta name=\"twitter:card\" content=\"summary_large_image\" \/>\n<meta name=\"twitter:label1\" content=\"Dur\u00e9e de lecture estim\u00e9e\" \/>\n\t<meta name=\"twitter:data1\" content=\"2 minutes\" \/>\n<script type=\"application\/ld+json\" class=\"yoast-schema-graph\">{\"@context\":\"https:\\\/\\\/schema.org\",\"@graph\":[{\"@type\":\"WebPage\",\"@id\":\"https:\\\/\\\/luckycaponecasino.com\\\/fr\\\/app\\\/\",\"url\":\"https:\\\/\\\/luckycaponecasino.com\\\/fr\\\/app\\\/\",\"name\":\"Luckycapone App pour iOS et Android\",\"isPartOf\":{\"@id\":\"https:\\\/\\\/luckycaponecasino.com\\\/fr\\\/#website\"},\"datePublished\":\"2026-01-27T08:40:06+00:00\",\"dateModified\":\"2026-01-27T10:04:59+00:00\",\"description\":\"Lucky Capone App offre une exp\u00e9rience de jeu compl\u00e8te sur iOS, Android, Windows et macOS, avec synchronisation des comptes sur tous vos appareils. Des milliers de machines \u00e0 sous, de jackpots et de tables de croupiers en direct sont d\u00e9sormais accessibles o\u00f9 que vous soyez.\",\"breadcrumb\":{\"@id\":\"https:\\\/\\\/luckycaponecasino.com\\\/fr\\\/app\\\/#breadcrumb\"},\"inLanguage\":\"fr-FR\",\"potentialAction\":[{\"@type\":\"ReadAction\",\"target\":[\"https:\\\/\\\/luckycaponecasino.com\\\/fr\\\/app\\\/\"]}]},{\"@type\":\"BreadcrumbList\",\"@id\":\"https:\\\/\\\/luckycaponecasino.com\\\/fr\\\/app\\\/#breadcrumb\",\"itemListElement\":[{\"@type\":\"ListItem\",\"position\":1,\"name\":\"Luckycapone\",\"item\":\"https:\\\/\\\/luckycaponecasino.com\\\/fr\\\/\"},{\"@type\":\"ListItem\",\"position\":2,\"name\":\"App\"}]},{\"@type\":\"WebSite\",\"@id\":\"https:\\\/\\\/luckycaponecasino.com\\\/fr\\\/#website\",\"url\":\"https:\\\/\\\/luckycaponecasino.com\\\/fr\\\/\",\"name\":\"Luckycapone\",\"description\":\"\",\"publisher\":{\"@id\":\"https:\\\/\\\/luckycaponecasino.com\\\/fr\\\/#organization\"},\"potentialAction\":[{\"@type\":\"SearchAction\",\"target\":{\"@type\":\"EntryPoint\",\"urlTemplate\":\"https:\\\/\\\/luckycaponecasino.com\\\/fr\\\/?s={search_term_string}\"},\"query-input\":{\"@type\":\"PropertyValueSpecification\",\"valueRequired\":true,\"valueName\":\"search_term_string\"}}],\"inLanguage\":\"fr-FR\"},{\"@type\":\"Organization\",\"@id\":\"https:\\\/\\\/luckycaponecasino.com\\\/fr\\\/#organization\",\"name\":\"Luckycapone\",\"url\":\"https:\\\/\\\/luckycaponecasino.com\\\/fr\\\/\",\"logo\":{\"@type\":\"ImageObject\",\"inLanguage\":\"fr-FR\",\"@id\":\"https:\\\/\\\/luckycaponecasino.com\\\/fr\\\/#\\\/schema\\\/logo\\\/image\\\/\",\"url\":\"https:\\\/\\\/luckycaponecasino.com\\\/wp-content\\\/uploads\\\/2026\\\/01\\\/logo-luckycapone.png\",\"contentUrl\":\"https:\\\/\\\/luckycaponecasino.com\\\/wp-content\\\/uploads\\\/2026\\\/01\\\/logo-luckycapone.png\",\"width\":70,\"height\":24,\"caption\":\"Luckycapone\"},\"image\":{\"@id\":\"https:\\\/\\\/luckycaponecasino.com\\\/fr\\\/#\\\/schema\\\/logo\\\/image\\\/\"}}]}<\/script>\n<!-- \/ Yoast SEO plugin. -->","yoast_head_json":{"title":"Luckycapone App pour iOS et Android","description":"Lucky Capone App offre une exp\u00e9rience de jeu compl\u00e8te sur iOS, Android, Windows et macOS, avec synchronisation des comptes sur tous vos appareils. Des milliers de machines \u00e0 sous, de jackpots et de tables de croupiers en direct sont d\u00e9sormais accessibles o\u00f9 que vous soyez.","robots":{"index":"index","follow":"follow","max-snippet":"max-snippet:-1","max-image-preview":"max-image-preview:large","max-video-preview":"max-video-preview:-1"},"canonical":"https:\/\/luckycaponecasino.com\/fr\/app\/","og_locale":"fr_FR","og_type":"article","og_title":"Luckycapone App pour iOS et Android","og_description":"Lucky Capone App offre une exp\u00e9rience de jeu compl\u00e8te sur iOS, Android, Windows et macOS, avec synchronisation des comptes sur tous vos appareils. Des milliers de machines \u00e0 sous, de jackpots et de tables de croupiers en direct sont d\u00e9sormais accessibles o\u00f9 que vous soyez.","og_url":"https:\/\/luckycaponecasino.com\/fr\/app\/","og_site_name":"luckycapone","article_modified_time":"2026-01-27T10:04:59+00:00","twitter_card":"summary_large_image","twitter_misc":{"Dur\u00e9e de lecture estim\u00e9e":"2 minutes"},"schema":{"@context":"https:\/\/schema.org","@graph":[{"@type":"WebPage","@id":"https:\/\/luckycaponecasino.com\/fr\/app\/","url":"https:\/\/luckycaponecasino.com\/fr\/app\/","name":"Luckycapone App pour iOS et Android","isPartOf":{"@id":"https:\/\/luckycaponecasino.com\/fr\/#website"},"datePublished":"2026-01-27T08:40:06+00:00","dateModified":"2026-01-27T10:04:59+00:00","description":"Lucky Capone App offre une exp\u00e9rience de jeu compl\u00e8te sur iOS, Android, Windows et macOS, avec synchronisation des comptes sur tous vos appareils. Des milliers de machines \u00e0 sous, de jackpots et de tables de croupiers en direct sont d\u00e9sormais accessibles o\u00f9 que vous soyez.","breadcrumb":{"@id":"https:\/\/luckycaponecasino.com\/fr\/app\/#breadcrumb"},"inLanguage":"fr-FR","potentialAction":[{"@type":"ReadAction","target":["https:\/\/luckycaponecasino.com\/fr\/app\/"]}]},{"@type":"BreadcrumbList","@id":"https:\/\/luckycaponecasino.com\/fr\/app\/#breadcrumb","itemListElement":[{"@type":"ListItem","position":1,"name":"Luckycapone","item":"https:\/\/luckycaponecasino.com\/fr\/"},{"@type":"ListItem","position":2,"name":"App"}]},{"@type":"WebSite","@id":"https:\/\/luckycaponecasino.com\/fr\/#website","url":"https:\/\/luckycaponecasino.com\/fr\/","name":"Luckycapone","description":"","publisher":{"@id":"https:\/\/luckycaponecasino.com\/fr\/#organization"},"potentialAction":[{"@type":"SearchAction","target":{"@type":"EntryPoint","urlTemplate":"https:\/\/luckycaponecasino.com\/fr\/?s={search_term_string}"},"query-input":{"@type":"PropertyValueSpecification","valueRequired":true,"valueName":"search_term_string"}}],"inLanguage":"fr-FR"},{"@type":"Organization","@id":"https:\/\/luckycaponecasino.com\/fr\/#organization","name":"Luckycapone","url":"https:\/\/luckycaponecasino.com\/fr\/","logo":{"@type":"ImageObject","inLanguage":"fr-FR","@id":"https:\/\/luckycaponecasino.com\/fr\/#\/schema\/logo\/image\/","url":"https:\/\/luckycaponecasino.com\/wp-content\/uploads\/2026\/01\/logo-luckycapone.png","contentUrl":"https:\/\/luckycaponecasino.com\/wp-content\/uploads\/2026\/01\/logo-luckycapone.png","width":70,"height":24,"caption":"Luckycapone"},"image":{"@id":"https:\/\/luckycaponecasino.com\/fr\/#\/schema\/logo\/image\/"}}]}},"_links":{"self":[{"href":"https:\/\/luckycaponecasino.com\/fr\/wp-json\/wp\/v2\/pages\/1415","targetHints":{"allow":["GET"]}}],"collection":[{"href":"https:\/\/luckycaponecasino.com\/fr\/wp-json\/wp\/v2\/pages"}],"about":[{"href":"https:\/\/luckycaponecasino.com\/fr\/wp-json\/wp\/v2\/types\/page"}],"author":[{"embeddable":true,"href":"https:\/\/luckycaponecasino.com\/fr\/wp-json\/wp\/v2\/users\/1"}],"replies":[{"embeddable":true,"href":"https:\/\/luckycaponecasino.com\/fr\/wp-json\/wp\/v2\/comments?post=1415"}],"version-history":[{"count":2,"href":"https:\/\/luckycaponecasino.com\/fr\/wp-json\/wp\/v2\/pages\/1415\/revisions"}],"predecessor-version":[{"id":1559,"href":"https:\/\/luckycaponecasino.com\/fr\/wp-json\/wp\/v2\/pages\/1415\/revisions\/1559"}],"wp:attachment":[{"href":"https:\/\/luckycaponecasino.com\/fr\/wp-json\/wp\/v2\/media?parent=1415"}],"curies":[{"name":"wp","href":"https:\/\/api.w.org\/{rel}","templated":true}]}}