{"id":1462,"date":"2026-01-27T08:42:04","date_gmt":"2026-01-27T08:42:04","guid":{"rendered":"https:\/\/luckycaponecasino.com\/login-and-registration\/"},"modified":"2026-01-27T12:54:56","modified_gmt":"2026-01-27T12:54:56","slug":"inicio-de-sesion-y-registro","status":"publish","type":"page","link":"https:\/\/luckycaponecasino.com\/es\/inicio-de-sesion-y-registro\/","title":{"rendered":"Inicio de sesi\u00f3n y Registro"},"content":{"rendered":"<h1>Proceso de registro e inicio de sesi\u00f3n en Luckycapone<\/h1>\n<p>Puede completar r\u00e1pidamente el proceso de Luckycapone login tanto en ordenadores de sobremesa como en dispositivos m\u00f3viles. Los jugadores espa\u00f1oles deben registrarse y seguir el procedimiento de inicio de sesi\u00f3n antes de poder disfrutar del casino. Los usuarios que se hayan registrado pueden gestionar sus perfiles, jugar y utilizar todas las funciones de la plataforma.<\/p>\n<p><div class=\"banner-wrap\" aria-label=\"Banner\"><img src=\"https:\/\/luckycaponecasino.com\/wp-content\/uploads\/2026\/01\/Luckycapone-banner.webp\" class=\"w-100 d-none d-lg-block img-pc main-banner-img\" alt=\"Luckycapone banner\" fetchpriority=\"high\" decoding=\"async\"><img src=\"https:\/\/luckycaponecasino.com\/wp-content\/uploads\/2026\/01\/Mobile-banner.webp\" class=\"w-100 d-none d-md-block d-lg-none main-banner-img\" alt=\"Mobile banner\" fetchpriority=\"high\" decoding=\"async\"><img src=\"https:\/\/luckycaponecasino.com\/wp-content\/uploads\/2026\/01\/Mobile-banner.webp\" class=\"w-100 d-md-none\" alt=\"Mobile banner\" fetchpriority=\"high\" decoding=\"async\"><div class=\"banner-description\">\n<div class=\"banner-title\">Bonos de bienvenida<\/div>\n<p class=\"banner-header-title\">1500 \u20ac<\/p>\n<div class=\"banner-header-AdditionalText\">+ 250 Tiradas gratis<\/div>\n<button data-item=\"homepage_banner_link\" class=\"goto m-button m-gradient-border m-button--primary m-button--large banner-button btn-orange\">\n            <div class=\"m-button-content\">\n                <span>Reg\u00edstrate ahora<\/span>\n                <span><\/span>\n            <\/div>\n        <\/button>\n<\/div>\n<div class=\"WelcomePack\">\n<p><img loading=\"lazy\" decoding=\"async\" class=\"alignnone size-full wp-image-1337\" src=\"https:\/\/luckycaponecasino.com\/wp-content\/uploads\/2026\/01\/welcome-crown.png\" alt=\"welcome crown\" width=\"25\" height=\"26\" \/><\/p>\n<div class=\"WelcomePack-Info\">Reembolso semanal de hasta el 25 %<\/div>\n<p><img loading=\"lazy\" decoding=\"async\" class=\"alignnone size-full wp-image-1337\" src=\"https:\/\/luckycaponecasino.com\/wp-content\/uploads\/2026\/01\/welcome-crown.png\" alt=\"welcome crown\" width=\"25\" height=\"26\" \/><\/p>\n<\/div>\n<\/div><div class=\"scrollable-content-wrap my-5\"><div class=\"scrollable-content-inner\"><h2>Por qu\u00e9 la verificaci\u00f3n es importante para la seguridad de los jugadores<\/h2>\n<p>El proceso de verificaci\u00f3n en Lucky Capone es una parte fundamental para garantizar la seguridad de los jugadores. Verificamos el nombre, la direcci\u00f3n y la informaci\u00f3n de pago de cada jugador para evitar fraudes y accesos no autorizados. Este proceso tambi\u00e9n confirma el cumplimiento de los requisitos de licencia. Solo las cuentas verificadas tienen acceso a todas las funciones financieras. Tras la verificaci\u00f3n de la cuenta, los jugadores pueden retirar sus ganancias y utilizar los fondos de bonificaci\u00f3n.<\/p>\n<p>Para completar la verificaci\u00f3n, los jugadores solo tienen que subir unos documentos. Debes subir copias claras de documentos que demuestren tu identidad o confirmen tu direcci\u00f3n. Nuestro equipo suele comprobar los documentos en un plazo de 48 horas. La verificaci\u00f3n nos ayuda a garantizar una experiencia segura para todos los jugadores de Luckycapone.<\/p>\n<h2>Reg\u00edstrese en Luckycapone<\/h2>\n<p>El registro en Luckycapone le da acceso completo al casino. Despu\u00e9s de registrarse, los usuarios pueden jugar, recibir bonos, participar en torneos y gestionar sus cuentas. Protegemos a todos los usuarios registrados salvaguardando sus actividades de juego, dep\u00f3sitos y retiradas. Despu\u00e9s de registrarse, los usuarios de Luckycapone pueden participar en torneos y recibir privilegios VIP.<\/p>\n<h3>C\u00f3mo configurar su perfil<\/h3>\n<ol>\n<li>Haz clic en el bot\u00f3n \u00abRegistrarse\u00bb en la p\u00e1gina de inicio de Luckycapone Casino.<\/li>\n<li>Introduce tu direcci\u00f3n de correo electr\u00f3nico y crea una contrase\u00f1a.<\/li>\n<li>Acepta la Pol\u00edtica de privacidad y las condiciones de uso.<\/li>\n<li>Confirma tu registro a trav\u00e9s del correo electr\u00f3nico de activaci\u00f3n.<\/li>\n<li>Inicie sesi\u00f3n en su cuenta.<\/li>\n<\/ol>\n<h3>Problemas comunes durante la configuraci\u00f3n de la cuenta y c\u00f3mo evitarlos<\/h3>\n<p>Algunos usuarios pueden tener problemas con el registro o el proceso de inicio de sesi\u00f3n en Luckycapone. Los jugadores pueden tener problemas como direcciones de correo electr\u00f3nico incorrectas, contrase\u00f1as d\u00e9biles, retrasos en los correos electr\u00f3nicos de activaci\u00f3n y otros. Para evitar problemas, compruebe sus datos. Si tiene alguna dificultad, nuestro equipo de asistencia 24\/7 est\u00e1 listo para ayudarle.<\/p>\n<h2>Inicie sesi\u00f3n en la cuenta de Lucky Capone<\/h2>\n<p>El proceso de inicio de sesi\u00f3n en Lucky Capone le da acceso completo a todas las funciones del casino y a herramientas personalizadas. El sistema de inicio de sesi\u00f3n est\u00e1 dise\u00f1ado para ser sencillo y totalmente funcional en ordenadores de sobremesa, dispositivos m\u00f3viles y en la aplicaci\u00f3n. Despu\u00e9s de iniciar sesi\u00f3n en Luckycapone, los jugadores pueden utilizar el casino, por ejemplo, para jugar, gestionar la configuraci\u00f3n de la cuenta, completar el proceso de verificaci\u00f3n y realizar un seguimiento de su actividad de juego.<\/p>\n<p>C\u00f3mo iniciar sesi\u00f3n en su cuenta de Lucky Capone:<\/p>\n<ol>\n<li>Haga clic en el bot\u00f3n de inicio de sesi\u00f3n.<\/li>\n<li>Introduce la direcci\u00f3n de correo electr\u00f3nico vinculada a tu cuenta.<\/li>\n<li>Introduce tu contrase\u00f1a.<\/li>\n<li>Seleccione Iniciar sesi\u00f3n.<\/li>\n<\/ol>\n<h2>Gesti\u00f3n de las preferencias del perfil y los datos personales<\/h2>\n<p>La gesti\u00f3n de la configuraci\u00f3n de su perfil y sus datos personales en Lucky Capone es f\u00e1cil de controlar desde su cuenta personal. Despu\u00e9s de registrarse, los jugadores pueden actualizar sus datos personales y mucho m\u00e1s. Luckycapone Casino admite m\u00e9todos de seguridad modernos, como procedimientos de verificaci\u00f3n y procesamiento de datos cifrados. Los jugadores tambi\u00e9n pueden activar herramientas de juego responsable: l\u00edmites de dep\u00f3sito, l\u00edmites de tiempo o autoexclusi\u00f3n.<\/p>\n<p>Desde su cuenta, puede gestionar transacciones y bonificaciones, as\u00ed como participar en torneos. En la secci\u00f3n de perfil, puede acceder a su historial de juego y realizar un seguimiento de sus resultados. Si necesita ayuda, nuestro servicio de asistencia multiling\u00fce est\u00e1 disponible a trav\u00e9s del chat en vivo o por correo electr\u00f3nico.<\/p>\n<h3>Soluci\u00f3n de problemas de errores de inicio de sesi\u00f3n y problemas de acceso<\/h3>\n<p>Los problemas con el inicio de sesi\u00f3n en Luckycapone o los errores de acceso se pueden resolver r\u00e1pidamente utilizando las herramientas de recuperaci\u00f3n integradas. Si ha olvidado su contrase\u00f1a o no puede acceder a su cuenta, utilice la opci\u00f3n de restablecimiento de contrase\u00f1a. La opci\u00f3n de restablecimiento de contrase\u00f1a restaura el acceso en solo unos pocos pasos.<\/p>\n<ol>\n<li>Abra la p\u00e1gina de inicio de sesi\u00f3n de Luckycapone.<\/li>\n<li>Haga clic en \u00ab\u00bfHa olvidado su contrase\u00f1a?\u00bb.<\/li>\n<li>Introduzca la direcci\u00f3n de correo electr\u00f3nico vinculada a su cuenta.<\/li>\n<li>Siga el enlace del correo electr\u00f3nico de restablecimiento de contrase\u00f1a y cree una nueva contrase\u00f1a.<\/li>\n<li>Inicie sesi\u00f3n con su nueva contrase\u00f1a.<\/li>\n<\/ol>\n<h2>Preguntas frecuentes<\/h2>\n<h3>\u00bfCu\u00e1nto tiempo suele tardar la verificaci\u00f3n de identidad una vez enviados los documentos?<\/h3>\n<p>La verificaci\u00f3n de identidad en Luckycapone suele completarse en un plazo de 48 horas. A menudo se completa m\u00e1s r\u00e1pido si los documentos son de alta calidad. Nuestro equipo comprueba cuidadosamente la informaci\u00f3n para mejorar la seguridad. Los jugadores reciben una notificaci\u00f3n cuando se completa la verificaci\u00f3n.<\/p>\n<h3>\u00bfEs posible cambiar la informaci\u00f3n personal despu\u00e9s de crear el perfil?<\/h3>\n<p>S\u00ed, la informaci\u00f3n personal se puede actualizar despu\u00e9s de crear un perfil. Los jugadores pueden editar sus datos de contacto y la configuraci\u00f3n de la cuenta en la secci\u00f3n de su perfil. Si los cambios se refieren a datos confidenciales, como el nombre, es posible que se requiera una verificaci\u00f3n adicional. Puede ponerse en contacto con el equipo de asistencia de Lucky Capone para obtener ayuda con estos asuntos.<\/p>\n<h3>\u00bfExisten otras opciones de recuperaci\u00f3n adem\u00e1s del correo electr\u00f3nico para restablecer la contrase\u00f1a?<\/h3>\n<p>El correo electr\u00f3nico es la forma principal de recuperar la contrase\u00f1a en Luckycapone Casino. Esto permite un procedimiento de recuperaci\u00f3n seguro. Si un jugador no puede acceder a su correo electr\u00f3nico, nuestro equipo de asistencia puede ayudarle a verificar su identidad y restaurar el acceso.<\/p>\n<\/div><\/div><\/p>\n","protected":false},"excerpt":{"rendered":"<p>Proceso de registro e inicio de sesi\u00f3n en Luckycapone Puede completar r\u00e1pidamente el proceso de Luckycapone login tanto en ordenadores de sobremesa como en dispositivos m\u00f3viles. Los jugadores espa\u00f1oles deben registrarse y seguir el procedimiento de inicio de sesi\u00f3n antes de poder disfrutar del casino. Los usuarios que se hayan registrado pueden gestionar sus perfiles, [&hellip;]<\/p>\n","protected":false},"author":1,"featured_media":0,"parent":0,"menu_order":0,"comment_status":"closed","ping_status":"closed","template":"template-builder.php","meta":{"_acf_changed":false,"inline_featured_image":false,"footnotes":""},"class_list":["post-1462","page","type-page","status-publish","hentry"],"acf":[],"yoast_head":"<!-- This site is optimized with the Yoast SEO plugin v27.3 - https:\/\/yoast.com\/product\/yoast-seo-wordpress\/ -->\n<title>Luckycapone Login y registro<\/title>\n<meta name=\"description\" content=\"El Lucky Capone login ofrece a los jugadores acceso seguro a su panel personal para gestionar bonos, dep\u00f3sitos y detalles de su cuenta. Toda la configuraci\u00f3n del perfil, los pasos de verificaci\u00f3n y las opciones de pago se mantienen en un solo lugar.\" \/>\n<meta name=\"robots\" content=\"index, follow, max-snippet:-1, max-image-preview:large, max-video-preview:-1\" \/>\n<link rel=\"canonical\" href=\"https:\/\/luckycaponecasino.com\/es\/inicio-de-sesion-y-registro\/\" \/>\n<meta property=\"og:locale\" content=\"es_ES\" \/>\n<meta property=\"og:type\" content=\"article\" \/>\n<meta property=\"og:title\" content=\"Luckycapone Login y registro\" \/>\n<meta property=\"og:description\" content=\"El Lucky Capone login ofrece a los jugadores acceso seguro a su panel personal para gestionar bonos, dep\u00f3sitos y detalles de su cuenta. Toda la configuraci\u00f3n del perfil, los pasos de verificaci\u00f3n y las opciones de pago se mantienen en un solo lugar.\" \/>\n<meta property=\"og:url\" content=\"https:\/\/luckycaponecasino.com\/es\/inicio-de-sesion-y-registro\/\" \/>\n<meta property=\"og:site_name\" content=\"luckycapone\" \/>\n<meta property=\"article:modified_time\" content=\"2026-01-27T12:54:56+00:00\" \/>\n<meta name=\"twitter:card\" content=\"summary_large_image\" \/>\n<meta name=\"twitter:label1\" content=\"Est. reading time\" \/>\n\t<meta name=\"twitter:data1\" content=\"1 minuto\" \/>\n<script type=\"application\/ld+json\" class=\"yoast-schema-graph\">{\"@context\":\"https:\\\/\\\/schema.org\",\"@graph\":[{\"@type\":\"WebPage\",\"@id\":\"https:\\\/\\\/luckycaponecasino.com\\\/es\\\/inicio-de-sesion-y-registro\\\/\",\"url\":\"https:\\\/\\\/luckycaponecasino.com\\\/es\\\/inicio-de-sesion-y-registro\\\/\",\"name\":\"Luckycapone Login y registro\",\"isPartOf\":{\"@id\":\"https:\\\/\\\/luckycaponecasino.com\\\/es\\\/#website\"},\"datePublished\":\"2026-01-27T08:42:04+00:00\",\"dateModified\":\"2026-01-27T12:54:56+00:00\",\"description\":\"El Lucky Capone login ofrece a los jugadores acceso seguro a su panel personal para gestionar bonos, dep\u00f3sitos y detalles de su cuenta. Toda la configuraci\u00f3n del perfil, los pasos de verificaci\u00f3n y las opciones de pago se mantienen en un solo lugar.\",\"breadcrumb\":{\"@id\":\"https:\\\/\\\/luckycaponecasino.com\\\/es\\\/inicio-de-sesion-y-registro\\\/#breadcrumb\"},\"inLanguage\":\"es\",\"potentialAction\":[{\"@type\":\"ReadAction\",\"target\":[\"https:\\\/\\\/luckycaponecasino.com\\\/es\\\/inicio-de-sesion-y-registro\\\/\"]}]},{\"@type\":\"BreadcrumbList\",\"@id\":\"https:\\\/\\\/luckycaponecasino.com\\\/es\\\/inicio-de-sesion-y-registro\\\/#breadcrumb\",\"itemListElement\":[{\"@type\":\"ListItem\",\"position\":1,\"name\":\"Luckycapone\",\"item\":\"https:\\\/\\\/luckycaponecasino.com\\\/es\\\/\"},{\"@type\":\"ListItem\",\"position\":2,\"name\":\"Inicio de sesi\u00f3n y Registro\"}]},{\"@type\":\"WebSite\",\"@id\":\"https:\\\/\\\/luckycaponecasino.com\\\/es\\\/#website\",\"url\":\"https:\\\/\\\/luckycaponecasino.com\\\/es\\\/\",\"name\":\"Luckycapone\",\"description\":\"\",\"publisher\":{\"@id\":\"https:\\\/\\\/luckycaponecasino.com\\\/es\\\/#organization\"},\"potentialAction\":[{\"@type\":\"SearchAction\",\"target\":{\"@type\":\"EntryPoint\",\"urlTemplate\":\"https:\\\/\\\/luckycaponecasino.com\\\/es\\\/?s={search_term_string}\"},\"query-input\":{\"@type\":\"PropertyValueSpecification\",\"valueRequired\":true,\"valueName\":\"search_term_string\"}}],\"inLanguage\":\"es\"},{\"@type\":\"Organization\",\"@id\":\"https:\\\/\\\/luckycaponecasino.com\\\/es\\\/#organization\",\"name\":\"Luckycapone\",\"url\":\"https:\\\/\\\/luckycaponecasino.com\\\/es\\\/\",\"logo\":{\"@type\":\"ImageObject\",\"inLanguage\":\"es\",\"@id\":\"https:\\\/\\\/luckycaponecasino.com\\\/es\\\/#\\\/schema\\\/logo\\\/image\\\/\",\"url\":\"https:\\\/\\\/luckycaponecasino.com\\\/wp-content\\\/uploads\\\/2026\\\/01\\\/logo-luckycapone.png\",\"contentUrl\":\"https:\\\/\\\/luckycaponecasino.com\\\/wp-content\\\/uploads\\\/2026\\\/01\\\/logo-luckycapone.png\",\"width\":70,\"height\":24,\"caption\":\"Luckycapone\"},\"image\":{\"@id\":\"https:\\\/\\\/luckycaponecasino.com\\\/es\\\/#\\\/schema\\\/logo\\\/image\\\/\"}}]}<\/script>\n<!-- \/ Yoast SEO plugin. -->","yoast_head_json":{"title":"Luckycapone Login y registro","description":"El Lucky Capone login ofrece a los jugadores acceso seguro a su panel personal para gestionar bonos, dep\u00f3sitos y detalles de su cuenta. Toda la configuraci\u00f3n del perfil, los pasos de verificaci\u00f3n y las opciones de pago se mantienen en un solo lugar.","robots":{"index":"index","follow":"follow","max-snippet":"max-snippet:-1","max-image-preview":"max-image-preview:large","max-video-preview":"max-video-preview:-1"},"canonical":"https:\/\/luckycaponecasino.com\/es\/inicio-de-sesion-y-registro\/","og_locale":"es_ES","og_type":"article","og_title":"Luckycapone Login y registro","og_description":"El Lucky Capone login ofrece a los jugadores acceso seguro a su panel personal para gestionar bonos, dep\u00f3sitos y detalles de su cuenta. Toda la configuraci\u00f3n del perfil, los pasos de verificaci\u00f3n y las opciones de pago se mantienen en un solo lugar.","og_url":"https:\/\/luckycaponecasino.com\/es\/inicio-de-sesion-y-registro\/","og_site_name":"luckycapone","article_modified_time":"2026-01-27T12:54:56+00:00","twitter_card":"summary_large_image","twitter_misc":{"Est. reading time":"1 minuto"},"schema":{"@context":"https:\/\/schema.org","@graph":[{"@type":"WebPage","@id":"https:\/\/luckycaponecasino.com\/es\/inicio-de-sesion-y-registro\/","url":"https:\/\/luckycaponecasino.com\/es\/inicio-de-sesion-y-registro\/","name":"Luckycapone Login y registro","isPartOf":{"@id":"https:\/\/luckycaponecasino.com\/es\/#website"},"datePublished":"2026-01-27T08:42:04+00:00","dateModified":"2026-01-27T12:54:56+00:00","description":"El Lucky Capone login ofrece a los jugadores acceso seguro a su panel personal para gestionar bonos, dep\u00f3sitos y detalles de su cuenta. Toda la configuraci\u00f3n del perfil, los pasos de verificaci\u00f3n y las opciones de pago se mantienen en un solo lugar.","breadcrumb":{"@id":"https:\/\/luckycaponecasino.com\/es\/inicio-de-sesion-y-registro\/#breadcrumb"},"inLanguage":"es","potentialAction":[{"@type":"ReadAction","target":["https:\/\/luckycaponecasino.com\/es\/inicio-de-sesion-y-registro\/"]}]},{"@type":"BreadcrumbList","@id":"https:\/\/luckycaponecasino.com\/es\/inicio-de-sesion-y-registro\/#breadcrumb","itemListElement":[{"@type":"ListItem","position":1,"name":"Luckycapone","item":"https:\/\/luckycaponecasino.com\/es\/"},{"@type":"ListItem","position":2,"name":"Inicio de sesi\u00f3n y Registro"}]},{"@type":"WebSite","@id":"https:\/\/luckycaponecasino.com\/es\/#website","url":"https:\/\/luckycaponecasino.com\/es\/","name":"Luckycapone","description":"","publisher":{"@id":"https:\/\/luckycaponecasino.com\/es\/#organization"},"potentialAction":[{"@type":"SearchAction","target":{"@type":"EntryPoint","urlTemplate":"https:\/\/luckycaponecasino.com\/es\/?s={search_term_string}"},"query-input":{"@type":"PropertyValueSpecification","valueRequired":true,"valueName":"search_term_string"}}],"inLanguage":"es"},{"@type":"Organization","@id":"https:\/\/luckycaponecasino.com\/es\/#organization","name":"Luckycapone","url":"https:\/\/luckycaponecasino.com\/es\/","logo":{"@type":"ImageObject","inLanguage":"es","@id":"https:\/\/luckycaponecasino.com\/es\/#\/schema\/logo\/image\/","url":"https:\/\/luckycaponecasino.com\/wp-content\/uploads\/2026\/01\/logo-luckycapone.png","contentUrl":"https:\/\/luckycaponecasino.com\/wp-content\/uploads\/2026\/01\/logo-luckycapone.png","width":70,"height":24,"caption":"Luckycapone"},"image":{"@id":"https:\/\/luckycaponecasino.com\/es\/#\/schema\/logo\/image\/"}}]}},"_links":{"self":[{"href":"https:\/\/luckycaponecasino.com\/es\/wp-json\/wp\/v2\/pages\/1462","targetHints":{"allow":["GET"]}}],"collection":[{"href":"https:\/\/luckycaponecasino.com\/es\/wp-json\/wp\/v2\/pages"}],"about":[{"href":"https:\/\/luckycaponecasino.com\/es\/wp-json\/wp\/v2\/types\/page"}],"author":[{"embeddable":true,"href":"https:\/\/luckycaponecasino.com\/es\/wp-json\/wp\/v2\/users\/1"}],"replies":[{"embeddable":true,"href":"https:\/\/luckycaponecasino.com\/es\/wp-json\/wp\/v2\/comments?post=1462"}],"version-history":[{"count":2,"href":"https:\/\/luckycaponecasino.com\/es\/wp-json\/wp\/v2\/pages\/1462\/revisions"}],"predecessor-version":[{"id":1790,"href":"https:\/\/luckycaponecasino.com\/es\/wp-json\/wp\/v2\/pages\/1462\/revisions\/1790"}],"wp:attachment":[{"href":"https:\/\/luckycaponecasino.com\/es\/wp-json\/wp\/v2\/media?parent=1462"}],"curies":[{"name":"wp","href":"https:\/\/api.w.org\/{rel}","templated":true}]}}