{"id":1424,"date":"2026-01-27T08:40:06","date_gmt":"2026-01-27T08:40:06","guid":{"rendered":"https:\/\/luckycaponecasino.com\/app-2\/"},"modified":"2026-01-27T12:52:06","modified_gmt":"2026-01-27T12:52:06","slug":"aplicacion","status":"publish","type":"page","link":"https:\/\/luckycaponecasino.com\/es\/aplicacion\/","title":{"rendered":"Aplicaci\u00f3n"},"content":{"rendered":"<h1>Aplicaci\u00f3n m\u00f3vil Luckycapone<\/h1>\n<p>Luckycapone app tiene todas las caracter\u00edsticas de un casino en formato m\u00f3vil. El software Luckycapone te da acceso completo a incre\u00edbles juegos y generosos bonos disponibles en las versiones para PC y navegador web. Est\u00e1 dise\u00f1ado para ofrecer un rendimiento superior. Los jugadores espa\u00f1oles pueden utilizar todas las herramientas del casino a trav\u00e9s de la aplicaci\u00f3n Luckycapone sin ninguna restricci\u00f3n.<\/p>\n<p><div class=\"banner-wrap\" aria-label=\"Banner\"><img src=\"https:\/\/luckycaponecasino.com\/wp-content\/uploads\/2026\/01\/Luckycapone-banner.webp\" class=\"w-100 d-none d-lg-block img-pc main-banner-img\" alt=\"Luckycapone banner\" fetchpriority=\"high\" decoding=\"async\"><img src=\"https:\/\/luckycaponecasino.com\/wp-content\/uploads\/2026\/01\/Mobile-banner.webp\" class=\"w-100 d-none d-md-block d-lg-none main-banner-img\" alt=\"Mobile banner\" fetchpriority=\"high\" decoding=\"async\"><img src=\"https:\/\/luckycaponecasino.com\/wp-content\/uploads\/2026\/01\/Mobile-banner.webp\" class=\"w-100 d-md-none\" alt=\"Mobile banner\" fetchpriority=\"high\" decoding=\"async\"><div class=\"banner-description\">\n<div class=\"banner-title\">Bonos de bienvenida<\/div>\n<p class=\"banner-header-title\">1500 \u20ac<\/p>\n<div class=\"banner-header-AdditionalText\">+ 250 Tiradas gratis<\/div>\n<button data-item=\"homepage_banner_link\" class=\"goto m-button m-gradient-border m-button--primary m-button--large banner-button btn-orange\">\n            <div class=\"m-button-content\">\n                <span>Reg\u00edstrate ahora<\/span>\n                <span><\/span>\n            <\/div>\n        <\/button>\n<\/div>\n<div class=\"WelcomePack\">\n<p><img loading=\"lazy\" decoding=\"async\" class=\"alignnone size-full wp-image-1337\" src=\"https:\/\/luckycaponecasino.com\/wp-content\/uploads\/2026\/01\/welcome-crown.png\" alt=\"welcome crown\" width=\"25\" height=\"26\" \/><\/p>\n<div class=\"WelcomePack-Info\">Reembolso semanal de hasta el 25 %<\/div>\n<p><img loading=\"lazy\" decoding=\"async\" class=\"alignnone size-full wp-image-1337\" src=\"https:\/\/luckycaponecasino.com\/wp-content\/uploads\/2026\/01\/welcome-crown.png\" alt=\"welcome crown\" width=\"25\" height=\"26\" \/><\/p>\n<\/div>\n<\/div><div class=\"scrollable-content-wrap my-5\"><div class=\"scrollable-content-inner\"><h2>Descargar Luckycapone para ordenador<\/h2>\n<p>La aplicaci\u00f3n Luckycapone para ordenador permite a los jugadores acceder r\u00e1pidamente al casino sin necesidad de instalaci\u00f3n. La aplicaci\u00f3n para ordenador es compatible con Windows y Mac y funciona como una aplicaci\u00f3n web. Nuestra aplicaci\u00f3n web se puede a\u00f1adir como acceso directo al escritorio. Una vez creado, este acceso directo abre Luckycapone como una aplicaci\u00f3n independiente con un solo clic.<\/p>\n<p>La versi\u00f3n para ordenador est\u00e1 totalmente optimizada para pantallas grandes y funciona con gr\u00e1ficos y streaming de alta calidad. Los jugadores tienen acceso completo al casino: pueden jugar y gestionar sus cuentas con la misma experiencia de juego. Luckycapone para ordenadores de sobremesa ofrece las mismas funciones que las versiones para navegador y m\u00f3vil, pero con la comodidad de un ordenador de sobremesa.<\/p>\n<p><img loading=\"lazy\" decoding=\"async\" src=\"https:\/\/luckycaponecasino.com\/wp-content\/uploads\/2026\/01\/Luckycapone-Desktop.webp\" alt=\"Luckycapone Desktop\" width=\"1248\" height=\"536\" \/><\/p>\n<\/div><\/div><div style=\"clear: both\"><\/div><div class=\"d-flex justify-content-center\"><button data-item=\"decouvrez_link\" data-group=\"website_links\" class=\"goto fw-bold rounded-pill btn btn-orange\" aria-label=\"Descarga la aplicaci\u00f3n Luckycapone\" >Descarga la aplicaci\u00f3n Luckycapone<\/button><\/div><div class=\"scrollable-content-wrap my-5\"><div class=\"scrollable-content-inner\"><h2>Aplicaci\u00f3n Lucky Capone para dispositivos Android<\/h2>\n<p>La aplicaci\u00f3n Lucky\u0441apone para dispositivos Android proporciona un acceso r\u00e1pido al casino. La aplicaci\u00f3n est\u00e1 dise\u00f1ada como una moderna PWA de Luckycapone. En los tel\u00e9fonos y tabletas Android, no es necesario descargar el APK habitual de Luckycapone para que funcione. La instalaci\u00f3n es instant\u00e1nea y no ocupa espacio adicional en la memoria del dispositivo.<\/p>\n<p>El software para Android tiene todas las funciones de las versiones de escritorio y navegador, como juegos, pagos y promociones. La principal ventaja de nuestra PWA es que los usuarios pueden recibir notificaciones sobre todas las actualizaciones. Por ejemplo, le enviaremos una notificaci\u00f3n cuando reciba el estatus VIP, cuando cambie su posici\u00f3n en el torneo o cuando haya actualizaciones de sus juegos favoritos. La aplicaci\u00f3n Lucky Capone para Android funciona con fluidez y se carga r\u00e1pidamente en cualquier dispositivo.<\/p>\n<h3>C\u00f3mo instalar la aplicaci\u00f3n<\/h3>\n<ol>\n<li>Despl\u00e1cese hasta el bot\u00f3n de la aplicaci\u00f3n en el sitio web de Lucky Capone y seleccione Instalar.<\/li>\n<li>Confirme la instalaci\u00f3n.<\/li>\n<li>Acceda a ella desde su pantalla de inicio.<\/li>\n<\/ol>\n<p>Si tienes alg\u00fan problema o pregunta sobre el proceso de instalaci\u00f3n o cualquier otro tema, ponte en contacto con nuestro equipo de asistencia a trav\u00e9s del chat en vivo o por correo electr\u00f3nico.<\/p>\n<p><img loading=\"lazy\" decoding=\"async\" src=\"https:\/\/luckycaponecasino.com\/wp-content\/uploads\/2026\/01\/Luckycapone-Android.webp\" alt=\"Luckycapone Android\" width=\"1248\" height=\"536\" \/><\/p>\n<\/div><\/div><div style=\"clear: both\"><\/div><div class=\"d-flex justify-content-center\"><button data-item=\"decouvrez_link\" data-group=\"website_links\" class=\"goto fw-bold rounded-pill btn btn-orange\" aria-label=\"Descargar Luckycapone\" >Descargar Luckycapone<\/button><\/div><\/p>\n<h2>Ventajas de la aplicaci\u00f3n Luckycapone<\/h2>\n<p>La aplicaci\u00f3n Luckycapone proporciona acceso al casino con la m\u00e1xima flexibilidad. Tiene las mismas caracter\u00edsticas b\u00e1sicas que la versi\u00f3n para PC, pero con la comodidad de los juegos m\u00f3viles. El software est\u00e1 dise\u00f1ado para ser port\u00e1til y controlarse mediante pantalla t\u00e1ctil para jugar sobre la marcha. La versi\u00f3n para PC se beneficia de una pantalla m\u00e1s grande, mientras que la aplicaci\u00f3n Luckycapone destaca por su r\u00e1pido acceso. Ambas versiones admiten la gesti\u00f3n completa de la cuenta y todas las dem\u00e1s funciones, como el proceso de verificaci\u00f3n.<\/p>\n<table>\n<tbody>\n<tr>\n<td>Aspecto<\/td>\n<td>Aplicaci\u00f3n Luckycapone<\/td>\n<td>Versi\u00f3n para PC<\/td>\n<\/tr>\n<tr>\n<td>Movilidad<\/td>\n<td>Accede al casino m\u00f3vil desde cualquier lugar<\/td>\n<td>Fijado a una ubicaci\u00f3n de escritorio<\/td>\n<\/tr>\n<tr>\n<td>Controles<\/td>\n<td>Navegaci\u00f3n t\u00e1ctil<\/td>\n<td>Entrada mediante rat\u00f3n y teclado<\/td>\n<\/tr>\n<tr>\n<td>Velocidad de acceso<\/td>\n<td>Se abre al instante desde la pantalla de inicio<\/td>\n<td>Requiere un navegador o un acceso directo<\/td>\n<\/tr>\n<tr>\n<td>Experiencia de pantalla<\/td>\n<td>Optimizada para pantallas m\u00e1s peque\u00f1as<\/td>\n<td>Vista m\u00e1s grande para im\u00e1genes detalladas<\/td>\n<\/tr>\n<tr>\n<td>Actualizaciones<\/td>\n<td>Alertas y notificaciones en la aplicaci\u00f3n<\/td>\n<td>Es necesario realizar comprobaciones manuales<\/td>\n<\/tr>\n<tr>\n<td>Acceso a la plataforma<\/td>\n<td>Todas las funciones disponibles<\/td>\n<td>Todas las funciones disponibles<\/td>\n<\/tr>\n<\/tbody>\n<\/table>\n<p><div class=\"scrollable-content-wrap my-5\"><div class=\"scrollable-content-inner\"><h2>Aplicaci\u00f3n m\u00f3vil para iPhone y iPad<\/h2>\n<p>El software Luckycapone para iPhone y iPad funciona con todas las funciones del casino en dispositivos iOS. La aplicaci\u00f3n se inicia a trav\u00e9s del navegador Safari y funciona como una aplicaci\u00f3n web progresiva. No es necesario descargar nada de la App Store ni instalar archivos de gran tama\u00f1o. Esta configuraci\u00f3n permite una carga m\u00e1s r\u00e1pida y un funcionamiento estable de todos los juegos. Una vez a\u00f1adida a la pantalla de inicio, la aplicaci\u00f3n Luckycapone est\u00e1 disponible con un solo toque. El software ofrece notificaciones sobre promociones, torneos y actualizaciones importantes de la cuenta. Los jugadores pueden jugar a tragamonedas en l\u00ednea, juegos de mesa y juegos de casino en vivo dentro de la aplicaci\u00f3n.<\/p>\n<h3>C\u00f3mo configurar la aplicaci\u00f3n para iOS<\/h3>\n<ol>\n<li>Abre el sitio web de Luckycapone en Safari.<\/li>\n<li>Toque el icono Compartir.<\/li>\n<li>Seleccione \u00abA\u00f1adir a la pantalla de inicio\u00bb.<\/li>\n<li>Confirma y pulsa tu icono en la pantalla de inicio.<\/li>\n<\/ol>\n<p><img loading=\"lazy\" decoding=\"async\" src=\"https:\/\/luckycaponecasino.com\/wp-content\/uploads\/2026\/01\/Luckycapone-iOS.webp\" alt=\"Luckycapone iOS\" width=\"1248\" height=\"536\" \/><\/p>\n<\/div><\/div><div style=\"clear: both\"><\/div><div class=\"d-flex justify-content-center\"><button data-item=\"decouvrez_link\" data-group=\"website_links\" class=\"goto fw-bold rounded-pill btn btn-orange\" aria-label=\"Descarga la aplicaci\u00f3n Luckycapone\" >Descarga la aplicaci\u00f3n Luckycapone<\/button><\/div><div class=\"scrollable-content-wrap my-5\"><div class=\"scrollable-content-inner\"><h2>Preguntas frecuentes<\/h2>\n<h3>\u00bfLa versi\u00f3n para Android de la aplicaci\u00f3n Luckycapone es compatible con versiones anteriores del sistema operativo?<\/h3>\n<p>S\u00ed, la versi\u00f3n para Android de la aplicaci\u00f3n Luckycapone es compatible con una amplia gama de versiones del sistema operativo Android. El software est\u00e1 dise\u00f1ado como una aplicaci\u00f3n web progresiva (PWA). Las PWA funcionan en la mayor\u00eda de los dispositivos Android modernos sin requisitos de software estrictos. Con un navegador m\u00f3vil actualizado y una conexi\u00f3n a Internet estable, los jugadores pueden disfrutar del casino sin ning\u00fan problema.<\/p>\n<h3>\u00bfCu\u00e1nto espacio de almacenamiento se necesita para instalar la aplicaci\u00f3n en dispositivos m\u00f3viles?<\/h3>\n<p>En comparaci\u00f3n con el software habitual, la aplicaci\u00f3n Luckycapone no ocupa mucho espacio. No maneja archivos o datos de gran tama\u00f1o, ya que es una PWA y no un paquete de software completo. La aplicaci\u00f3n solo guarda los elementos de la interfaz y los accesos directos que necesita, por lo que no ocupa mucho espacio en el dispositivo.<\/p>\n<h3>\u00bfLa aplicaci\u00f3n Lucky Capone incluye modos sin conexi\u00f3n o requiere una conexi\u00f3n constante a Internet?<\/h3>\n<p>La aplicaci\u00f3n Luckycapone requiere una conexi\u00f3n constante a Internet para funcionar correctamente. Todas las tragamonedas en l\u00ednea, los juegos de mesa y los juegos con crupier en vivo, as\u00ed como las transacciones, los torneos y otras funciones, se basan en datos en tiempo real y en una conexi\u00f3n segura al servidor. No hay modos sin conexi\u00f3n disponibles, ya que todo el proceso de juego se desarrolla en l\u00ednea.<\/p>\n<\/div><\/div><\/p>\n","protected":false},"excerpt":{"rendered":"<p>Aplicaci\u00f3n m\u00f3vil Luckycapone Luckycapone app tiene todas las caracter\u00edsticas de un casino en formato m\u00f3vil. El software Luckycapone te da acceso completo a incre\u00edbles juegos y generosos bonos disponibles en las versiones para PC y navegador web. Est\u00e1 dise\u00f1ado para ofrecer un rendimiento superior. Los jugadores espa\u00f1oles pueden utilizar todas las herramientas del casino a [&hellip;]<\/p>\n","protected":false},"author":1,"featured_media":0,"parent":0,"menu_order":0,"comment_status":"closed","ping_status":"closed","template":"template-builder.php","meta":{"_acf_changed":false,"inline_featured_image":false,"footnotes":""},"class_list":["post-1424","page","type-page","status-publish","hentry"],"acf":[],"yoast_head":"<!-- This site is optimized with the Yoast SEO plugin v27.3 - https:\/\/yoast.com\/product\/yoast-seo-wordpress\/ -->\n<title>Luckycapone App para iOS y Android<\/title>\n<meta name=\"description\" content=\"La Lucky Capone App ofrece una experiencia de juego completa para iOS, Android, Windows y macOS, con sincronizaci\u00f3n de cuentas en todos los dispositivos. Miles de tragamonedas, jackpots y mesas con crupier en vivo est\u00e1n disponibles desde cualquier lugar.\" \/>\n<meta name=\"robots\" content=\"index, follow, max-snippet:-1, max-image-preview:large, max-video-preview:-1\" \/>\n<link rel=\"canonical\" href=\"https:\/\/luckycaponecasino.com\/es\/aplicacion\/\" \/>\n<meta property=\"og:locale\" content=\"es_ES\" \/>\n<meta property=\"og:type\" content=\"article\" \/>\n<meta property=\"og:title\" content=\"Luckycapone App para iOS y Android\" \/>\n<meta property=\"og:description\" content=\"La Lucky Capone App ofrece una experiencia de juego completa para iOS, Android, Windows y macOS, con sincronizaci\u00f3n de cuentas en todos los dispositivos. Miles de tragamonedas, jackpots y mesas con crupier en vivo est\u00e1n disponibles desde cualquier lugar.\" \/>\n<meta property=\"og:url\" content=\"https:\/\/luckycaponecasino.com\/es\/aplicacion\/\" \/>\n<meta property=\"og:site_name\" content=\"luckycapone\" \/>\n<meta property=\"article:modified_time\" content=\"2026-01-27T12:52:06+00:00\" \/>\n<meta name=\"twitter:card\" content=\"summary_large_image\" \/>\n<meta name=\"twitter:label1\" content=\"Est. reading time\" \/>\n\t<meta name=\"twitter:data1\" content=\"2 minutos\" \/>\n<script type=\"application\/ld+json\" class=\"yoast-schema-graph\">{\"@context\":\"https:\\\/\\\/schema.org\",\"@graph\":[{\"@type\":\"WebPage\",\"@id\":\"https:\\\/\\\/luckycaponecasino.com\\\/es\\\/aplicacion\\\/\",\"url\":\"https:\\\/\\\/luckycaponecasino.com\\\/es\\\/aplicacion\\\/\",\"name\":\"Luckycapone App para iOS y Android\",\"isPartOf\":{\"@id\":\"https:\\\/\\\/luckycaponecasino.com\\\/es\\\/#website\"},\"datePublished\":\"2026-01-27T08:40:06+00:00\",\"dateModified\":\"2026-01-27T12:52:06+00:00\",\"description\":\"La Lucky Capone App ofrece una experiencia de juego completa para iOS, Android, Windows y macOS, con sincronizaci\u00f3n de cuentas en todos los dispositivos. Miles de tragamonedas, jackpots y mesas con crupier en vivo est\u00e1n disponibles desde cualquier lugar.\",\"breadcrumb\":{\"@id\":\"https:\\\/\\\/luckycaponecasino.com\\\/es\\\/aplicacion\\\/#breadcrumb\"},\"inLanguage\":\"es\",\"potentialAction\":[{\"@type\":\"ReadAction\",\"target\":[\"https:\\\/\\\/luckycaponecasino.com\\\/es\\\/aplicacion\\\/\"]}]},{\"@type\":\"BreadcrumbList\",\"@id\":\"https:\\\/\\\/luckycaponecasino.com\\\/es\\\/aplicacion\\\/#breadcrumb\",\"itemListElement\":[{\"@type\":\"ListItem\",\"position\":1,\"name\":\"Luckycapone\",\"item\":\"https:\\\/\\\/luckycaponecasino.com\\\/es\\\/\"},{\"@type\":\"ListItem\",\"position\":2,\"name\":\"Aplicaci\u00f3n\"}]},{\"@type\":\"WebSite\",\"@id\":\"https:\\\/\\\/luckycaponecasino.com\\\/es\\\/#website\",\"url\":\"https:\\\/\\\/luckycaponecasino.com\\\/es\\\/\",\"name\":\"Luckycapone\",\"description\":\"\",\"publisher\":{\"@id\":\"https:\\\/\\\/luckycaponecasino.com\\\/es\\\/#organization\"},\"potentialAction\":[{\"@type\":\"SearchAction\",\"target\":{\"@type\":\"EntryPoint\",\"urlTemplate\":\"https:\\\/\\\/luckycaponecasino.com\\\/es\\\/?s={search_term_string}\"},\"query-input\":{\"@type\":\"PropertyValueSpecification\",\"valueRequired\":true,\"valueName\":\"search_term_string\"}}],\"inLanguage\":\"es\"},{\"@type\":\"Organization\",\"@id\":\"https:\\\/\\\/luckycaponecasino.com\\\/es\\\/#organization\",\"name\":\"Luckycapone\",\"url\":\"https:\\\/\\\/luckycaponecasino.com\\\/es\\\/\",\"logo\":{\"@type\":\"ImageObject\",\"inLanguage\":\"es\",\"@id\":\"https:\\\/\\\/luckycaponecasino.com\\\/es\\\/#\\\/schema\\\/logo\\\/image\\\/\",\"url\":\"https:\\\/\\\/luckycaponecasino.com\\\/wp-content\\\/uploads\\\/2026\\\/01\\\/logo-luckycapone.png\",\"contentUrl\":\"https:\\\/\\\/luckycaponecasino.com\\\/wp-content\\\/uploads\\\/2026\\\/01\\\/logo-luckycapone.png\",\"width\":70,\"height\":24,\"caption\":\"Luckycapone\"},\"image\":{\"@id\":\"https:\\\/\\\/luckycaponecasino.com\\\/es\\\/#\\\/schema\\\/logo\\\/image\\\/\"}}]}<\/script>\n<!-- \/ Yoast SEO plugin. -->","yoast_head_json":{"title":"Luckycapone App para iOS y Android","description":"La Lucky Capone App ofrece una experiencia de juego completa para iOS, Android, Windows y macOS, con sincronizaci\u00f3n de cuentas en todos los dispositivos. Miles de tragamonedas, jackpots y mesas con crupier en vivo est\u00e1n disponibles desde cualquier lugar.","robots":{"index":"index","follow":"follow","max-snippet":"max-snippet:-1","max-image-preview":"max-image-preview:large","max-video-preview":"max-video-preview:-1"},"canonical":"https:\/\/luckycaponecasino.com\/es\/aplicacion\/","og_locale":"es_ES","og_type":"article","og_title":"Luckycapone App para iOS y Android","og_description":"La Lucky Capone App ofrece una experiencia de juego completa para iOS, Android, Windows y macOS, con sincronizaci\u00f3n de cuentas en todos los dispositivos. Miles de tragamonedas, jackpots y mesas con crupier en vivo est\u00e1n disponibles desde cualquier lugar.","og_url":"https:\/\/luckycaponecasino.com\/es\/aplicacion\/","og_site_name":"luckycapone","article_modified_time":"2026-01-27T12:52:06+00:00","twitter_card":"summary_large_image","twitter_misc":{"Est. reading time":"2 minutos"},"schema":{"@context":"https:\/\/schema.org","@graph":[{"@type":"WebPage","@id":"https:\/\/luckycaponecasino.com\/es\/aplicacion\/","url":"https:\/\/luckycaponecasino.com\/es\/aplicacion\/","name":"Luckycapone App para iOS y Android","isPartOf":{"@id":"https:\/\/luckycaponecasino.com\/es\/#website"},"datePublished":"2026-01-27T08:40:06+00:00","dateModified":"2026-01-27T12:52:06+00:00","description":"La Lucky Capone App ofrece una experiencia de juego completa para iOS, Android, Windows y macOS, con sincronizaci\u00f3n de cuentas en todos los dispositivos. Miles de tragamonedas, jackpots y mesas con crupier en vivo est\u00e1n disponibles desde cualquier lugar.","breadcrumb":{"@id":"https:\/\/luckycaponecasino.com\/es\/aplicacion\/#breadcrumb"},"inLanguage":"es","potentialAction":[{"@type":"ReadAction","target":["https:\/\/luckycaponecasino.com\/es\/aplicacion\/"]}]},{"@type":"BreadcrumbList","@id":"https:\/\/luckycaponecasino.com\/es\/aplicacion\/#breadcrumb","itemListElement":[{"@type":"ListItem","position":1,"name":"Luckycapone","item":"https:\/\/luckycaponecasino.com\/es\/"},{"@type":"ListItem","position":2,"name":"Aplicaci\u00f3n"}]},{"@type":"WebSite","@id":"https:\/\/luckycaponecasino.com\/es\/#website","url":"https:\/\/luckycaponecasino.com\/es\/","name":"Luckycapone","description":"","publisher":{"@id":"https:\/\/luckycaponecasino.com\/es\/#organization"},"potentialAction":[{"@type":"SearchAction","target":{"@type":"EntryPoint","urlTemplate":"https:\/\/luckycaponecasino.com\/es\/?s={search_term_string}"},"query-input":{"@type":"PropertyValueSpecification","valueRequired":true,"valueName":"search_term_string"}}],"inLanguage":"es"},{"@type":"Organization","@id":"https:\/\/luckycaponecasino.com\/es\/#organization","name":"Luckycapone","url":"https:\/\/luckycaponecasino.com\/es\/","logo":{"@type":"ImageObject","inLanguage":"es","@id":"https:\/\/luckycaponecasino.com\/es\/#\/schema\/logo\/image\/","url":"https:\/\/luckycaponecasino.com\/wp-content\/uploads\/2026\/01\/logo-luckycapone.png","contentUrl":"https:\/\/luckycaponecasino.com\/wp-content\/uploads\/2026\/01\/logo-luckycapone.png","width":70,"height":24,"caption":"Luckycapone"},"image":{"@id":"https:\/\/luckycaponecasino.com\/es\/#\/schema\/logo\/image\/"}}]}},"_links":{"self":[{"href":"https:\/\/luckycaponecasino.com\/es\/wp-json\/wp\/v2\/pages\/1424","targetHints":{"allow":["GET"]}}],"collection":[{"href":"https:\/\/luckycaponecasino.com\/es\/wp-json\/wp\/v2\/pages"}],"about":[{"href":"https:\/\/luckycaponecasino.com\/es\/wp-json\/wp\/v2\/types\/page"}],"author":[{"embeddable":true,"href":"https:\/\/luckycaponecasino.com\/es\/wp-json\/wp\/v2\/users\/1"}],"replies":[{"embeddable":true,"href":"https:\/\/luckycaponecasino.com\/es\/wp-json\/wp\/v2\/comments?post=1424"}],"version-history":[{"count":2,"href":"https:\/\/luckycaponecasino.com\/es\/wp-json\/wp\/v2\/pages\/1424\/revisions"}],"predecessor-version":[{"id":1788,"href":"https:\/\/luckycaponecasino.com\/es\/wp-json\/wp\/v2\/pages\/1424\/revisions\/1788"}],"wp:attachment":[{"href":"https:\/\/luckycaponecasino.com\/es\/wp-json\/wp\/v2\/media?parent=1424"}],"curies":[{"name":"wp","href":"https:\/\/api.w.org\/{rel}","templated":true}]}}