{"id":1458,"date":"2026-01-27T08:42:04","date_gmt":"2026-01-27T08:42:04","guid":{"rendered":"https:\/\/luckycaponecasino.com\/login-and-registration\/"},"modified":"2026-01-27T11:13:32","modified_gmt":"2026-01-27T11:13:32","slug":"anmeldung-und-registrierung","status":"publish","type":"page","link":"https:\/\/luckycaponecasino.com\/de\/anmeldung-und-registrierung\/","title":{"rendered":"Anmeldung und Registrierung"},"content":{"rendered":"<h1>Anmelde- und Registrierungsprozess bei Luckycapone<\/h1>\n<p>Sie k\u00f6nnen den Luckycapone Login sowohl auf dem Desktop als auch auf Mobilger\u00e4ten schnell abschlie\u00dfen. Spieler m\u00fcssen sich registrieren und den Anmeldevorgang durchlaufen, bevor sie das Casino nutzen k\u00f6nnen. Registrierte Benutzer k\u00f6nnen ihre Profile verwalten, Spiele spielen und alle Funktionen der Plattform nutzen.<\/p>\n<p><div class=\"banner-wrap\" aria-label=\"Banner\"><img src=\"https:\/\/luckycaponecasino.com\/wp-content\/uploads\/2026\/01\/Luckycapone-banner.webp\" class=\"w-100 d-none d-lg-block img-pc main-banner-img\" alt=\"Luckycapone banner\" fetchpriority=\"high\" decoding=\"async\"><img src=\"https:\/\/luckycaponecasino.com\/wp-content\/uploads\/2026\/01\/Mobile-banner.webp\" class=\"w-100 d-none d-md-block d-lg-none main-banner-img\" alt=\"Mobile banner\" fetchpriority=\"high\" decoding=\"async\"><img src=\"https:\/\/luckycaponecasino.com\/wp-content\/uploads\/2026\/01\/Mobile-banner.webp\" class=\"w-100 d-md-none\" alt=\"Mobile banner\" fetchpriority=\"high\" decoding=\"async\"><div class=\"banner-description\">\n<div class=\"banner-title\">Willkommensboni<\/div>\n<p class=\"banner-header-title\">1500 \u20ac<\/p>\n<div class=\"banner-header-AdditionalText\">+ 250 Freispiele<\/div>\n<button data-item=\"homepage_banner_link\" class=\"goto m-button m-gradient-border m-button--primary m-button--large banner-button btn-orange\">\n            <div class=\"m-button-content\">\n                <span>Jetzt anmelden<\/span>\n                <span><\/span>\n            <\/div>\n        <\/button>\n<\/div>\n<div class=\"WelcomePack\">\n<p><img loading=\"lazy\" decoding=\"async\" class=\"alignnone size-full wp-image-1335\" src=\"https:\/\/luckycaponecasino.com\/wp-content\/uploads\/2026\/01\/welcome-crown.png\" alt=\"welcome crown\" width=\"25\" height=\"26\" \/><\/p>\n<div class=\"WelcomePack-Info\">W\u00f6chentlicher Cashback von bis zu 25 %<\/div>\n<p><img loading=\"lazy\" decoding=\"async\" class=\"alignnone size-full wp-image-1335\" src=\"https:\/\/luckycaponecasino.com\/wp-content\/uploads\/2026\/01\/welcome-crown.png\" alt=\"welcome crown\" width=\"25\" height=\"26\" \/><\/p>\n<\/div>\n<\/div><div class=\"scrollable-content-wrap my-5\"><div class=\"scrollable-content-inner\"><h2>Warum die Verifizierung f\u00fcr die Sicherheit der Spieler wichtig ist<\/h2>\n<p>Der Verifizierungsprozess bei Lucky Capone ist ein wichtiger Bestandteil der Sicherheit der Spieler. Wir \u00fcberpr\u00fcfen den Namen, die Adresse und die Zahlungsinformationen jedes Spielers, um Betrug und unbefugten Zugriff zu verhindern. Dieser Prozess best\u00e4tigt auch die Einhaltung der Lizenzanforderungen. Nur verifizierte Konten haben Zugriff auf alle Finanzfunktionen. Nach der Kontoverifizierung k\u00f6nnen Spieler ihre Gewinne auszahlen lassen und Bonusgelder verwenden.<\/p>\n<p>Um die Verifizierung abzuschlie\u00dfen, m\u00fcssen Spieler lediglich Dokumente hochladen. Sie m\u00fcssen klare Kopien von Dokumenten hochladen, die Ihre Identit\u00e4t nachweisen oder Ihre Adresse best\u00e4tigen. Ihre Dokumente werden in der Regel innerhalb von 48 Stunden von unserem Team gepr\u00fcft. Die Verifizierung hilft uns, allen Luckycapone-Spielern ein sicheres Erlebnis zu garantieren.<\/p>\n<h2>Registrieren Sie sich bei Luckycapone<\/h2>\n<p>Die Registrierung bei Luckycapone gew\u00e4hrt Ihnen vollen Zugang zum Casino. Nach der Registrierung k\u00f6nnen Benutzer spielen, Boni erhalten, an Turnieren teilnehmen und ihre Konten verwalten. Wir sch\u00fctzen alle registrierten Benutzer, indem wir ihre Spielaktivit\u00e4ten, Ein- und Auszahlungen sichern. Nach der Registrierung k\u00f6nnen Luckycapone-Benutzer an Turnieren teilnehmen und VIP-Privilegien erhalten.<\/p>\n<h3>So richten Sie Ihr Profil ein<\/h3>\n<ol>\n<li>Klicken Sie auf der Homepage von Luckycapone Casino auf die Schaltfl\u00e4che \u201eRegistrieren\u201d.<\/li>\n<li>Geben Sie Ihre E-Mail-Adresse ein und erstellen Sie ein Passwort.<\/li>\n<li>Akzeptieren Sie die Datenschutzerkl\u00e4rung und die Nutzungsbedingungen.<\/li>\n<li>Best\u00e4tigen Sie Ihre Registrierung \u00fcber die Aktivierungs-E-Mail.<\/li>\n<li>Melden Sie sich bei Ihrem Konto an.<\/li>\n<\/ol>\n<h3>H\u00e4ufige Probleme bei der Kontoeinrichtung und wie man sie vermeidet<\/h3>\n<p>Einige Benutzer haben m\u00f6glicherweise Probleme mit der Registrierung oder dem Anmeldevorgang bei Luckycapone. Spieler k\u00f6nnen Probleme wie falsche E-Mail-Adressen, schwache Passw\u00f6rter, verz\u00f6gerte Aktivierungs-E-Mails und mehr haben. Um Probleme zu vermeiden, \u00fcberpr\u00fcfen Sie bitte Ihre Angaben. Wenn Sie Schwierigkeiten haben, steht Ihnen unser 24\/7-Supportteam gerne zur Verf\u00fcgung.<\/p>\n<h2>Melden Sie sich bei Ihrem Lucky Capone-Konto an<\/h2>\n<p>Der Anmeldevorgang bei Lucky Capone gew\u00e4hrt Ihnen vollen Zugriff auf alle Casino-Funktionen und personalisierten Tools. Das Anmeldesystem ist einfach gestaltet und funktioniert einwandfrei auf Desktop-Computern, Mobilger\u00e4ten und in der App. Nach der Anmeldung bei Luckycapone k\u00f6nnen Spieler das Casino nutzen, um beispielsweise Spiele zu spielen, Kontoeinstellungen zu verwalten, den Verifizierungsprozess abzuschlie\u00dfen und ihre Spielaktivit\u00e4ten zu verfolgen.<\/p>\n<p>So melden Sie sich bei Ihrem Lucky Capone-Konto an:<\/p>\n<ol>\n<li>Klicken Sie auf die Schaltfl\u00e4che \u201eAnmelden\u201d.<\/li>\n<li>Geben Sie die mit Ihrem Konto verkn\u00fcpfte E-Mail-Adresse ein.<\/li>\n<li>Geben Sie Ihr Passwort ein.<\/li>\n<li>W\u00e4hlen Sie \u201eAnmelden\u201d.<\/li>\n<\/ol>\n<h2>Verwalten von Profileinstellungen und pers\u00f6nlichen Daten<\/h2>\n<p>Die Verwaltung Ihrer Profileinstellungen und pers\u00f6nlichen Daten bei Lucky Capone ist \u00fcber Ihr pers\u00f6nliches Konto ganz einfach. Nach der Registrierung k\u00f6nnen Spieler ihre pers\u00f6nlichen Daten aktualisieren und vieles mehr. Luckycapone Casino unterst\u00fctzt moderne Sicherheitsmethoden wie Verifizierungsverfahren und verschl\u00fcsselte Datenverarbeitung. Spieler k\u00f6nnen auch Tools f\u00fcr verantwortungsbewusstes Spielen aktivieren: Einzahlungslimits, Zeitlimits oder Selbstausschluss.<\/p>\n<p>\u00dcber Ihr Konto k\u00f6nnen Sie Transaktionen und Boni verwalten sowie an Turnieren teilnehmen. Im Profilbereich k\u00f6nnen Sie auf Ihren Spielverlauf zugreifen und Ihre Ergebnisse verfolgen. Wenn Sie Hilfe ben\u00f6tigen, steht Ihnen unser mehrsprachiger Support-Service per Live-Chat oder E-Mail zur Verf\u00fcgung.<\/p>\n<h3>Fehlerbehebung bei Anmeldefehlern und Zugangsproblemen<\/h3>\n<p>Probleme mit der Luckycapone-Anmeldung oder Zugriffsfehler k\u00f6nnen mithilfe der integrierten Wiederherstellungstools schnell behoben werden. Wenn Sie Ihr Passwort vergessen haben oder nicht auf Ihr Konto zugreifen k\u00f6nnen, verwenden Sie die Option zum Zur\u00fccksetzen des Passworts. Mit der Option zum Zur\u00fccksetzen des Passworts k\u00f6nnen Sie in wenigen Schritten wieder Zugriff erhalten.<\/p>\n<ol>\n<li>\u00d6ffnen Sie die Luckycapone-Anmeldeseite.<\/li>\n<li>Klicken Sie auf \u201ePasswort vergessen?\u201c.<\/li>\n<li>Geben Sie die mit Ihrem Konto verkn\u00fcpfte E-Mail-Adresse ein.<\/li>\n<li>Folgen Sie dem Link aus der E-Mail zum Zur\u00fccksetzen des Passworts und erstellen Sie ein neues Passwort.<\/li>\n<li>Melden Sie sich mit Ihrem neuen Passwort an.<\/li>\n<\/ol>\n<h2>FAQ<\/h2>\n<h3>Wie lange dauert die Identit\u00e4tspr\u00fcfung in der Regel nach Einreichen der Dokumente?<\/h3>\n<p>Die Identit\u00e4tspr\u00fcfung bei Luckycapone ist in der Regel innerhalb von 48 Stunden abgeschlossen. Bei Dokumenten in hoher Qualit\u00e4t erfolgt die Pr\u00fcfung oft schneller. Unser Team \u00fcberpr\u00fcft die Angaben sorgf\u00e4ltig, um die Sicherheit zu erh\u00f6hen. Die Spieler erhalten eine Benachrichtigung, sobald die \u00dcberpr\u00fcfung abgeschlossen ist.<\/p>\n<h3>Ist es m\u00f6glich, pers\u00f6nliche Daten nach der Einrichtung des Profils zu \u00e4ndern?<\/h3>\n<p>Ja, pers\u00f6nliche Daten k\u00f6nnen nach der Erstellung eines Profils aktualisiert werden. Spieler k\u00f6nnen ihre Kontaktdaten und Kontoeinstellungen in ihrem Profilbereich bearbeiten. Wenn die \u00c4nderungen vertrauliche Daten wie den Namen betreffen, ist m\u00f6glicherweise eine zus\u00e4tzliche \u00dcberpr\u00fcfung erforderlich. Bei Fragen zu diesen Themen k\u00f6nnen Sie sich an den Kundendienst von Lucky Capone wenden.<\/p>\n<h3>Gibt es neben der E-Mail weitere Optionen zur Passwortwiederherstellung?<\/h3>\n<p>E-Mail ist die prim\u00e4re Methode zur Passwortwiederherstellung bei Luckycapone Casino. Dies erm\u00f6glicht ein sicheres Wiederherstellungsverfahren. Wenn ein Spieler keinen Zugriff auf seine E-Mail hat, kann unser Support-Team bei der \u00dcberpr\u00fcfung seiner Identit\u00e4t und der Wiederherstellung des Zugriffs helfen.<\/p>\n<\/div><\/div><\/p>\n","protected":false},"excerpt":{"rendered":"<p>Anmelde- und Registrierungsprozess bei Luckycapone Sie k\u00f6nnen den Luckycapone Login sowohl auf dem Desktop als auch auf Mobilger\u00e4ten schnell abschlie\u00dfen. Spieler m\u00fcssen sich registrieren und den Anmeldevorgang durchlaufen, bevor sie das Casino nutzen k\u00f6nnen. Registrierte Benutzer k\u00f6nnen ihre Profile verwalten, Spiele spielen und alle Funktionen der Plattform nutzen.<\/p>\n","protected":false},"author":1,"featured_media":0,"parent":0,"menu_order":0,"comment_status":"closed","ping_status":"closed","template":"template-builder.php","meta":{"_acf_changed":false,"inline_featured_image":false,"footnotes":""},"class_list":["post-1458","page","type-page","status-publish","hentry"],"acf":[],"yoast_head":"<!-- This site is optimized with the Yoast SEO plugin v27.3 - https:\/\/yoast.com\/product\/yoast-seo-wordpress\/ -->\n<title>Luckycapone Login und -Registrierung<\/title>\n<meta name=\"description\" content=\"Der Lucky Capone Login erm\u00f6glicht Spielern den sicheren Zugriff auf ihr pers\u00f6nliches Dashboard zur Verwaltung von Boni, Einzahlungen und Kontodaten. Alle Profileinstellungen, Verifizierungsschritte und Zahlungsoptionen befinden sich an einem zentralen Ort.\" \/>\n<meta name=\"robots\" content=\"index, follow, max-snippet:-1, max-image-preview:large, max-video-preview:-1\" \/>\n<link rel=\"canonical\" href=\"https:\/\/luckycaponecasino.com\/de\/anmeldung-und-registrierung\/\" \/>\n<meta property=\"og:locale\" content=\"de_DE\" \/>\n<meta property=\"og:type\" content=\"article\" \/>\n<meta property=\"og:title\" content=\"Luckycapone Login und -Registrierung\" \/>\n<meta property=\"og:description\" content=\"Der Lucky Capone Login erm\u00f6glicht Spielern den sicheren Zugriff auf ihr pers\u00f6nliches Dashboard zur Verwaltung von Boni, Einzahlungen und Kontodaten. Alle Profileinstellungen, Verifizierungsschritte und Zahlungsoptionen befinden sich an einem zentralen Ort.\" \/>\n<meta property=\"og:url\" content=\"https:\/\/luckycaponecasino.com\/de\/anmeldung-und-registrierung\/\" \/>\n<meta property=\"og:site_name\" content=\"luckycapone\" \/>\n<meta property=\"article:modified_time\" content=\"2026-01-27T11:13:32+00:00\" \/>\n<meta name=\"twitter:card\" content=\"summary_large_image\" \/>\n<meta name=\"twitter:label1\" content=\"Gesch\u00e4tzte Lesezeit\" \/>\n\t<meta name=\"twitter:data1\" content=\"1\u00a0Minute\" \/>\n<script type=\"application\/ld+json\" class=\"yoast-schema-graph\">{\"@context\":\"https:\\\/\\\/schema.org\",\"@graph\":[{\"@type\":\"WebPage\",\"@id\":\"https:\\\/\\\/luckycaponecasino.com\\\/de\\\/anmeldung-und-registrierung\\\/\",\"url\":\"https:\\\/\\\/luckycaponecasino.com\\\/de\\\/anmeldung-und-registrierung\\\/\",\"name\":\"Luckycapone Login und -Registrierung\",\"isPartOf\":{\"@id\":\"https:\\\/\\\/luckycaponecasino.com\\\/de\\\/#website\"},\"datePublished\":\"2026-01-27T08:42:04+00:00\",\"dateModified\":\"2026-01-27T11:13:32+00:00\",\"description\":\"Der Lucky Capone Login erm\u00f6glicht Spielern den sicheren Zugriff auf ihr pers\u00f6nliches Dashboard zur Verwaltung von Boni, Einzahlungen und Kontodaten. Alle Profileinstellungen, Verifizierungsschritte und Zahlungsoptionen befinden sich an einem zentralen Ort.\",\"breadcrumb\":{\"@id\":\"https:\\\/\\\/luckycaponecasino.com\\\/de\\\/anmeldung-und-registrierung\\\/#breadcrumb\"},\"inLanguage\":\"de\",\"potentialAction\":[{\"@type\":\"ReadAction\",\"target\":[\"https:\\\/\\\/luckycaponecasino.com\\\/de\\\/anmeldung-und-registrierung\\\/\"]}]},{\"@type\":\"BreadcrumbList\",\"@id\":\"https:\\\/\\\/luckycaponecasino.com\\\/de\\\/anmeldung-und-registrierung\\\/#breadcrumb\",\"itemListElement\":[{\"@type\":\"ListItem\",\"position\":1,\"name\":\"Luckycapone\",\"item\":\"https:\\\/\\\/luckycaponecasino.com\\\/de\\\/\"},{\"@type\":\"ListItem\",\"position\":2,\"name\":\"Anmeldung und Registrierung\"}]},{\"@type\":\"WebSite\",\"@id\":\"https:\\\/\\\/luckycaponecasino.com\\\/de\\\/#website\",\"url\":\"https:\\\/\\\/luckycaponecasino.com\\\/de\\\/\",\"name\":\"Luckycapone\",\"description\":\"\",\"publisher\":{\"@id\":\"https:\\\/\\\/luckycaponecasino.com\\\/de\\\/#organization\"},\"potentialAction\":[{\"@type\":\"SearchAction\",\"target\":{\"@type\":\"EntryPoint\",\"urlTemplate\":\"https:\\\/\\\/luckycaponecasino.com\\\/de\\\/?s={search_term_string}\"},\"query-input\":{\"@type\":\"PropertyValueSpecification\",\"valueRequired\":true,\"valueName\":\"search_term_string\"}}],\"inLanguage\":\"de\"},{\"@type\":\"Organization\",\"@id\":\"https:\\\/\\\/luckycaponecasino.com\\\/de\\\/#organization\",\"name\":\"Luckycapone\",\"url\":\"https:\\\/\\\/luckycaponecasino.com\\\/de\\\/\",\"logo\":{\"@type\":\"ImageObject\",\"inLanguage\":\"de\",\"@id\":\"https:\\\/\\\/luckycaponecasino.com\\\/de\\\/#\\\/schema\\\/logo\\\/image\\\/\",\"url\":\"https:\\\/\\\/luckycaponecasino.com\\\/wp-content\\\/uploads\\\/2026\\\/01\\\/logo-luckycapone.png\",\"contentUrl\":\"https:\\\/\\\/luckycaponecasino.com\\\/wp-content\\\/uploads\\\/2026\\\/01\\\/logo-luckycapone.png\",\"width\":70,\"height\":24,\"caption\":\"Luckycapone\"},\"image\":{\"@id\":\"https:\\\/\\\/luckycaponecasino.com\\\/de\\\/#\\\/schema\\\/logo\\\/image\\\/\"}}]}<\/script>\n<!-- \/ Yoast SEO plugin. -->","yoast_head_json":{"title":"Luckycapone Login und -Registrierung","description":"Der Lucky Capone Login erm\u00f6glicht Spielern den sicheren Zugriff auf ihr pers\u00f6nliches Dashboard zur Verwaltung von Boni, Einzahlungen und Kontodaten. Alle Profileinstellungen, Verifizierungsschritte und Zahlungsoptionen befinden sich an einem zentralen Ort.","robots":{"index":"index","follow":"follow","max-snippet":"max-snippet:-1","max-image-preview":"max-image-preview:large","max-video-preview":"max-video-preview:-1"},"canonical":"https:\/\/luckycaponecasino.com\/de\/anmeldung-und-registrierung\/","og_locale":"de_DE","og_type":"article","og_title":"Luckycapone Login und -Registrierung","og_description":"Der Lucky Capone Login erm\u00f6glicht Spielern den sicheren Zugriff auf ihr pers\u00f6nliches Dashboard zur Verwaltung von Boni, Einzahlungen und Kontodaten. Alle Profileinstellungen, Verifizierungsschritte und Zahlungsoptionen befinden sich an einem zentralen Ort.","og_url":"https:\/\/luckycaponecasino.com\/de\/anmeldung-und-registrierung\/","og_site_name":"luckycapone","article_modified_time":"2026-01-27T11:13:32+00:00","twitter_card":"summary_large_image","twitter_misc":{"Gesch\u00e4tzte Lesezeit":"1\u00a0Minute"},"schema":{"@context":"https:\/\/schema.org","@graph":[{"@type":"WebPage","@id":"https:\/\/luckycaponecasino.com\/de\/anmeldung-und-registrierung\/","url":"https:\/\/luckycaponecasino.com\/de\/anmeldung-und-registrierung\/","name":"Luckycapone Login und -Registrierung","isPartOf":{"@id":"https:\/\/luckycaponecasino.com\/de\/#website"},"datePublished":"2026-01-27T08:42:04+00:00","dateModified":"2026-01-27T11:13:32+00:00","description":"Der Lucky Capone Login erm\u00f6glicht Spielern den sicheren Zugriff auf ihr pers\u00f6nliches Dashboard zur Verwaltung von Boni, Einzahlungen und Kontodaten. Alle Profileinstellungen, Verifizierungsschritte und Zahlungsoptionen befinden sich an einem zentralen Ort.","breadcrumb":{"@id":"https:\/\/luckycaponecasino.com\/de\/anmeldung-und-registrierung\/#breadcrumb"},"inLanguage":"de","potentialAction":[{"@type":"ReadAction","target":["https:\/\/luckycaponecasino.com\/de\/anmeldung-und-registrierung\/"]}]},{"@type":"BreadcrumbList","@id":"https:\/\/luckycaponecasino.com\/de\/anmeldung-und-registrierung\/#breadcrumb","itemListElement":[{"@type":"ListItem","position":1,"name":"Luckycapone","item":"https:\/\/luckycaponecasino.com\/de\/"},{"@type":"ListItem","position":2,"name":"Anmeldung und Registrierung"}]},{"@type":"WebSite","@id":"https:\/\/luckycaponecasino.com\/de\/#website","url":"https:\/\/luckycaponecasino.com\/de\/","name":"Luckycapone","description":"","publisher":{"@id":"https:\/\/luckycaponecasino.com\/de\/#organization"},"potentialAction":[{"@type":"SearchAction","target":{"@type":"EntryPoint","urlTemplate":"https:\/\/luckycaponecasino.com\/de\/?s={search_term_string}"},"query-input":{"@type":"PropertyValueSpecification","valueRequired":true,"valueName":"search_term_string"}}],"inLanguage":"de"},{"@type":"Organization","@id":"https:\/\/luckycaponecasino.com\/de\/#organization","name":"Luckycapone","url":"https:\/\/luckycaponecasino.com\/de\/","logo":{"@type":"ImageObject","inLanguage":"de","@id":"https:\/\/luckycaponecasino.com\/de\/#\/schema\/logo\/image\/","url":"https:\/\/luckycaponecasino.com\/wp-content\/uploads\/2026\/01\/logo-luckycapone.png","contentUrl":"https:\/\/luckycaponecasino.com\/wp-content\/uploads\/2026\/01\/logo-luckycapone.png","width":70,"height":24,"caption":"Luckycapone"},"image":{"@id":"https:\/\/luckycaponecasino.com\/de\/#\/schema\/logo\/image\/"}}]}},"_links":{"self":[{"href":"https:\/\/luckycaponecasino.com\/de\/wp-json\/wp\/v2\/pages\/1458","targetHints":{"allow":["GET"]}}],"collection":[{"href":"https:\/\/luckycaponecasino.com\/de\/wp-json\/wp\/v2\/pages"}],"about":[{"href":"https:\/\/luckycaponecasino.com\/de\/wp-json\/wp\/v2\/types\/page"}],"author":[{"embeddable":true,"href":"https:\/\/luckycaponecasino.com\/de\/wp-json\/wp\/v2\/users\/1"}],"replies":[{"embeddable":true,"href":"https:\/\/luckycaponecasino.com\/de\/wp-json\/wp\/v2\/comments?post=1458"}],"version-history":[{"count":1,"href":"https:\/\/luckycaponecasino.com\/de\/wp-json\/wp\/v2\/pages\/1458\/revisions"}],"predecessor-version":[{"id":1609,"href":"https:\/\/luckycaponecasino.com\/de\/wp-json\/wp\/v2\/pages\/1458\/revisions\/1609"}],"wp:attachment":[{"href":"https:\/\/luckycaponecasino.com\/de\/wp-json\/wp\/v2\/media?parent=1458"}],"curies":[{"name":"wp","href":"https:\/\/api.w.org\/{rel}","templated":true}]}}