{"id":1417,"date":"2026-01-27T08:40:06","date_gmt":"2026-01-27T08:40:06","guid":{"rendered":"https:\/\/luckycaponecasino.com\/app-2\/"},"modified":"2026-01-27T11:12:21","modified_gmt":"2026-01-27T11:12:21","slug":"app","status":"publish","type":"page","link":"https:\/\/luckycaponecasino.com\/de\/app\/","title":{"rendered":"App"},"content":{"rendered":"<h1>Luckycapone Mobile App<\/h1>\n<p>Die Luckycapone App bietet alle Funktionen eines Casinos im mobilen Format. Mit der Luckycapone-Software haben Sie vollen Zugriff auf fantastische Spiele und gro\u00dfz\u00fcgige Boni, die auch in der PC- und Webbrowser-Version verf\u00fcgbar sind. Sie wurde f\u00fcr \u00fcberragende Leistung entwickelt. Spieler k\u00f6nnen alle Casino-Tools \u00fcber die Luckycapone-App ohne Einschr\u00e4nkungen nutzen.<\/p>\n<p><div class=\"banner-wrap\" aria-label=\"Banner\"><img src=\"https:\/\/luckycaponecasino.com\/wp-content\/uploads\/2026\/01\/Luckycapone-banner.webp\" class=\"w-100 d-none d-lg-block img-pc main-banner-img\" alt=\"Luckycapone banner\" fetchpriority=\"high\" decoding=\"async\"><img src=\"https:\/\/luckycaponecasino.com\/wp-content\/uploads\/2026\/01\/Mobile-banner.webp\" class=\"w-100 d-none d-md-block d-lg-none main-banner-img\" alt=\"Mobile banner\" fetchpriority=\"high\" decoding=\"async\"><img src=\"https:\/\/luckycaponecasino.com\/wp-content\/uploads\/2026\/01\/Mobile-banner.webp\" class=\"w-100 d-md-none\" alt=\"Mobile banner\" fetchpriority=\"high\" decoding=\"async\"><div class=\"banner-description\">\n<div class=\"banner-title\">Willkommensboni<\/div>\n<p class=\"banner-header-title\">1500 \u20ac<\/p>\n<div class=\"banner-header-AdditionalText\">+ 250 Freispiele<\/div>\n<button data-item=\"homepage_banner_link\" class=\"goto m-button m-gradient-border m-button--primary m-button--large banner-button btn-orange\">\n            <div class=\"m-button-content\">\n                <span>Jetzt anmelden<\/span>\n                <span><\/span>\n            <\/div>\n        <\/button>\n<\/div>\n<div class=\"WelcomePack\">\n<p><img loading=\"lazy\" decoding=\"async\" class=\"alignnone size-full wp-image-1335\" src=\"https:\/\/luckycaponecasino.com\/wp-content\/uploads\/2026\/01\/welcome-crown.png\" alt=\"welcome crown\" width=\"25\" height=\"26\" \/><\/p>\n<div class=\"WelcomePack-Info\">W\u00f6chentlicher Cashback von bis zu 25 %<\/div>\n<p><img loading=\"lazy\" decoding=\"async\" class=\"alignnone size-full wp-image-1335\" src=\"https:\/\/luckycaponecasino.com\/wp-content\/uploads\/2026\/01\/welcome-crown.png\" alt=\"welcome crown\" width=\"25\" height=\"26\" \/><\/p>\n<\/div>\n<\/div><div class=\"scrollable-content-wrap my-5\"><div class=\"scrollable-content-inner\"><h2>Luckycapone f\u00fcr Desktop herunterladen<\/h2>\n<p>Die Luckycapone-App f\u00fcr Desktop bietet Spielern schnellen Zugriff auf das Casino ohne Installation. Die Desktop-App ist sowohl mit Windows als auch mit Mac kompatibel und funktioniert wie eine Web-App. Unsere Webanwendung kann als Verkn\u00fcpfung auf Ihrem Desktop hinzugef\u00fcgt werden. Nach der Erstellung \u00f6ffnet diese Verkn\u00fcpfung Luckycapone mit einem einzigen Klick als separate Anwendung.<\/p>\n<p>Die Desktop-Version ist vollst\u00e4ndig f\u00fcr gro\u00dfe Bildschirme optimiert und l\u00e4uft mit hochwertiger Grafik und Streaming. Spieler haben vollen Zugriff auf das Casino: Sie k\u00f6nnen Spiele spielen und ihre Konten mit dem gleichen Spielerlebnis verwalten. Luckycapone f\u00fcr Desktop-Computer bietet die gleichen Funktionen wie die Browser- und Mobilversionen, jedoch mit dem Komfort eines Desktop-Computers.<\/p>\n<p><img loading=\"lazy\" decoding=\"async\" src=\"https:\/\/luckycaponecasino.com\/wp-content\/uploads\/2026\/01\/Luckycapone-Desktop.webp\" alt=\"Luckycapone Desktop\" width=\"1248\" height=\"536\" \/><\/p>\n<\/div><\/div><div style=\"clear: both\"><\/div><div class=\"d-flex justify-content-center\"><button data-item=\"decouvrez_link\" data-group=\"website_links\" class=\"goto fw-bold rounded-pill btn btn-orange\" aria-label=\"Laden Sie die Luckycapone-App herunter\" >Laden Sie die Luckycapone-App herunter<\/button><\/div><div class=\"scrollable-content-wrap my-5\"><div class=\"scrollable-content-inner\"><h2>Lucky Capone App f\u00fcr Android-Ger\u00e4te<\/h2>\n<p>Die Lucky\u0441apone App f\u00fcr Android-Ger\u00e4te bietet schnellen Zugriff auf das Casino. Die App ist als moderne Luckycapone-PWA konzipiert. Auf Android-Smartphones und -Tablets m\u00fcssen Sie nicht die \u00fcbliche Luckycapone-APK herunterladen, damit sie funktioniert. Die Installation erfolgt sofort und nimmt keinen zus\u00e4tzlichen Speicherplatz auf dem Ger\u00e4t in Anspruch.<\/p>\n<p>Die Android-Software verf\u00fcgt \u00fcber alle Funktionen der Desktop- und Browser-Versionen, wie Spiele, Zahlungen und Werbeaktionen. Der Hauptvorteil unserer PWA besteht darin, dass Benutzer Benachrichtigungen \u00fcber alle Updates erhalten k\u00f6nnen. Wir senden Ihnen beispielsweise eine Benachrichtigung, wenn Sie den VIP-Status erhalten, wenn sich Ihre Position im Turnier \u00e4ndert oder wenn es Updates zu Ihren Lieblingsspielen gibt. Die Lucky Capone App f\u00fcr Android l\u00e4uft reibungslos und l\u00e4dt schnell auf jedem Ger\u00e4t.<\/p>\n<h3>So installieren Sie die App<\/h3>\n<ol>\n<li>Scrollen Sie auf der Lucky Capone-Website zum App-Button und w\u00e4hlen Sie \u201eInstallieren\u201d.<\/li>\n<li>Best\u00e4tigen Sie die Installation.<\/li>\n<li>Greifen Sie \u00fcber Ihren Startbildschirm darauf zu.<\/li>\n<\/ol>\n<p>Wenn Sie Probleme oder Fragen zum Installationsprozess oder zu anderen Themen haben, wenden Sie sich bitte per Live-Chat oder E-Mail an unseren Support.<\/p>\n<p><img loading=\"lazy\" decoding=\"async\" src=\"https:\/\/luckycaponecasino.com\/wp-content\/uploads\/2026\/01\/Luckycapone-Android.webp\" alt=\"Luckycapone Android\" width=\"1248\" height=\"536\" \/><\/p>\n<\/div><\/div><div style=\"clear: both\"><\/div><div class=\"d-flex justify-content-center\"><button data-item=\"decouvrez_link\" data-group=\"website_links\" class=\"goto fw-bold rounded-pill btn btn-orange\" aria-label=\"Luckycapone herunterladen\" >Luckycapone herunterladen<\/button><\/div><\/p>\n<h2>Vorteile der Luckycapone-App<\/h2>\n<p>Die Luckycapone-App bietet Ihnen maximalen Flexibilit\u00e4t beim Zugriff auf das Casino. Sie verf\u00fcgt \u00fcber dieselben Grundfunktionen wie die PC-Version, bietet jedoch den Komfort des mobilen Spielens. Die Software ist auf Portabilit\u00e4t und Touchscreen-Steuerung f\u00fcr das Spielen unterwegs ausgelegt. Die PC-Version profitiert von einem gr\u00f6\u00dferen Bildschirm, w\u00e4hrend die Luckycapone-App sich durch ihren schnellen Zugriff auszeichnet. Beide Versionen unterst\u00fctzen die vollst\u00e4ndige Kontoverwaltung und alle anderen Funktionen, wie z. B. den Verifizierungsprozess.<\/p>\n<table>\n<tbody>\n<tr>\n<td>Aspekt<\/td>\n<td>Luckycapone-App<\/td>\n<td>PC-Version<\/td>\n<\/tr>\n<tr>\n<td>Mobilit\u00e4t<\/td>\n<td>Zugriff auf das mobile Casino von \u00fcberall<\/td>\n<td>An einen Desktop-Standort gebunden<\/td>\n<\/tr>\n<tr>\n<td>Steuerung<\/td>\n<td>Touch-basierte Navigation<\/td>\n<td>Eingabe \u00fcber Maus und Tastatur<\/td>\n<\/tr>\n<tr>\n<td>Zugriffsgeschwindigkeit<\/td>\n<td>\u00d6ffnet sich sofort \u00fcber den Startbildschirm<\/td>\n<td>Erfordert einen Browser oder eine Verkn\u00fcpfung<\/td>\n<\/tr>\n<tr>\n<td>Bildschirmdarstellung<\/td>\n<td>F\u00fcr kleinere Bildschirme optimiert<\/td>\n<td>Gr\u00f6\u00dfere Ansicht f\u00fcr detaillierte Darstellungen<\/td>\n<\/tr>\n<tr>\n<td>Aktualisierungen<\/td>\n<td>In-App-Benachrichtigungen<\/td>\n<td>Manuelle \u00dcberpr\u00fcfung erforderlich<\/td>\n<\/tr>\n<tr>\n<td>Plattformzugang<\/td>\n<td>Alle Funktionen verf\u00fcgbar<\/td>\n<td>Alle Funktionen verf\u00fcgbar<\/td>\n<\/tr>\n<\/tbody>\n<\/table>\n<p><div class=\"scrollable-content-wrap my-5\"><div class=\"scrollable-content-inner\"><h2>Mobile Anwendung f\u00fcr iPhones und iPads<\/h2>\n<p>Die Luckycapone-Software f\u00fcr iPhone und iPad funktioniert mit allen Casino-Funktionen auf iOS-Ger\u00e4ten. Die App wird \u00fcber den Safari-Browser gestartet und funktioniert als progressive Web-App. Es ist nicht erforderlich, etwas aus dem App Store herunterzuladen oder gro\u00dfe Dateien zu installieren. Diese Konfiguration unterst\u00fctzt ein schnelleres Laden und einen stabilen Betrieb aller Spiele. Sobald die Luckycapone-App zum Startbildschirm hinzugef\u00fcgt wurde, ist sie mit einem einzigen Fingertipp verf\u00fcgbar. Die Software bietet Benachrichtigungen \u00fcber Werbeaktionen, Turniere und wichtige Kontoaktualisierungen. Spieler k\u00f6nnen innerhalb der App Online-Slots, Tischspiele und Live-Casino-Spiele spielen.<\/p>\n<h3>So richten Sie die iOS-App ein<\/h3>\n<ol>\n<li>\u00d6ffnen Sie die Luckycapone-Website in Safari.<\/li>\n<li>Tippen Sie auf das Symbol \u201eTeilen\u201c.<\/li>\n<li>W\u00e4hlen Sie \u201eZum Startbildschirm hinzuf\u00fcgen\u201d.<\/li>\n<li>Best\u00e4tigen Sie und tippen Sie auf Ihr Symbol auf dem Startbildschirm.<\/li>\n<\/ol>\n<p><img loading=\"lazy\" decoding=\"async\" src=\"https:\/\/luckycaponecasino.com\/wp-content\/uploads\/2026\/01\/Luckycapone-iOS.webp\" alt=\"Luckycapone iOS\" width=\"1248\" height=\"536\" \/><\/p>\n<\/div><\/div><div style=\"clear: both\"><\/div><div class=\"d-flex justify-content-center\"><button data-item=\"decouvrez_link\" data-group=\"website_links\" class=\"goto fw-bold rounded-pill btn btn-orange\" aria-label=\"Laden Sie die Luckycapone-App herunter\" >Laden Sie die Luckycapone-App herunter<\/button><\/div><div class=\"scrollable-content-wrap my-5\"><div class=\"scrollable-content-inner\"><h2>FAQ<\/h2>\n<h3>Unterst\u00fctzt die Android-Version der Luckycapone-App \u00e4ltere Betriebssystemversionen?<\/h3>\n<p>Ja, die Android-Version der Luckycapone-App unterst\u00fctzt eine Vielzahl von Android-Betriebssystemversionen. Die Software ist als Progressive Web App (PWA) konzipiert. PWAs funktionieren auf den meisten modernen Android-Ger\u00e4ten ohne strenge Softwareanforderungen. Mit einem aktualisierten mobilen Browser und einer stabilen Internetverbindung k\u00f6nnen Spieler das Casino ohne Probleme genie\u00dfen.<\/p>\n<h3>Wie viel Speicherplatz wird f\u00fcr die Installation der App auf Mobilger\u00e4ten ben\u00f6tigt?<\/h3>\n<p>Im Vergleich zu herk\u00f6mmlicher Software ben\u00f6tigt die Luckycapone-App nicht viel Speicherplatz. Da es sich um eine PWA und nicht um ein vollst\u00e4ndiges Softwarepaket handelt, werden keine gro\u00dfen Dateien oder Daten verarbeitet. Die App speichert nur die ben\u00f6tigten Elemente der Benutzeroberfl\u00e4che und Verkn\u00fcpfungen, sodass sie nicht viel Speicherplatz auf Ihrem Ger\u00e4t beansprucht.<\/p>\n<h3>Verf\u00fcgt die Lucky Capone App \u00fcber Offline-Modi oder ben\u00f6tigt sie eine st\u00e4ndige Internetverbindung?<\/h3>\n<p>Die Luckycapone-App ben\u00f6tigt eine st\u00e4ndige Internetverbindung, um ordnungsgem\u00e4\u00df zu funktionieren. Alle Online-Slots, Tischspiele und Live-Dealer-Spiele sowie Transaktionen, Turniere und andere Funktionen basieren auf Echtzeitdaten und einer sicheren Verbindung zum Server. Offline-Modi sind nicht verf\u00fcgbar, da der gesamte Spielprozess online stattfindet.<\/p>\n<\/div><\/div><\/p>\n","protected":false},"excerpt":{"rendered":"<p>Luckycapone Mobile App Die Luckycapone App bietet alle Funktionen eines Casinos im mobilen Format. Mit der Luckycapone-Software haben Sie vollen Zugriff auf fantastische Spiele und gro\u00dfz\u00fcgige Boni, die auch in der PC- und Webbrowser-Version verf\u00fcgbar sind. Sie wurde f\u00fcr \u00fcberragende Leistung entwickelt. Spieler k\u00f6nnen alle Casino-Tools \u00fcber die Luckycapone-App ohne Einschr\u00e4nkungen nutzen. Vorteile der Luckycapone-App [&hellip;]<\/p>\n","protected":false},"author":1,"featured_media":0,"parent":0,"menu_order":0,"comment_status":"closed","ping_status":"closed","template":"template-builder.php","meta":{"_acf_changed":false,"inline_featured_image":false,"footnotes":""},"class_list":["post-1417","page","type-page","status-publish","hentry"],"acf":[],"yoast_head":"<!-- This site is optimized with the Yoast SEO plugin v27.3 - https:\/\/yoast.com\/product\/yoast-seo-wordpress\/ -->\n<title>Luckycapone App f\u00fcr iOS &amp; Android<\/title>\n<meta name=\"description\" content=\"Die Lucky Capone App bietet ein umfassendes Spielerlebnis auf iOS, Android, Windows und macOS mit ger\u00e4te\u00fcbergreifender Kontosynchronisierung. Tausende von Spielautomaten, Jackpots und Live-Dealer-Tischen sind jetzt auch unterwegs verf\u00fcgbar.\" \/>\n<meta name=\"robots\" content=\"index, follow, max-snippet:-1, max-image-preview:large, max-video-preview:-1\" \/>\n<link rel=\"canonical\" href=\"https:\/\/luckycaponecasino.com\/de\/app\/\" \/>\n<meta property=\"og:locale\" content=\"de_DE\" \/>\n<meta property=\"og:type\" content=\"article\" \/>\n<meta property=\"og:title\" content=\"Luckycapone App f\u00fcr iOS &amp; Android\" \/>\n<meta property=\"og:description\" content=\"Die Lucky Capone App bietet ein umfassendes Spielerlebnis auf iOS, Android, Windows und macOS mit ger\u00e4te\u00fcbergreifender Kontosynchronisierung. Tausende von Spielautomaten, Jackpots und Live-Dealer-Tischen sind jetzt auch unterwegs verf\u00fcgbar.\" \/>\n<meta property=\"og:url\" content=\"https:\/\/luckycaponecasino.com\/de\/app\/\" \/>\n<meta property=\"og:site_name\" content=\"luckycapone\" \/>\n<meta property=\"article:modified_time\" content=\"2026-01-27T11:12:21+00:00\" \/>\n<meta name=\"twitter:card\" content=\"summary_large_image\" \/>\n<meta name=\"twitter:label1\" content=\"Gesch\u00e4tzte Lesezeit\" \/>\n\t<meta name=\"twitter:data1\" content=\"1\u00a0Minute\" \/>\n<script type=\"application\/ld+json\" class=\"yoast-schema-graph\">{\"@context\":\"https:\\\/\\\/schema.org\",\"@graph\":[{\"@type\":\"WebPage\",\"@id\":\"https:\\\/\\\/luckycaponecasino.com\\\/de\\\/app\\\/\",\"url\":\"https:\\\/\\\/luckycaponecasino.com\\\/de\\\/app\\\/\",\"name\":\"Luckycapone App f\u00fcr iOS & Android\",\"isPartOf\":{\"@id\":\"https:\\\/\\\/luckycaponecasino.com\\\/de\\\/#website\"},\"datePublished\":\"2026-01-27T08:40:06+00:00\",\"dateModified\":\"2026-01-27T11:12:21+00:00\",\"description\":\"Die Lucky Capone App bietet ein umfassendes Spielerlebnis auf iOS, Android, Windows und macOS mit ger\u00e4te\u00fcbergreifender Kontosynchronisierung. Tausende von Spielautomaten, Jackpots und Live-Dealer-Tischen sind jetzt auch unterwegs verf\u00fcgbar.\",\"breadcrumb\":{\"@id\":\"https:\\\/\\\/luckycaponecasino.com\\\/de\\\/app\\\/#breadcrumb\"},\"inLanguage\":\"de\",\"potentialAction\":[{\"@type\":\"ReadAction\",\"target\":[\"https:\\\/\\\/luckycaponecasino.com\\\/de\\\/app\\\/\"]}]},{\"@type\":\"BreadcrumbList\",\"@id\":\"https:\\\/\\\/luckycaponecasino.com\\\/de\\\/app\\\/#breadcrumb\",\"itemListElement\":[{\"@type\":\"ListItem\",\"position\":1,\"name\":\"Luckycapone\",\"item\":\"https:\\\/\\\/luckycaponecasino.com\\\/de\\\/\"},{\"@type\":\"ListItem\",\"position\":2,\"name\":\"App\"}]},{\"@type\":\"WebSite\",\"@id\":\"https:\\\/\\\/luckycaponecasino.com\\\/de\\\/#website\",\"url\":\"https:\\\/\\\/luckycaponecasino.com\\\/de\\\/\",\"name\":\"Luckycapone\",\"description\":\"\",\"publisher\":{\"@id\":\"https:\\\/\\\/luckycaponecasino.com\\\/de\\\/#organization\"},\"potentialAction\":[{\"@type\":\"SearchAction\",\"target\":{\"@type\":\"EntryPoint\",\"urlTemplate\":\"https:\\\/\\\/luckycaponecasino.com\\\/de\\\/?s={search_term_string}\"},\"query-input\":{\"@type\":\"PropertyValueSpecification\",\"valueRequired\":true,\"valueName\":\"search_term_string\"}}],\"inLanguage\":\"de\"},{\"@type\":\"Organization\",\"@id\":\"https:\\\/\\\/luckycaponecasino.com\\\/de\\\/#organization\",\"name\":\"Luckycapone\",\"url\":\"https:\\\/\\\/luckycaponecasino.com\\\/de\\\/\",\"logo\":{\"@type\":\"ImageObject\",\"inLanguage\":\"de\",\"@id\":\"https:\\\/\\\/luckycaponecasino.com\\\/de\\\/#\\\/schema\\\/logo\\\/image\\\/\",\"url\":\"https:\\\/\\\/luckycaponecasino.com\\\/wp-content\\\/uploads\\\/2026\\\/01\\\/logo-luckycapone.png\",\"contentUrl\":\"https:\\\/\\\/luckycaponecasino.com\\\/wp-content\\\/uploads\\\/2026\\\/01\\\/logo-luckycapone.png\",\"width\":70,\"height\":24,\"caption\":\"Luckycapone\"},\"image\":{\"@id\":\"https:\\\/\\\/luckycaponecasino.com\\\/de\\\/#\\\/schema\\\/logo\\\/image\\\/\"}}]}<\/script>\n<!-- \/ Yoast SEO plugin. -->","yoast_head_json":{"title":"Luckycapone App f\u00fcr iOS & Android","description":"Die Lucky Capone App bietet ein umfassendes Spielerlebnis auf iOS, Android, Windows und macOS mit ger\u00e4te\u00fcbergreifender Kontosynchronisierung. Tausende von Spielautomaten, Jackpots und Live-Dealer-Tischen sind jetzt auch unterwegs verf\u00fcgbar.","robots":{"index":"index","follow":"follow","max-snippet":"max-snippet:-1","max-image-preview":"max-image-preview:large","max-video-preview":"max-video-preview:-1"},"canonical":"https:\/\/luckycaponecasino.com\/de\/app\/","og_locale":"de_DE","og_type":"article","og_title":"Luckycapone App f\u00fcr iOS & Android","og_description":"Die Lucky Capone App bietet ein umfassendes Spielerlebnis auf iOS, Android, Windows und macOS mit ger\u00e4te\u00fcbergreifender Kontosynchronisierung. Tausende von Spielautomaten, Jackpots und Live-Dealer-Tischen sind jetzt auch unterwegs verf\u00fcgbar.","og_url":"https:\/\/luckycaponecasino.com\/de\/app\/","og_site_name":"luckycapone","article_modified_time":"2026-01-27T11:12:21+00:00","twitter_card":"summary_large_image","twitter_misc":{"Gesch\u00e4tzte Lesezeit":"1\u00a0Minute"},"schema":{"@context":"https:\/\/schema.org","@graph":[{"@type":"WebPage","@id":"https:\/\/luckycaponecasino.com\/de\/app\/","url":"https:\/\/luckycaponecasino.com\/de\/app\/","name":"Luckycapone App f\u00fcr iOS & Android","isPartOf":{"@id":"https:\/\/luckycaponecasino.com\/de\/#website"},"datePublished":"2026-01-27T08:40:06+00:00","dateModified":"2026-01-27T11:12:21+00:00","description":"Die Lucky Capone App bietet ein umfassendes Spielerlebnis auf iOS, Android, Windows und macOS mit ger\u00e4te\u00fcbergreifender Kontosynchronisierung. Tausende von Spielautomaten, Jackpots und Live-Dealer-Tischen sind jetzt auch unterwegs verf\u00fcgbar.","breadcrumb":{"@id":"https:\/\/luckycaponecasino.com\/de\/app\/#breadcrumb"},"inLanguage":"de","potentialAction":[{"@type":"ReadAction","target":["https:\/\/luckycaponecasino.com\/de\/app\/"]}]},{"@type":"BreadcrumbList","@id":"https:\/\/luckycaponecasino.com\/de\/app\/#breadcrumb","itemListElement":[{"@type":"ListItem","position":1,"name":"Luckycapone","item":"https:\/\/luckycaponecasino.com\/de\/"},{"@type":"ListItem","position":2,"name":"App"}]},{"@type":"WebSite","@id":"https:\/\/luckycaponecasino.com\/de\/#website","url":"https:\/\/luckycaponecasino.com\/de\/","name":"Luckycapone","description":"","publisher":{"@id":"https:\/\/luckycaponecasino.com\/de\/#organization"},"potentialAction":[{"@type":"SearchAction","target":{"@type":"EntryPoint","urlTemplate":"https:\/\/luckycaponecasino.com\/de\/?s={search_term_string}"},"query-input":{"@type":"PropertyValueSpecification","valueRequired":true,"valueName":"search_term_string"}}],"inLanguage":"de"},{"@type":"Organization","@id":"https:\/\/luckycaponecasino.com\/de\/#organization","name":"Luckycapone","url":"https:\/\/luckycaponecasino.com\/de\/","logo":{"@type":"ImageObject","inLanguage":"de","@id":"https:\/\/luckycaponecasino.com\/de\/#\/schema\/logo\/image\/","url":"https:\/\/luckycaponecasino.com\/wp-content\/uploads\/2026\/01\/logo-luckycapone.png","contentUrl":"https:\/\/luckycaponecasino.com\/wp-content\/uploads\/2026\/01\/logo-luckycapone.png","width":70,"height":24,"caption":"Luckycapone"},"image":{"@id":"https:\/\/luckycaponecasino.com\/de\/#\/schema\/logo\/image\/"}}]}},"_links":{"self":[{"href":"https:\/\/luckycaponecasino.com\/de\/wp-json\/wp\/v2\/pages\/1417","targetHints":{"allow":["GET"]}}],"collection":[{"href":"https:\/\/luckycaponecasino.com\/de\/wp-json\/wp\/v2\/pages"}],"about":[{"href":"https:\/\/luckycaponecasino.com\/de\/wp-json\/wp\/v2\/types\/page"}],"author":[{"embeddable":true,"href":"https:\/\/luckycaponecasino.com\/de\/wp-json\/wp\/v2\/users\/1"}],"replies":[{"embeddable":true,"href":"https:\/\/luckycaponecasino.com\/de\/wp-json\/wp\/v2\/comments?post=1417"}],"version-history":[{"count":2,"href":"https:\/\/luckycaponecasino.com\/de\/wp-json\/wp\/v2\/pages\/1417\/revisions"}],"predecessor-version":[{"id":1608,"href":"https:\/\/luckycaponecasino.com\/de\/wp-json\/wp\/v2\/pages\/1417\/revisions\/1608"}],"wp:attachment":[{"href":"https:\/\/luckycaponecasino.com\/de\/wp-json\/wp\/v2\/media?parent=1417"}],"curies":[{"name":"wp","href":"https:\/\/api.w.org\/{rel}","templated":true}]}}